{"id":291,"date":"2017-02-24T09:07:06","date_gmt":"2017-02-24T09:07:06","guid":{"rendered":"https:\/\/themes.themegoods.com\/grandconference\/demo\/?page_id=291"},"modified":"2024-04-23T14:48:40","modified_gmt":"2024-04-23T14:48:40","slug":"program","status":"publish","type":"page","link":"https:\/\/www.dexeusfoundation.org\/46dexeuscongress\/program\/","title":{"rendered":"DETAILED PROGRAM"},"content":{"rendered":"<div  class=\"one withsmallpadding ppb_header \" style=\"text-align:left;padding:40px 0 40px 0;\" >\n<div class=\"standard_wrapper\">\n<div class=\"page_content_wrapper\">\n<div class=\"inner\">\n<div style=\"width:100%\">\n<div class=\"ppb_header_content\">\n<h3 style=\"text-align: center;\"><strong>Dexeus Congress: ART towards the future<\/strong><\/h3>\n<div class=\"tabs vertical left\">\n<ul>\n<li><a href=\"#tabs-1\">Thursday, April 25th, 2024<\/a><\/li>\n<li><a href=\"#tabs-2\">Friday, April 26th, 2024<\/a><\/li>\n<li><a href=\"#tabs-3\">Saturday, April 27th, 2024<\/a><\/li>\n<\/ul>\n<div id=\"tabs-1\" class=\"tab_wrapper\"><br class=\"clear\"\/><\/p>\n<p><span style=\"color: #003366;\"><span style=\"color: #ff99cc;\"><em><span style=\"color: #99ccff;\">Auditorium<\/span><\/em><\/span><strong><span style=\"color: #ff99cc;\"><br \/>\n13:45-14:00 <\/span>OPENING CEREMONY<br \/>\n<\/strong><\/span><\/p>\n<p><strong><br \/>\n<\/strong><span style=\"color: #ff99cc;\"><span style=\"color: #003366;\"><em><span style=\"color: #99ccff;\">Auditorium<\/span><\/em><\/span><\/span><strong><span style=\"color: #ff99cc;\"><br \/>\n14:00 \u2013 14:50 <\/span><span style=\"color: #003366;\">Session 1: Genes matter!<br \/>\n<\/span><\/strong><em><span style=\"color: #808080;\">Chairs: Joaqu\u00edn Llacer &#8211;\u00a0 Gabriela Palacios<\/span><\/em><\/p>\n<p><span style=\"color: #ff99cc;\"><strong>14:00 \u2013 14:25<br \/>\n<\/strong><\/span>Genetics and Reproductive Medicine.<br \/>\nLessons learned from the whole genome project<br \/>\n<span style=\"color: #999999;\"><em>Stylianos Antonarakis (Switzerland)<\/em><\/span><em><br \/>\n<\/em><br \/>\n<strong><span style=\"color: #ff99cc;\">14:25 \u2013 14:50<br \/>\n<\/span><\/strong>Pharmacogenomics and female infertility<br \/>\n<span style=\"color: #999999;\"><em>Livio Casarini (Italy)<\/em><\/span><\/p>\n<p><strong><span style=\"font-weight: 400; color: #222222;\"><\/p>\n<div class=\"one_half \" style=\"\"><\/span><\/strong><\/p>\n<p><strong><br \/>\n<\/strong><span style=\"color: #003366;\"><span style=\"color: #ff99cc;\"><em><span style=\"color: #99ccff;\">Auditorium<\/span><\/em><br \/>\n<strong>14:55<\/strong><\/span><\/span><strong><span style=\"color: #003366;\"><span style=\"color: #ff99cc;\"><strong> \u2013<\/strong> 16:10 <\/span>Session 2: <\/span><span style=\"color: #003366;\">1, 2, 3, Let&#8217;s start! &#8230; Stimulating differently!<br \/>\n<\/span><\/strong><span style=\"color: #003366;\"><em><span style=\"color: #808080;\">Chairs: Laura De La Fuente &#8211; Gorka Barrenetxea<\/span><\/em><\/span><strong><span style=\"color: #003366;\"><br \/>\n<\/span><\/strong><\/p>\n<p><strong><span style=\"color: #ff99cc;\">14:55 \u2013 15:20<\/span><\/strong><br \/>\nIndividualized Starting stimulating dose based on genetic profile.<br \/>\n<span style=\"color: #999999;\"><em>Ana <\/em><em>Neves (Portugal)<\/em><\/span><\/p>\n<p><strong><span style=\"color: #ff99cc;\">15:20 \u2013 15:45<\/span><\/strong><br \/>\nLate-follicular phase start of ovarian stimulation<br \/>\n<span style=\"color: #999999;\"><em>Christophe Blockeel (Belgium)<br \/>\n<\/em><\/span><br \/>\n<strong><span style=\"color: #ff99cc;\">15:45 \u2013 16:10<\/span><\/strong><br \/>\nLuteal phase start of ovarian stimulation<br \/>\n<span style=\"color: #999999;\"><em>Enrico Papaleo (Italy)\u00a0<\/em><\/span><\/p>\n<p><span style=\"color: #222222;\"><\/div>\n<div class=\"one_half last \" style=\"\">\n<\/span><strong><br \/>\n<\/strong><span style=\"color: #003366;\"><span style=\"color: #ff99cc;\"><span style=\"color: #99ccff;\"><i>Room 5<\/i><\/span><br \/>\n<strong><span style=\"color: #ff99cc;\">14:55<\/span><\/strong><\/span><\/span><strong><span style=\"color: #003366;\"><span style=\"color: #ff99cc;\"><strong> \u2013<\/strong> 16:10 <\/span><\/span>Parallel Session Embryology 1.<\/strong> Rescue in the lab: SOS eggs and embryos<br \/>\n<em><span style=\"color: #808080;\">Chairs: Silvia Mateo &#8211; Irene Boiso<\/span><\/em><\/p>\n<p><strong><span style=\"color: #ff99cc;\">14:55 \u2013 15:20<\/span><\/strong><br \/>\nImmature oocytes. When is it worth considering?<br \/>\n<span style=\"color: #999999;\"><em>Ba\u015fak Balaban (Turkey)<\/em><\/span><\/p>\n<p><strong><span style=\"color: #ff99cc;\">15:20 \u2013 15:45<\/span><\/strong><br \/>\nAbnormal fertilized oocytes. When and how to use them.<br \/>\n<span style=\"color: #999999;\"><em><span style=\"color: #999999;\">Cristina Magli (Italy)<\/span><\/em><\/span><em>\u00a0<\/em><\/p>\n<p><span style=\"color: #ff99cc;\"><strong>15:45-16:10<\/strong><\/span><br \/>\nDiscussion<\/p>\n<p><span style=\"color: #222222;\"><\/div>\n<p><br class=\"clear\"\/> <\/span><\/p>\n<p><span style=\"color: #ff99cc;\"><strong><span style=\"color: #003366;\">16:10 \u2013 16:40<\/span> COFFEE BREAK<\/strong><\/span><\/p>\n<p><span style=\"color: #ff99cc;\"><span style=\"color: #003366;\"><em><span style=\"color: #99ccff;\">Auditorium<\/span><\/em><\/span><\/span><strong><span style=\"color: #ff99cc;\"><br \/>\n16:40 \u2013 17:25<\/span><\/strong><br \/>\n<strong><em>Debate I<\/em>: <\/strong>DUAL stimulation: Double success or double trouble?<br \/>\n<em><span style=\"color: #808080;\">Chairs: Antonio Pellicer &#8211; Pedro N. Barri<\/span><\/em><br \/>\n<span style=\"color: #999999;\"><span style=\"color: #333333;\">2 is better than 1+1:<\/span>\u00a0<em>Alberto Vairelli \u00a0(Italy)<\/em><\/span><br \/>\n<span style=\"color: #999999;\"><span style=\"color: #333333;\">2 can\u2019t be better than 1+1:<\/span> \u00a0<\/span><em><span style=\"color: #999999;\">Nick Macklon (United Kingdom)<\/span><\/em><\/p>\n<p><span style=\"color: #ff99cc;\"><span style=\"color: #003366;\"><em><span style=\"color: #99ccff;\">Auditorium<\/span><\/em><\/span><\/span><strong><span style=\"color: #ff99cc;\"><span style=\"color: #003366;\"><br \/>\n17:25 \u2013 18:25 <\/span>INDUSTRY-SPONSORED SYMPOSIUM I<\/span><\/strong><\/p>\n<p><span style=\"color: #ff99cc;\"><span style=\"color: #003366;\"><em><span style=\"color: #99ccff;\">Auditorium<\/span><\/em><\/span><\/span><strong><span style=\"color: #ff99cc;\"><br \/>\n18:25 \u2013 19:10<\/span><\/strong><br \/>\n<strong><em>Debate II<\/em>: <\/strong><span lang=\"EN-US\">PCOS: In vitro maturation or simply stimulation?<br \/>\n<em><span style=\"color: #808080;\">Chairs: Isidoro Bruna &#8211; Montserrat Boada<\/span><\/em><br \/>\n<\/span><span style=\"color: #999999;\"><span style=\"color: #333333;\">IVM3.0:<\/span> <em>Michel de Vos (Belgium)\u00a0<\/em><\/span><br \/>\n<span style=\"color: #333333;\">Conventional stimulation and freeze all: <span style=\"color: #999999;\"><em>Ernesto Bosch (Spain)<\/em><\/span><\/span><\/p>\n<p><span style=\"color: #ff99cc;\"><strong><span style=\"color: #003366;\">19:10 \u2013 20:00<\/span> WELCOME RECEPTION<\/strong><\/span><\/p>\n<\/div>\n<div id=\"tabs-2\" class=\"tab_wrapper\"><br class=\"clear\"\/><\/p>\n<p><span lang=\"EN-US\" style=\"color: #ff99cc;\"><span style=\"color: #003366;\"><span style=\"color: #ff99cc;\"><em><span style=\"color: #99ccff;\">Auditorium<\/span><\/em><\/span><\/span><\/span><strong><span lang=\"EN-US\" style=\"color: #ff99cc;\"><br \/>\n08:30 \u2013 09:20 <\/span><span style=\"color: #003366;\">Session 3: \u00abSurgical problems\u00bb prior to ART<br \/>\n<\/span><\/strong><span style=\"color: #003366;\"><em><span style=\"color: #808080;\">Chairs: Jean Marc Ayoubi &#8211; Pere Barri<\/span><\/em><\/span><span style=\"color: #003366;\"><br \/>\n<\/span><\/p>\n<p><strong><span style=\"color: #ff99cc;\">08:30 \u2013 08:55<\/span><\/strong><br \/>\nWhat can hamper more ovarian reserve during endometriosis surgery?<br \/>\n<span style=\"color: #999999;\"><em>Anis Feki (Switzerland)<\/em><\/span><\/p>\n<p><strong><span style=\"color: #ff99cc;\">08:55 \u2013 09:20<\/span><\/strong><br \/>\nTraditional and novel medical treatments for controlling endometriosis<br \/>\n<span style=\"color: #999999;\"><em>Edgardo Somiglana (Italy)<\/em><\/span><\/p>\n<p><span style=\"color: #ff99cc;\"><span style=\"color: #003366;\"><em><span style=\"color: #99ccff;\">Auditorium<\/span><\/em><\/span><\/span><strong><span style=\"color: #ff99cc;\"><br \/>\n09:20 \u2013 10:35 <\/span><span style=\"color: #003366;\">Session 4: Time to \u201cfreeze time\u201d with elective fertility preservation<br \/>\n<\/span><\/strong><span style=\"color: #003366;\"><em><span style=\"color: #808080;\">Chairs: Dolors Manau &#8211; Marta Devesa<\/span><\/em><\/span><strong><span style=\"color: #003366;\"><br \/>\n<\/span><\/strong><\/p>\n<p><span style=\"color: #ff99cc;\"><strong>09:20 \u2013 09:45<\/strong><\/span><br \/>\nNew indications for fertility preservation?<br \/>\n<span style=\"color: #999999;\"><em>Kirsten Tryde Macklon (Denmark)<\/em><\/span><\/p>\n<p><span style=\"color: #ff99cc;\"><strong>09:45 \u2013 10:10<\/strong><\/span><br \/>\nWhat can patients expect from their frozen eggs?<br \/>\n<span style=\"color: #999999;\"><em>Dominic Stoop (Belgium) <\/em><\/span><\/p>\n<p><span style=\"color: #ff99cc;\"><strong>10:10 \u2013 10:35<\/strong><\/span><br \/>\nShould we to use progestins to control the LH in all fertility preservation cycles?<br \/>\n<span style=\"color: #999999;\"><em>Antonio La Marca (Italy)<\/em><\/span><\/p>\n<p><span style=\"color: #ff99cc;\"><strong><span style=\"color: #003366;\">10:35 \u2013 11:00 <\/span>COFFEE BREAK<\/strong><\/span><\/p>\n<p><span style=\"color: #ff99cc;\"><span style=\"color: #003366;\"><em><span style=\"color: #99ccff;\">Auditorium<\/span><\/em><\/span><\/span><strong><span style=\"color: #ff99cc;\"><br \/>\n11:00 \u2013 12:15 <\/span><span style=\"color: #003366;\">Session 5: <\/span><span lang=\"EN-US\" style=\"color: #003366;\">Get the balance right! Quality vs. Quantity in poor prognosis patients<br \/>\n<\/span><\/strong><span lang=\"EN-US\" style=\"color: #003366;\"><em><span style=\"color: #808080;\">Chairs: Nikolaos Polyzos &#8211; Miquel Sol\u00e9<\/span><\/em><\/span><strong><span lang=\"EN-US\" style=\"color: #003366;\"><br \/>\n<\/span><\/strong><\/p>\n<p><strong><span lang=\"EN-US\" style=\"color: #ff99cc;\"><span style=\"color: #ff99cc;\">11:00 <\/span> \u2013 11:25<br \/>\n<\/span><\/strong>Is more always the better? \u201cMild\u201d or \u201cwild\u201d ovarian stimulation for poor responders.<br \/>\n<span style=\"color: #999999;\"><em>Biljana Popovic-Todorovic (Serbia)<\/em><\/span><\/p>\n<p><strong><span style=\"color: #ff99cc;\">11:25 \u2013 11:50<\/span><\/strong><br \/>\nLive and let die! Increasing the oocytes\u2019 lifespan!<br \/>\n<span style=\"color: #999999;\"><em>Elvan Boke (Spain)<\/em><\/span><\/p>\n<p><strong><span style=\"color: #ff99cc;\">11:50 \u2013 12:15<\/span><\/strong><br \/>\n\u201cGame-over\u201d experimentation in poor ovarian responders. Switching-off unproven \u201cAdd-ons\u201d!<br \/>\n<span style=\"color: #999999;\"><em>Anja Pinborg (Denmark)<\/em><\/span><\/p>\n<p><span style=\"color: #ff99cc;\"><span style=\"color: #003366;\"><em><span style=\"color: #99ccff;\">Auditorium<\/span><\/em><\/span><\/span><strong><span style=\"color: #ff99cc;\"><span style=\"color: #003366;\"><br \/>\n12:15 \u2013 13:15 <\/span>INDUSTRY-SPONSORED SYMPOSIUM II<\/span><\/strong><\/p>\n<p><span style=\"color: #ff99cc;\"><strong><span style=\"color: #003366;\">13:40 \u2013 14:30 <\/span>LUNCH<\/strong><\/span><\/p>\n<p><span style=\"color: #ff99cc;\"><span style=\"color: #003366;\"><em><span style=\"color: #99ccff;\">Auditorium<\/span><\/em><\/span><\/span><strong><span style=\"color: #ff99cc;\"><br \/>\n14:30 \u2013 15.20 <\/span><span style=\"color: #003366;\">Session 6: AI in ART: Are we summoning the daemon?<br \/>\n<\/span><\/strong><span style=\"color: #003366;\"><em><span style=\"color: #808080;\">Chair: Nick Macklon &#8211; M\u00f3nica Parriego\u00a0<\/span><\/em><\/span><strong><span style=\"color: #003366;\"><br \/>\n<\/span><\/strong><\/p>\n<p><strong><span style=\"color: #ff99cc;\">14:30 \u2013 14:55<\/span><\/strong><br \/>\nFertility specialist versus machine learning. Who knows to stimulate best?<br \/>\n<span style=\"color: #999999;\"><em>Nikolaos Polyzos (Spain)<\/em><\/span><\/p>\n<p><strong><span style=\"color: #ff99cc;\">14:55 \u2013 15:20<\/span><\/strong><br \/>\nIs introduction of AI the future in the IVF lab?<br \/>\n<span style=\"color: #999999;\"><em>Alison Campbell (United Kingdom)<\/em><\/span><\/p>\n<p><strong><span style=\"color: #ff99cc;\"><span style=\"font-weight: 400; color: #222222;\"><\/p>\n<div class=\"one_half \" style=\"\"><\/span><\/span><\/strong><\/p>\n<p><em><span style=\"color: #ff99cc;\"><span style=\"color: #003366;\"><span style=\"color: #99ccff;\">Auditorium<\/span><\/span><\/span><\/em><strong><em><span style=\"color: #ff99cc;\"><br \/>\n15:20 \u2013 16:05<\/span><br \/>\nDebate III<\/em>: <\/strong>Time to pull the trigger for final oocyte maturation<br \/>\n<em><span style=\"color: #808080;\">Chairs: Enrique P\u00e9rez de la Blanca &#8211; Peter Humaidan<\/span><\/em><br \/>\nDual trigger for all: <span style=\"color: #999999;\"><em>Raoul Orvieto (Israel)<\/em><\/span><br \/>\nDual trigger for some: <em><span style=\"color: #999999;\">Juan Antonio Garc\u00eda Velasco (Spain)<\/span><\/em><\/p>\n<p><strong><span style=\"font-weight: 400; color: #222222;\"><\/div>\n<div class=\"one_half last \" style=\"\"><\/span><\/strong><\/p>\n<p><span style=\"color: #ff99cc;\"><span style=\"color: #003366;\"><em><span style=\"color: #99ccff;\">Room 5<\/span><\/em><\/span><\/span><strong><span style=\"color: #ff99cc;\"><br \/>\n15:20 \u2013 16:10 <\/span>Parallel Session Embryology 2.<\/strong> Big Zoom to embryo culture<br \/>\n<em><span style=\"color: #808080;\">Chairs: Marga Esbert &#8211; Gemma Arroyo<\/span><\/em><\/p>\n<p><strong><span style=\"color: #ff99cc;\">15:20 \u2013 15:45<\/span><\/strong><br \/>\nLimits and timing in embryo development<br \/>\n<span style=\"color: #999999;\"><em>Danilo Cimadomo (Italy)<\/em><\/span><\/p>\n<p><strong><span style=\"color: #ff99cc;\">15:45 \u2013 16:10<\/span><\/strong><br \/>\n<span style=\"color: #222222;\">Room for improvement in embryo culture<\/span><br \/>\n<span style=\"color: #999999;\"><em>Aisling Ahlstr\u00f6m (Sweden)<\/em><\/span><\/p>\n<p><strong><span style=\"font-weight: 400; color: #222222;\"><\/div>\n<p><br class=\"clear\"\/><\/span><\/strong><\/p>\n<p><span style=\"color: #ffffff;\"><em>.<\/em><\/span><\/p>\n<p><span style=\"color: #ff99cc;\"><span style=\"color: #003366;\"><em><span style=\"color: #99ccff;\"><span style=\"color: #ffffff;\">.<\/span><\/span><\/em><\/span><\/span><\/p>\n<p><span style=\"color: #ffffff;\"><em>.<\/em><\/span><\/p>\n<p><span style=\"color: #ffffff;\"><em>.<\/em><\/span><\/p>\n<p><span style=\"color: #ff99cc;\"><span style=\"color: #003366;\"><em><span style=\"color: #99ccff;\"><span style=\"color: #ffffff;\">.<\/span><\/span><\/em><\/span><\/span><\/p>\n<p><span style=\"color: #ff99cc;\"><span style=\"color: #003366;\"><em><span style=\"color: #99ccff;\">Auditorium<\/span><\/em><\/span><\/span><strong><span style=\"color: #ff99cc;\"><span style=\"color: #003366;\"><br \/>\n16:10 \u2013 17:10 <\/span>INDUSTRY-SPONSORED SYMPOSIUM III<\/span><\/strong><\/p>\n<p><span style=\"color: #ff99cc;\"><strong><span style=\"color: #003366;\">17:10 \u2013 17:30 <\/span>COFFEE BREAK<\/strong><\/span><\/p>\n<p><span style=\"color: #ff99cc;\"><span style=\"color: #003366;\"><em><span style=\"color: #99ccff;\">Auditorium<\/span><\/em><\/span><\/span><strong><span style=\"color: #ff99cc;\"><br \/>\n17:30 \u2013 18:45 <\/span><span style=\"color: #003366;\">Session 7: Opening the \u201cblack box\u201d of the luteal phase<br \/>\n<\/span><\/strong><span style=\"color: #003366;\"><em><span style=\"color: #808080;\">Chairs: Juan Jos\u00e9 Espin\u00f3s &#8211; Manuel \u00c1lvarez<\/span><\/em><\/span><strong><span style=\"color: #003366;\"><br \/>\n<\/span><\/strong><\/p>\n<p><strong><span style=\"color: #ff99cc;\">17:30 \u2013 17:55<\/span><\/strong><br \/>\nNatural cycle FET can we still allow planning<br \/>\n<span style=\"color: #999999;\"><em>Samuel Dos Santos Ribeiro (Portugal) <\/em><\/span><\/p>\n<p><span style=\"color: #ff99cc;\"><strong>17:55 \u2013 18:20<\/strong><\/span><br \/>\nThe luteal phase in stimulated cycles<br \/>\n<span style=\"color: #999999;\"><em>Hakan Yarali (Turkey)<\/em><\/span><\/p>\n<p><strong><span style=\"color: #ff99cc;\">18:20 \u2013 18:45<\/span><\/strong><br \/>\nThe Luteal phase in endometriosis\/adenomyosis patients.<br \/>\n<em><span style=\"color: #999999;\">Peter Humaidan (Denmark)<\/span><\/em><\/p>\n<p><strong><span style=\"color: #ff99cc;\">18:45 \u2013 19:10 <\/span>Award Jos\u00e9 Mar\u00eda Dexeus Medal<\/strong><\/p>\n<\/div>\n<div id=\"tabs-3\" class=\"tab_wrapper\"><br class=\"clear\"\/><\/p>\n<p><span style=\"color: #ff99cc;\"><span style=\"color: #003366;\"><em><span style=\"color: #99ccff;\">Auditorium<\/span><\/em><\/span><\/span><strong><span style=\"color: #ff99cc;\"><br \/>\n09:00 \u2013 09:50 <\/span><span style=\"color: #003366;\">Session 8: <\/span><span style=\"color: #003366;\">Eat right, breathe right &#038;&#8230; live right!<br \/>\n<\/span><\/strong><span style=\"color: #003366;\"><em><span style=\"color: #808080;\">Chairs: Andrea Genazzani &#8211; Antonio Gosalvez<\/span><\/em><\/span><strong><span style=\"color: #003366;\"><br \/>\n<\/span><\/strong><\/p>\n<p><strong><span style=\"color: #ff99cc;\">09:00 \u2013 09:25<\/span><\/strong><br \/>\n<span style=\"color: #000000;\">Environmental chemical exposure and fertility in women<\/span>.<br \/>\n<em><span style=\"color: #999999;\">Pauliina Damdimopoulou (Sweden)<\/span><\/em><\/p>\n<p><strong><span style=\"color: #ff99cc;\">09:25 \u2013 09:50<\/span><\/strong><br \/>\n<span style=\"color: #222222;\">The effect of weight loss and physical activity on fertility<\/span>.<br \/>\n<span style=\"color: #999999;\"><em>Signe Sorensen Torekov (Denmark)<\/em><\/span><\/p>\n<p><span style=\"color: #ff99cc;\"><span style=\"color: #003366;\"><em><span style=\"color: #99ccff;\">Auditorium<\/span><\/em><\/span><strong><br \/>\n09:50 \u2013 11:05 <\/strong><\/span><span style=\"color: #003366;\"><strong>Session 9: Can anyone see the man in the room?<br \/>\n<\/strong><em><span style=\"color: #808080;\">Chairs: Piotr Sokol &#8211; Fr\u00e9d\u00e9ric Lamazou<\/span><\/em><strong><br \/>\n<\/strong><\/span><\/p>\n<p><span style=\"color: #ff99cc;\"><strong>09:50 \u2013 10:15<\/strong><\/span><br \/>\nThe Sperm-Count &#8216;Crisis&#8217;!<br \/>\n<span style=\"color: #999999;\"><em>Allan Pacey (United Kingdom)<\/em><\/span><\/p>\n<p><strong><span style=\"color: #ff99cc;\">10.15 \u2013 10:40<\/span><\/strong><br \/>\nMale genital infections and fertility<br \/>\n<span style=\"color: #999999;\"><em>\u00c1lvaro Vives (Spain)<\/em><\/span><\/p>\n<p><strong><span style=\"color: #ff99cc;\">10:40 \u2013 11:05<\/span><\/strong><br \/>\nAutomated ICSI<br \/>\n<span style=\"color: #999999;\"><em>Nuno Costa-Borges (Spain)<\/em><\/span><\/p>\n<p><span style=\"color: #ff99cc;\"><strong><span style=\"color: #003366;\">11:05 \u2013 11:35<\/span><span style=\"color: #ff99cc;\">\u00a0COFFEE BREAK<\/span><\/strong><\/span><\/p>\n<p><span style=\"color: #ff99cc;\"><span style=\"color: #003366;\"><em><span style=\"color: #99ccff;\">Auditorium<\/span><\/em><\/span><\/span><strong><span style=\"color: #ff99cc;\"><br \/>\n11:35 \u2013 13:15 <\/span><span style=\"color: #003366;\">Session 10: <strong>Repeated implantation failure (RIF): \u201clooking under the hood\u201d<br \/>\n<\/strong><\/span><\/strong><span style=\"color: #003366;\"><em><span style=\"color: #808080;\">Chairs: Joana Pe\u00f1arrubia &#8211; Pedro N. Barri &#8211; Paul Pirtea<\/span><\/em><\/span><strong><span style=\"color: #003366;\"><strong><br \/>\n<\/strong><\/span><\/strong><\/p>\n<p><strong><span style=\"color: #ff99cc;\">11:35 \u2013 12:00<\/span><\/strong><br \/>\nLooking at the microbiome<br \/>\n<span style=\"color: #999999;\"><em>Carlos Sim\u00f3n (Spain)<\/em><\/span><\/p>\n<p><span style=\"color: #ff99cc;\"><strong>12:00 \u2013 12:25<\/strong><\/span><br \/>\nLooking at the immune profile<br \/>\n<span style=\"color: #999999;\"><em>Antonios Makrigiannakis (Greece)<\/em><\/span><\/p>\n<p><span style=\"color: #ff99cc;\"><strong>12:25 \u2013 12:50<\/strong><\/span><br \/>\nLooking inside the uterus<br \/>\n<span style=\"color: #999999;\"><em>Rudi Campo (Belgium)<\/em><\/span><\/p>\n<p><strong><span style=\"color: #ff99cc;\">12:50 \u2013 13:15<\/span><\/strong><br \/>\nLooking at nothing<br \/>\n<em><span style=\"color: #999999;\">Yacoub Khalaf (United Kingdom)<\/span> <\/em><\/p>\n<p><span style=\"color: #003366;\"><strong><span style=\"color: #ff99cc;\">13:15 <\/span>CLOSING RE<span style=\"color: #003366;\">MARK<\/span>S<\/strong><\/span><\/p>\n<\/div>\n<\/div>\n<\/div>\n<\/div>\n<\/div>\n<\/div>\n<\/div>\n<\/div>\n<div class=\"standard_wrapper\">\n<div  class=\"one\" style=\"padding:40px 0 40px 0;\" >\n<div class=\"page_content_wrapper nopadding\">\n<div class=\"inner\">\n<div id=\"17138837201877272184\" class=\"slider_wrapper\">\n<div class=\"flexslider tg_gallery \" data-height=\"750\">\n<ul class=\"slides\">\n<li><img decoding=\"async\" src=\"https:\/\/www.dexeusfoundation.org\/46dexeuscongress\/wp-content\/uploads\/2024\/03\/DexeusCongress_AD_banner_02.jpg\" alt=\"\"\/>\n<div class=\"ppb_image_caption\"><\/div>\n<\/li>\n<li><img decoding=\"async\" src=\"https:\/\/www.dexeusfoundation.org\/46dexeuscongress\/wp-content\/uploads\/2024\/04\/Banniere-UTROGESTAN-1024x200px.png\" alt=\"\"\/>\n<div class=\"ppb_image_caption\"><\/div>\n<\/li>\n<li><img decoding=\"async\" src=\"https:\/\/www.dexeusfoundation.org\/46dexeuscongress\/wp-content\/uploads\/2024\/04\/Banner-digital-dexeus.png\" alt=\"\"\/>\n<div class=\"ppb_image_caption\"><\/div>\n<\/li>\n<li><img decoding=\"async\" src=\"https:\/\/www.dexeusfoundation.org\/46dexeuscongress\/wp-content\/uploads\/2024\/04\/Version-2-Editada.jpg\" alt=\"\"\/>\n<div class=\"ppb_image_caption\"><\/div>\n<\/li>\n<li><img decoding=\"async\" src=\"https:\/\/www.dexeusfoundation.org\/46dexeuscongress\/wp-content\/uploads\/2024\/04\/IBSA_BannerFertiliy.png\" alt=\"\"\/>\n<div class=\"ppb_image_caption\"><\/div>\n<\/li>\n<\/ul>\n<\/div>\n<\/div>\n<\/div>\n<\/div>\n<\/div>\n<\/div>\n","protected":false},"excerpt":{"rendered":"<p>Dexeus Congress: ART towards the future Thursday, April 25th, 2024 Friday, April 26th, 2024 Saturday, April 27th, 2024 Auditorium 13:45-14:00 OPENING CEREMONY Auditorium 14:00 \u2013 14:50 Session 1: Genes matter! Chairs: Joaqu\u00edn Llacer &#8211;\u00a0 Gabriela Palacios 14:00 \u2013 14:25 Genetics [&hellip;]<\/p>\n","protected":false},"author":1,"featured_media":4693,"parent":0,"menu_order":0,"comment_status":"closed","ping_status":"closed","template":"","meta":{"footnotes":""},"class_list":["post-291","page","type-page","status-publish","has-post-thumbnail","hentry"],"_links":{"self":[{"href":"https:\/\/www.dexeusfoundation.org\/46dexeuscongress\/wp-json\/wp\/v2\/pages\/291","targetHints":{"allow":["GET"]}}],"collection":[{"href":"https:\/\/www.dexeusfoundation.org\/46dexeuscongress\/wp-json\/wp\/v2\/pages"}],"about":[{"href":"https:\/\/www.dexeusfoundation.org\/46dexeuscongress\/wp-json\/wp\/v2\/types\/page"}],"author":[{"embeddable":true,"href":"https:\/\/www.dexeusfoundation.org\/46dexeuscongress\/wp-json\/wp\/v2\/users\/1"}],"replies":[{"embeddable":true,"href":"https:\/\/www.dexeusfoundation.org\/46dexeuscongress\/wp-json\/wp\/v2\/comments?post=291"}],"version-history":[{"count":200,"href":"https:\/\/www.dexeusfoundation.org\/46dexeuscongress\/wp-json\/wp\/v2\/pages\/291\/revisions"}],"predecessor-version":[{"id":5861,"href":"https:\/\/www.dexeusfoundation.org\/46dexeuscongress\/wp-json\/wp\/v2\/pages\/291\/revisions\/5861"}],"wp:featuredmedia":[{"embeddable":true,"href":"https:\/\/www.dexeusfoundation.org\/46dexeuscongress\/wp-json\/wp\/v2\/media\/4693"}],"wp:attachment":[{"href":"https:\/\/www.dexeusfoundation.org\/46dexeuscongress\/wp-json\/wp\/v2\/media?parent=291"}],"curies":[{"name":"wp","href":"https:\/\/api.w.org\/{rel}","templated":true}]}}