{"id":5595,"date":"2024-02-06T15:54:03","date_gmt":"2024-02-06T15:54:03","guid":{"rendered":"https:\/\/www.dexeusfoundation.org\/46dexeuscongress\/?page_id=5595"},"modified":"2024-04-16T08:07:51","modified_gmt":"2024-04-16T08:07:51","slug":"related-congresses","status":"publish","type":"page","link":"https:\/\/www.dexeusfoundation.org\/46dexeuscongress\/related-congresses\/","title":{"rendered":"Related Congresses"},"content":{"rendered":"<div  class=\"one withsmallpadding ppb_text\" style=\"text-align:left;padding:40px 0 40px 0;\" >\n<div class=\"standard_wrapper\">\n<div class=\"page_content_wrapper\">\n<div class=\"inner\">\n<div style=\"margin:auto;width:100%\">\n<p style=\"text-align: center;\"><a href=\"https:\/\/congress.esgo.org\/\" target=\"_blank\" rel=\"noopener\"><img loading=\"lazy\" decoding=\"async\" class=\"wp-image-5598 size-full aligncenter\" src=\"https:\/\/www.dexeusfoundation.org\/46dexeuscongress\/wp-content\/uploads\/2024\/02\/ESGO24_Banner_1028x200_2.png\" alt=\"\" width=\"1024\" height=\"200\" \/><\/a><\/p>\n<p style=\"text-align: center;\"><a href=\"https:\/\/www.mcascientificevents.eu\/ecic\/?utm_source=Dexeus2024&#038;utm_medium=Mail&#038;utm_campaign=Cross_Promotion\" target=\"_blank\" rel=\"noopener\"><img loading=\"lazy\" decoding=\"async\" class=\"alignnone wp-image-5673 size-large\" src=\"https:\/\/www.dexeusfoundation.org\/46dexeuscongress\/wp-content\/uploads\/2024\/03\/ECIC-2025-banner-1024x392.jpg\" alt=\"\" width=\"1024\" height=\"392\" \/><\/a><\/p>\n<p><a href=\"https:\/\/www.mcascientificevents.eu\/ecpm\/?utm_source=Dexeus2024&#038;utm_medium=Mail&#038;utm_campaign=Cross_Promotion\" target=\"_blank\" rel=\"noopener\"> <img loading=\"lazy\" decoding=\"async\" class=\"alignnone wp-image-5674 size-large aligncenter\" src=\"https:\/\/www.dexeusfoundation.org\/46dexeuscongress\/wp-content\/uploads\/2024\/03\/EPCM-2024-banner-1024x392.jpg\" alt=\"\" width=\"1024\" height=\"392\" \/><\/a><\/p>\n<p style=\"text-align: left;\"><a href=\"https:\/\/anacer.es\/congresos\/\"><img loading=\"lazy\" decoding=\"async\" class=\"wp-image-5830 size-full aligncenter\" src=\"https:\/\/www.dexeusfoundation.org\/46dexeuscongress\/wp-content\/uploads\/2024\/04\/Banner-web-845x250-1.png\" alt=\"\" width=\"845\" height=\"250\" \/><\/a><br \/>\nQuedan pocos d\u00edas para el pr\u00f3ximo Congreso XVII #Anacer:\u00a0\ud83d\uddd3\ufe0f\u00a012, 13 y 14 de abril de 2024\u00a0\ud83d\udccd\u00a0Ciudad de Lleida En esta ocasi\u00f3n, el centro anfitri\u00f3n ser\u00e1 Cefer Lleida, bajo la direcci\u00f3n de la Dra. Gemma Valls y su equipo. El congreso abordar\u00e1 diversos temas relacionados con la reproducci\u00f3n asistida, tanto en el \u00e1mbito cl\u00ednico como en el laboratorio, siguiendo la trayectoria de a\u00f1os anteriores.<br \/>\nOs esperamos. #CongresoAnacer #ReproduccionAsistida #CiudaddeLleida<\/p>\n<\/div>\n<\/div>\n<\/div>\n<\/div>\n<\/div>\n","protected":false},"excerpt":{"rendered":"<p>Quedan pocos d\u00edas para el pr\u00f3ximo Congreso XVII #Anacer:\u00a0\ud83d\uddd3\ufe0f\u00a012, 13 y 14 de abril de 2024\u00a0\ud83d\udccd\u00a0Ciudad de Lleida En esta ocasi\u00f3n, el centro anfitri\u00f3n ser\u00e1 Cefer Lleida, bajo la direcci\u00f3n de la Dra. Gemma Valls y su equipo. El congreso [&hellip;]<\/p>\n","protected":false},"author":3,"featured_media":4693,"parent":0,"menu_order":0,"comment_status":"closed","ping_status":"closed","template":"","meta":{"footnotes":""},"class_list":["post-5595","page","type-page","status-publish","has-post-thumbnail","hentry"],"_links":{"self":[{"href":"https:\/\/www.dexeusfoundation.org\/46dexeuscongress\/wp-json\/wp\/v2\/pages\/5595","targetHints":{"allow":["GET"]}}],"collection":[{"href":"https:\/\/www.dexeusfoundation.org\/46dexeuscongress\/wp-json\/wp\/v2\/pages"}],"about":[{"href":"https:\/\/www.dexeusfoundation.org\/46dexeuscongress\/wp-json\/wp\/v2\/types\/page"}],"author":[{"embeddable":true,"href":"https:\/\/www.dexeusfoundation.org\/46dexeuscongress\/wp-json\/wp\/v2\/users\/3"}],"replies":[{"embeddable":true,"href":"https:\/\/www.dexeusfoundation.org\/46dexeuscongress\/wp-json\/wp\/v2\/comments?post=5595"}],"version-history":[{"count":14,"href":"https:\/\/www.dexeusfoundation.org\/46dexeuscongress\/wp-json\/wp\/v2\/pages\/5595\/revisions"}],"predecessor-version":[{"id":5838,"href":"https:\/\/www.dexeusfoundation.org\/46dexeuscongress\/wp-json\/wp\/v2\/pages\/5595\/revisions\/5838"}],"wp:featuredmedia":[{"embeddable":true,"href":"https:\/\/www.dexeusfoundation.org\/46dexeuscongress\/wp-json\/wp\/v2\/media\/4693"}],"wp:attachment":[{"href":"https:\/\/www.dexeusfoundation.org\/46dexeuscongress\/wp-json\/wp\/v2\/media?parent=5595"}],"curies":[{"name":"wp","href":"https:\/\/api.w.org\/{rel}","templated":true}]}}