{"id":5661,"date":"2025-08-20T09:22:52","date_gmt":"2025-08-20T07:22:52","guid":{"rendered":"https:\/\/www.dexeusfoundation.org\/sobre-nosaltres\/missio-i-valors\/"},"modified":"2025-12-09T12:25:26","modified_gmt":"2025-12-09T11:25:26","slug":"missio-i-valors","status":"publish","type":"page","link":"https:\/\/www.dexeusfoundation.org\/ca\/sobre-nosaltres\/missio-i-valors\/","title":{"rendered":"Missi\u00f3 i valors"},"content":{"rendered":"\t\t<div data-elementor-type=\"wp-page\" data-elementor-id=\"5661\" class=\"elementor elementor-5661 elementor-1991\" data-elementor-post-type=\"page\">\n\t\t\t\t<div class=\"elementor-element elementor-element-2b28a41 e-con-full e-flex e-con e-parent\" data-id=\"2b28a41\" data-element_type=\"container\" data-e-type=\"container\" data-settings=\"{&quot;jet_parallax_layout_list&quot;:[],&quot;background_background&quot;:&quot;gradient&quot;}\">\n\t\t<div class=\"elementor-element elementor-element-aae8e1e e-con-full e-flex e-con e-child\" data-id=\"aae8e1e\" data-element_type=\"container\" data-e-type=\"container\" data-settings=\"{&quot;jet_parallax_layout_list&quot;:[]}\">\n\t\t\t\t<div class=\"elementor-element elementor-element-c978df9 elementor-widget elementor-widget-heading\" data-id=\"c978df9\" data-element_type=\"widget\" data-e-type=\"widget\" data-widget_type=\"heading.default\">\n\t\t\t\t\t<h1 class=\"elementor-heading-title elementor-size-default\">Missi\u00f3 i valors<\/h1>\t\t\t\t<\/div>\n\t\t\t\t<div class=\"elementor-element elementor-element-247aa4b elementor-widget elementor-widget-heading\" data-id=\"247aa4b\" data-element_type=\"widget\" data-e-type=\"widget\" data-widget_type=\"heading.default\">\n\t\t\t\t\t<p class=\"elementor-heading-title elementor-size-default\">La nostra labor social s'encamina a l'atenci\u00f3 assistencial puntual de col\u00b7lectius vulnerables i a la difusi\u00f3 i promoci\u00f3 d'activitats cient\u00edfiques, docents i de recerca relacionades amb les especialitats d'Obstetr\u00edcia, Ginecologia i Medicina de la Reproducci\u00f3<\/p>\t\t\t\t<\/div>\n\t\t\t\t<\/div>\n\t\t<div class=\"elementor-element elementor-element-894b18a e-con-full e-flex e-con e-child\" data-id=\"894b18a\" data-element_type=\"container\" data-e-type=\"container\" data-settings=\"{&quot;jet_parallax_layout_list&quot;:[]}\">\n\t\t\t\t<div class=\"elementor-element elementor-element-16a676d elementor-widget elementor-widget-image\" data-id=\"16a676d\" data-element_type=\"widget\" data-e-type=\"widget\" data-widget_type=\"image.default\">\n\t\t\t\t\t\t\t\t\t\t\t\t\t\t\t<img fetchpriority=\"high\" decoding=\"async\" width=\"800\" height=\"484\" src=\"https:\/\/www.dexeusfoundation.org\/wp-content\/uploads\/2025\/11\/Mision-y-valores-1024x619.png\" class=\"attachment-large size-large wp-image-5660\" alt=\"\" srcset=\"https:\/\/www.dexeusfoundation.org\/wp-content\/uploads\/2025\/11\/Mision-y-valores-1024x619.png 1024w, https:\/\/www.dexeusfoundation.org\/wp-content\/uploads\/2025\/11\/Mision-y-valores-300x181.png 300w, https:\/\/www.dexeusfoundation.org\/wp-content\/uploads\/2025\/11\/Mision-y-valores-768x464.png 768w, https:\/\/www.dexeusfoundation.org\/wp-content\/uploads\/2025\/11\/Mision-y-valores.png 1122w\" sizes=\"(max-width: 800px) 100vw, 800px\" \/>\t\t\t\t\t\t\t\t\t\t\t\t\t\t\t<\/div>\n\t\t\t\t<\/div>\n\t\t\t\t<\/div>\n\t\t<div class=\"elementor-element elementor-element-a7bef5b e-flex e-con-boxed e-con e-parent\" data-id=\"a7bef5b\" data-element_type=\"container\" data-e-type=\"container\" data-settings=\"{&quot;jet_parallax_layout_list&quot;:[]}\">\n\t\t\t\t\t<div class=\"e-con-inner\">\n\t\t<div class=\"elementor-element elementor-element-3f5de54 e-con-full e-flex e-con e-child\" data-id=\"3f5de54\" data-element_type=\"container\" data-e-type=\"container\" data-settings=\"{&quot;jet_parallax_layout_list&quot;:[]}\">\n\t\t\t\t<div class=\"elementor-element elementor-element-b8302ec elementor-widget elementor-widget-heading\" data-id=\"b8302ec\" data-element_type=\"widget\" data-e-type=\"widget\" data-widget_type=\"heading.default\">\n\t\t\t\t\t<h2 class=\"elementor-heading-title elementor-size-default\">La nostra missi\u00f3<\/h2>\t\t\t\t<\/div>\n\t\t\t\t<\/div>\n\t\t<div class=\"elementor-element elementor-element-821a86c e-con-full e-flex e-con e-child\" data-id=\"821a86c\" data-element_type=\"container\" data-e-type=\"container\" data-settings=\"{&quot;jet_parallax_layout_list&quot;:[]}\">\n\t\t\t\t<div class=\"elementor-element elementor-element-b632d8f elementor-widget elementor-widget-text-editor\" data-id=\"b632d8f\" data-element_type=\"widget\" data-e-type=\"widget\" data-widget_type=\"text-editor.default\">\n\t\t\t\t\t\t\t\t\t<p>En la nostra Fundaci\u00f3 treballem amb un prop\u00f2sit molt clar: cuidar de la salut i el benestar de les dones en totes les etapes de la seva vida, des de la inf\u00e0ncia fins a la maduresa. <\/p><p>Volem que cada dona tingui acc\u00e9s als \u00faltims aven\u00e7os en Ginecologia, Obstetr\u00edcia i Reproducci\u00f3, i que tant la poblaci\u00f3 com els professionals de la salut puguin beneficiar-se del coneixement que podem aportar i la innovaci\u00f3 m\u00e8dica que impulsem a trav\u00e9s de la nostra activitat de recerca.<\/p><p>Per\u00f2 m\u00e9s enll\u00e0 de la ci\u00e8ncia, ens mou l&#8217;empatia, la solidaritat i el comprom\u00eds social. Per aix\u00f2, posem el cor en cada acci\u00f3, programa i projecte que emprenem, perqu\u00e8 tinguin un impacte real en la vida de les persones. <\/p>\t\t\t\t\t\t\t\t<\/div>\n\t\t\t\t<\/div>\n\t\t\t\t\t<\/div>\n\t\t\t\t<\/div>\n\t\t<div class=\"elementor-element elementor-element-6bbe01b e-flex e-con-boxed e-con e-parent\" data-id=\"6bbe01b\" data-element_type=\"container\" data-e-type=\"container\" data-settings=\"{&quot;jet_parallax_layout_list&quot;:[]}\">\n\t\t\t\t\t<div class=\"e-con-inner\">\n\t\t<div class=\"elementor-element elementor-element-9570f3a e-con-full e-flex e-con e-child\" data-id=\"9570f3a\" data-element_type=\"container\" data-e-type=\"container\" data-settings=\"{&quot;jet_parallax_layout_list&quot;:[]}\">\n\t\t\t\t<div class=\"elementor-element elementor-element-f716ee3 elementor-headline--style-highlight elementor-widget elementor-widget-animated-headline\" data-id=\"f716ee3\" data-element_type=\"widget\" data-e-type=\"widget\" data-settings=\"{&quot;marker&quot;:&quot;underline_zigzag&quot;,&quot;highlighted_text&quot;:&quot;ho fem realitat&quot;,&quot;headline_style&quot;:&quot;highlight&quot;,&quot;loop&quot;:&quot;yes&quot;,&quot;highlight_animation_duration&quot;:1200,&quot;highlight_iteration_delay&quot;:8000}\" data-widget_type=\"animated-headline.default\">\n\t\t\t\t\t\t\t<span class=\"elementor-headline\">\n\t\t\t\t\t<span class=\"elementor-headline-plain-text elementor-headline-text-wrapper\">All\u00f2 en qu\u00e8 creiem,<\/span>\n\t\t\t\t<span class=\"elementor-headline-dynamic-wrapper elementor-headline-text-wrapper\">\n\t\t\t\t\t<span class=\"elementor-headline-dynamic-text elementor-headline-text-active\">ho fem realitat<\/span>\n\t\t\t\t<\/span>\n\t\t\t\t<\/span>\n\t\t\t\t\t\t<\/div>\n\t\t\t\t<\/div>\n\t\t<div class=\"elementor-element elementor-element-4f7ef4f e-con-full e-flex e-con e-child\" data-id=\"4f7ef4f\" data-element_type=\"container\" data-e-type=\"container\" data-settings=\"{&quot;jet_parallax_layout_list&quot;:[]}\">\n\t\t\t\t<div class=\"elementor-element elementor-element-59945a9 elementor-widget elementor-widget-text-editor\" data-id=\"59945a9\" data-element_type=\"widget\" data-e-type=\"widget\" data-widget_type=\"text-editor.default\">\n\t\t\t\t\t\t\t\t\t<p>Els valors de la nostra Fundaci\u00f3 es reflecteixen en les nostres accions de responsabilitat social, i especialment en la labor assistencial que oferim de manera gratu\u00efta, per pr\u00f2pia iniciativa o en col\u00b7laboraci\u00f3 amb altres entitats i associacions.<\/p>\t\t\t\t\t\t\t\t<\/div>\n\t\t\t\t<\/div>\n\t\t\t\t\t<\/div>\n\t\t\t\t<\/div>\n\t\t<div class=\"elementor-element elementor-element-a32d7e2 e-flex e-con-boxed e-con e-parent\" data-id=\"a32d7e2\" data-element_type=\"container\" data-e-type=\"container\" data-settings=\"{&quot;background_background&quot;:&quot;classic&quot;,&quot;jet_parallax_layout_list&quot;:[]}\">\n\t\t\t\t\t<div class=\"e-con-inner\">\n\t\t<div class=\"elementor-element elementor-element-35d487f e-con-full e-flex e-con e-child\" data-id=\"35d487f\" data-element_type=\"container\" data-e-type=\"container\" data-settings=\"{&quot;jet_parallax_layout_list&quot;:[]}\">\n\t\t\t\t<div class=\"elementor-element elementor-element-fa0b5e5 elementor-widget elementor-widget-heading\" data-id=\"fa0b5e5\" data-element_type=\"widget\" data-e-type=\"widget\" data-widget_type=\"heading.default\">\n\t\t\t\t\t<h2 class=\"elementor-heading-title elementor-size-default\">Darrere de cada programa, hi ha una hist\u00f2ria<\/h2>\t\t\t\t<\/div>\n\t\t\t\t<div class=\"elementor-element elementor-element-c432141 elementor-widget elementor-widget-text-editor\" data-id=\"c432141\" data-element_type=\"widget\" data-e-type=\"widget\" data-widget_type=\"text-editor.default\">\n\t\t\t\t\t\t\t\t\t<p>En la Fundaci\u00f3 no sols oferim atenci\u00f3 m\u00e8dica, sin\u00f3 tamb\u00e9 suport i acompanyament. <\/p><p>Darrere de cadascun dels nostres programes hi ha un rostre, una hist\u00f2ria, vides reals. Dones que afronten moments dif\u00edcils i necessiten suport o atenci\u00f3 m\u00e8dica urgent, i professionals de la salut que posen el seu coneixement i el seu cor al servei dels altres. <\/p><p><b>Cadascuna d&#8217;elles ens recorda que la medicina va m\u00e9s enll\u00e0 dels tractaments: <\/b><\/p>\t\t\t\t\t\t\t\t<\/div>\n\t\t\t\t<div class=\"elementor-element elementor-element-d3f54c5 elementor-headline--style-rotate elementor-widget elementor-widget-animated-headline\" data-id=\"d3f54c5\" data-element_type=\"widget\" data-e-type=\"widget\" data-settings=\"{&quot;headline_style&quot;:&quot;rotate&quot;,&quot;animation_type&quot;:&quot;blinds&quot;,&quot;rotating_text&quot;:&quot;empatia\\ncuidar dels altres\\nestar present quan m\\u00e9s es necessita&quot;,&quot;rotate_iteration_delay&quot;:1500,&quot;loop&quot;:&quot;yes&quot;}\" data-widget_type=\"animated-headline.default\">\n\t\t\t\t\t\t\t<span class=\"elementor-headline elementor-headline-animation-type-blinds elementor-headline-letters\">\n\t\t\t\t\t<span class=\"elementor-headline-plain-text elementor-headline-text-wrapper\">\u00c9s<\/span>\n\t\t\t\t<span class=\"elementor-headline-dynamic-wrapper elementor-headline-text-wrapper\">\n\t\t\t\t\t<span class=\"elementor-headline-dynamic-text elementor-headline-text-active\">\n\t\t\t\tempatia\t\t\t<\/span>\n\t\t\t\t\t<span class=\"elementor-headline-dynamic-text\">\n\t\t\t\tcuidar&nbsp;dels&nbsp;altres\t\t\t<\/span>\n\t\t\t\t\t<span class=\"elementor-headline-dynamic-text\">\n\t\t\t\testar&nbsp;present&nbsp;quan&nbsp;m\u00e9s&nbsp;es&nbsp;necessita\t\t\t<\/span>\n\t\t\t\t\t\t<\/span>\n\t\t\t\t<\/span>\n\t\t\t\t\t\t<\/div>\n\t\t\t\t<div class=\"elementor-element elementor-element-424143c elementor-widget elementor-widget-button\" data-id=\"424143c\" data-element_type=\"widget\" data-e-type=\"widget\" data-widget_type=\"button.default\">\n\t\t\t\t\t\t\t\t\t\t<a class=\"elementor-button elementor-button-link elementor-size-sm\" href=\"https:\/\/www.dexeusfoundation.org\/ca\/accio-social\/\">\n\t\t\t\t\t\t<span class=\"elementor-button-content-wrapper\">\n\t\t\t\t\t\t\t\t\t<span class=\"elementor-button-text\">Descobreix tot el que fem<\/span>\n\t\t\t\t\t<\/span>\n\t\t\t\t\t<\/a>\n\t\t\t\t\t\t\t\t<\/div>\n\t\t\t\t<\/div>\n\t\t<div class=\"elementor-element elementor-element-75c94aa e-con-full e-flex e-con e-child\" data-id=\"75c94aa\" data-element_type=\"container\" data-e-type=\"container\" data-settings=\"{&quot;jet_parallax_layout_list&quot;:[],&quot;background_background&quot;:&quot;classic&quot;}\">\n\t\t\t\t<\/div>\n\t\t\t\t\t<\/div>\n\t\t\t\t<\/div>\n\t\t\t\t<\/div>\n\t\t","protected":false},"excerpt":{"rendered":"<p>La nostra labor social s&#8217;encamina a l&#8217;atenci\u00f3 assistencial puntual de col\u00b7lectius vulnerables i a la difusi\u00f3 i promoci\u00f3 d&#8217;activitats cient\u00edfiques, docents i de recerca relacionades amb les especialitats d&#8217;Obstetr\u00edcia, Ginecologia i Medicina de la Reproducci\u00f3 La nostra missi\u00f3 En la nostra Fundaci\u00f3 treballem amb un prop\u00f2sit molt clar: cuidar de la salut i el benestar [&hellip;]<\/p>\n","protected":false},"author":1,"featured_media":5660,"parent":5648,"menu_order":0,"comment_status":"closed","ping_status":"closed","template":"","meta":{"footnotes":""},"class_list":["post-5661","page","type-page","status-publish","has-post-thumbnail","hentry"],"yoast_head":"<!-- This site is optimized with the Yoast SEO plugin v27.0 - https:\/\/yoast.com\/product\/yoast-seo-wordpress\/ -->\n<title>Missi\u00f3 i valors - Fundaci\u00f3n Dexeus Mujer<\/title>\n<meta name=\"description\" content=\"La nostra labor social s&#039;encamina a l&#039;atenci\u00f3 assistencial puntual de col\u00b7lectius vulnerables i a la difusi\u00f3 i promoci\u00f3 d&#039;activitats cient\u00edfiques, docents\" \/>\n<meta name=\"robots\" content=\"index, follow, max-snippet:-1, max-image-preview:large, max-video-preview:-1\" \/>\n<link rel=\"canonical\" href=\"https:\/\/www.dexeusfoundation.org\/ca\/sobre-nosaltres\/missio-i-valors\/\" \/>\n<meta property=\"og:locale\" content=\"ca_ES\" \/>\n<meta property=\"og:type\" content=\"article\" \/>\n<meta property=\"og:title\" content=\"Missi\u00f3 i valors - Fundaci\u00f3n Dexeus Mujer\" \/>\n<meta property=\"og:description\" content=\"La nostra labor social s&#039;encamina a l&#039;atenci\u00f3 assistencial puntual de col\u00b7lectius vulnerables i a la difusi\u00f3 i promoci\u00f3 d&#039;activitats cient\u00edfiques, docents\" \/>\n<meta property=\"og:url\" content=\"https:\/\/www.dexeusfoundation.org\/ca\/sobre-nosaltres\/missio-i-valors\/\" \/>\n<meta property=\"og:site_name\" content=\"Fundaci\u00f3n Dexeus Mujer\" \/>\n<meta property=\"article:modified_time\" content=\"2025-12-09T11:25:26+00:00\" \/>\n<meta property=\"og:image\" content=\"https:\/\/www.dexeusfoundation.org\/wp-content\/uploads\/2025\/11\/Mision-y-valores.png\" \/>\n\t<meta property=\"og:image:width\" content=\"1122\" \/>\n\t<meta property=\"og:image:height\" content=\"678\" \/>\n\t<meta property=\"og:image:type\" content=\"image\/png\" \/>\n<meta name=\"twitter:card\" content=\"summary_large_image\" \/>\n<script type=\"application\/ld+json\" class=\"yoast-schema-graph\">{\"@context\":\"https:\/\/schema.org\",\"@graph\":[{\"@type\":\"WebPage\",\"@id\":\"https:\/\/www.dexeusfoundation.org\/ca\/sobre-nosaltres\/missio-i-valors\/\",\"url\":\"https:\/\/www.dexeusfoundation.org\/ca\/sobre-nosaltres\/missio-i-valors\/\",\"name\":\"Missi\u00f3 i valors - Fundaci\u00f3n Dexeus Mujer\",\"isPartOf\":{\"@id\":\"https:\/\/www.dexeusfoundation.org\/ca\/#website\"},\"primaryImageOfPage\":{\"@id\":\"https:\/\/www.dexeusfoundation.org\/ca\/sobre-nosaltres\/missio-i-valors\/#primaryimage\"},\"image\":{\"@id\":\"https:\/\/www.dexeusfoundation.org\/ca\/sobre-nosaltres\/missio-i-valors\/#primaryimage\"},\"thumbnailUrl\":\"https:\/\/www.dexeusfoundation.org\/wp-content\/uploads\/2025\/11\/Mision-y-valores.png\",\"datePublished\":\"2025-08-20T07:22:52+00:00\",\"dateModified\":\"2025-12-09T11:25:26+00:00\",\"description\":\"La nostra labor social s'encamina a l'atenci\u00f3 assistencial puntual de col\u00b7lectius vulnerables i a la difusi\u00f3 i promoci\u00f3 d'activitats cient\u00edfiques, docents\",\"breadcrumb\":{\"@id\":\"https:\/\/www.dexeusfoundation.org\/ca\/sobre-nosaltres\/missio-i-valors\/#breadcrumb\"},\"inLanguage\":\"ca\",\"potentialAction\":[{\"@type\":\"ReadAction\",\"target\":[\"https:\/\/www.dexeusfoundation.org\/ca\/sobre-nosaltres\/missio-i-valors\/\"]}]},{\"@type\":\"ImageObject\",\"inLanguage\":\"ca\",\"@id\":\"https:\/\/www.dexeusfoundation.org\/ca\/sobre-nosaltres\/missio-i-valors\/#primaryimage\",\"url\":\"https:\/\/www.dexeusfoundation.org\/wp-content\/uploads\/2025\/11\/Mision-y-valores.png\",\"contentUrl\":\"https:\/\/www.dexeusfoundation.org\/wp-content\/uploads\/2025\/11\/Mision-y-valores.png\",\"width\":1122,\"height\":678},{\"@type\":\"BreadcrumbList\",\"@id\":\"https:\/\/www.dexeusfoundation.org\/ca\/sobre-nosaltres\/missio-i-valors\/#breadcrumb\",\"itemListElement\":[{\"@type\":\"ListItem\",\"position\":1,\"name\":\"Portada\",\"item\":\"https:\/\/www.dexeusfoundation.org\/ca\/\"},{\"@type\":\"ListItem\",\"position\":2,\"name\":\"Sobre nosaltres\",\"item\":\"https:\/\/www.dexeusfoundation.org\/ca\/about-us\/\"},{\"@type\":\"ListItem\",\"position\":3,\"name\":\"Missi\u00f3 i valors\"}]},{\"@type\":\"WebSite\",\"@id\":\"https:\/\/www.dexeusfoundation.org\/ca\/#website\",\"url\":\"https:\/\/www.dexeusfoundation.org\/ca\/\",\"name\":\"Fundaci\u00f3n Dexeus Mujer\",\"description\":\"\",\"publisher\":{\"@id\":\"https:\/\/www.dexeusfoundation.org\/ca\/#organization\"},\"potentialAction\":[{\"@type\":\"SearchAction\",\"target\":{\"@type\":\"EntryPoint\",\"urlTemplate\":\"https:\/\/www.dexeusfoundation.org\/ca\/?s={search_term_string}\"},\"query-input\":{\"@type\":\"PropertyValueSpecification\",\"valueRequired\":true,\"valueName\":\"search_term_string\"}}],\"inLanguage\":\"ca\"},{\"@type\":\"Organization\",\"@id\":\"https:\/\/www.dexeusfoundation.org\/ca\/#organization\",\"name\":\"Fundaci\u00f3n Dexeus Mujer\",\"url\":\"https:\/\/www.dexeusfoundation.org\/ca\/\",\"logo\":{\"@type\":\"ImageObject\",\"inLanguage\":\"ca\",\"@id\":\"https:\/\/www.dexeusfoundation.org\/ca\/#\/schema\/logo\/image\/\",\"url\":\"https:\/\/www.dexeusfoundation.org\/wp-content\/uploads\/2025\/07\/Logo-Fundacion-Dexeus-Mujer.png\",\"contentUrl\":\"https:\/\/www.dexeusfoundation.org\/wp-content\/uploads\/2025\/07\/Logo-Fundacion-Dexeus-Mujer.png\",\"width\":2067,\"height\":1773,\"caption\":\"Fundaci\u00f3n Dexeus Mujer\"},\"image\":{\"@id\":\"https:\/\/www.dexeusfoundation.org\/ca\/#\/schema\/logo\/image\/\"},\"sameAs\":[\"https:\/\/es.linkedin.com\/company\/fundacion-dexeus-mujer\"]}]}<\/script>\n<!-- \/ Yoast SEO plugin. -->","yoast_head_json":{"title":"Missi\u00f3 i valors - Fundaci\u00f3n Dexeus Mujer","description":"La nostra labor social s'encamina a l'atenci\u00f3 assistencial puntual de col\u00b7lectius vulnerables i a la difusi\u00f3 i promoci\u00f3 d'activitats cient\u00edfiques, docents","robots":{"index":"index","follow":"follow","max-snippet":"max-snippet:-1","max-image-preview":"max-image-preview:large","max-video-preview":"max-video-preview:-1"},"canonical":"https:\/\/www.dexeusfoundation.org\/ca\/sobre-nosaltres\/missio-i-valors\/","og_locale":"ca_ES","og_type":"article","og_title":"Missi\u00f3 i valors - Fundaci\u00f3n Dexeus Mujer","og_description":"La nostra labor social s'encamina a l'atenci\u00f3 assistencial puntual de col\u00b7lectius vulnerables i a la difusi\u00f3 i promoci\u00f3 d'activitats cient\u00edfiques, docents","og_url":"https:\/\/www.dexeusfoundation.org\/ca\/sobre-nosaltres\/missio-i-valors\/","og_site_name":"Fundaci\u00f3n Dexeus Mujer","article_modified_time":"2025-12-09T11:25:26+00:00","og_image":[{"width":1122,"height":678,"url":"https:\/\/www.dexeusfoundation.org\/wp-content\/uploads\/2025\/11\/Mision-y-valores.png","type":"image\/png"}],"twitter_card":"summary_large_image","schema":{"@context":"https:\/\/schema.org","@graph":[{"@type":"WebPage","@id":"https:\/\/www.dexeusfoundation.org\/ca\/sobre-nosaltres\/missio-i-valors\/","url":"https:\/\/www.dexeusfoundation.org\/ca\/sobre-nosaltres\/missio-i-valors\/","name":"Missi\u00f3 i valors - Fundaci\u00f3n Dexeus Mujer","isPartOf":{"@id":"https:\/\/www.dexeusfoundation.org\/ca\/#website"},"primaryImageOfPage":{"@id":"https:\/\/www.dexeusfoundation.org\/ca\/sobre-nosaltres\/missio-i-valors\/#primaryimage"},"image":{"@id":"https:\/\/www.dexeusfoundation.org\/ca\/sobre-nosaltres\/missio-i-valors\/#primaryimage"},"thumbnailUrl":"https:\/\/www.dexeusfoundation.org\/wp-content\/uploads\/2025\/11\/Mision-y-valores.png","datePublished":"2025-08-20T07:22:52+00:00","dateModified":"2025-12-09T11:25:26+00:00","description":"La nostra labor social s'encamina a l'atenci\u00f3 assistencial puntual de col\u00b7lectius vulnerables i a la difusi\u00f3 i promoci\u00f3 d'activitats cient\u00edfiques, docents","breadcrumb":{"@id":"https:\/\/www.dexeusfoundation.org\/ca\/sobre-nosaltres\/missio-i-valors\/#breadcrumb"},"inLanguage":"ca","potentialAction":[{"@type":"ReadAction","target":["https:\/\/www.dexeusfoundation.org\/ca\/sobre-nosaltres\/missio-i-valors\/"]}]},{"@type":"ImageObject","inLanguage":"ca","@id":"https:\/\/www.dexeusfoundation.org\/ca\/sobre-nosaltres\/missio-i-valors\/#primaryimage","url":"https:\/\/www.dexeusfoundation.org\/wp-content\/uploads\/2025\/11\/Mision-y-valores.png","contentUrl":"https:\/\/www.dexeusfoundation.org\/wp-content\/uploads\/2025\/11\/Mision-y-valores.png","width":1122,"height":678},{"@type":"BreadcrumbList","@id":"https:\/\/www.dexeusfoundation.org\/ca\/sobre-nosaltres\/missio-i-valors\/#breadcrumb","itemListElement":[{"@type":"ListItem","position":1,"name":"Portada","item":"https:\/\/www.dexeusfoundation.org\/ca\/"},{"@type":"ListItem","position":2,"name":"Sobre nosaltres","item":"https:\/\/www.dexeusfoundation.org\/ca\/about-us\/"},{"@type":"ListItem","position":3,"name":"Missi\u00f3 i valors"}]},{"@type":"WebSite","@id":"https:\/\/www.dexeusfoundation.org\/ca\/#website","url":"https:\/\/www.dexeusfoundation.org\/ca\/","name":"Fundaci\u00f3n Dexeus Mujer","description":"","publisher":{"@id":"https:\/\/www.dexeusfoundation.org\/ca\/#organization"},"potentialAction":[{"@type":"SearchAction","target":{"@type":"EntryPoint","urlTemplate":"https:\/\/www.dexeusfoundation.org\/ca\/?s={search_term_string}"},"query-input":{"@type":"PropertyValueSpecification","valueRequired":true,"valueName":"search_term_string"}}],"inLanguage":"ca"},{"@type":"Organization","@id":"https:\/\/www.dexeusfoundation.org\/ca\/#organization","name":"Fundaci\u00f3n Dexeus Mujer","url":"https:\/\/www.dexeusfoundation.org\/ca\/","logo":{"@type":"ImageObject","inLanguage":"ca","@id":"https:\/\/www.dexeusfoundation.org\/ca\/#\/schema\/logo\/image\/","url":"https:\/\/www.dexeusfoundation.org\/wp-content\/uploads\/2025\/07\/Logo-Fundacion-Dexeus-Mujer.png","contentUrl":"https:\/\/www.dexeusfoundation.org\/wp-content\/uploads\/2025\/07\/Logo-Fundacion-Dexeus-Mujer.png","width":2067,"height":1773,"caption":"Fundaci\u00f3n Dexeus Mujer"},"image":{"@id":"https:\/\/www.dexeusfoundation.org\/ca\/#\/schema\/logo\/image\/"},"sameAs":["https:\/\/es.linkedin.com\/company\/fundacion-dexeus-mujer"]}]}},"_links":{"self":[{"href":"https:\/\/www.dexeusfoundation.org\/ca\/wp-json\/wp\/v2\/pages\/5661","targetHints":{"allow":["GET"]}}],"collection":[{"href":"https:\/\/www.dexeusfoundation.org\/ca\/wp-json\/wp\/v2\/pages"}],"about":[{"href":"https:\/\/www.dexeusfoundation.org\/ca\/wp-json\/wp\/v2\/types\/page"}],"author":[{"embeddable":true,"href":"https:\/\/www.dexeusfoundation.org\/ca\/wp-json\/wp\/v2\/users\/1"}],"replies":[{"embeddable":true,"href":"https:\/\/www.dexeusfoundation.org\/ca\/wp-json\/wp\/v2\/comments?post=5661"}],"version-history":[{"count":0,"href":"https:\/\/www.dexeusfoundation.org\/ca\/wp-json\/wp\/v2\/pages\/5661\/revisions"}],"up":[{"embeddable":true,"href":"https:\/\/www.dexeusfoundation.org\/ca\/wp-json\/wp\/v2\/pages\/5648"}],"wp:featuredmedia":[{"embeddable":true,"href":"https:\/\/www.dexeusfoundation.org\/ca\/wp-json\/wp\/v2\/media\/5660"}],"wp:attachment":[{"href":"https:\/\/www.dexeusfoundation.org\/ca\/wp-json\/wp\/v2\/media?parent=5661"}],"curies":[{"name":"wp","href":"https:\/\/api.w.org\/{rel}","templated":true}]}}