{"id":5790,"date":"2025-07-31T16:20:48","date_gmt":"2025-07-31T14:20:48","guid":{"rendered":"https:\/\/www.dexeusfoundation.org\/recerca\/publicacions\/"},"modified":"2025-12-09T13:02:35","modified_gmt":"2025-12-09T12:02:35","slug":"publicacions","status":"publish","type":"page","link":"https:\/\/www.dexeusfoundation.org\/ca\/recerca\/publicacions\/","title":{"rendered":"Publicacions"},"content":{"rendered":"\t\t<div data-elementor-type=\"wp-page\" data-elementor-id=\"5790\" class=\"elementor elementor-5790 elementor-78\" data-elementor-post-type=\"page\">\n\t\t\t\t<div class=\"elementor-element elementor-element-84616a0 e-con-full e-flex e-con e-parent\" data-id=\"84616a0\" data-element_type=\"container\" data-e-type=\"container\" data-settings=\"{&quot;jet_parallax_layout_list&quot;:[],&quot;background_background&quot;:&quot;gradient&quot;}\">\n\t\t<div class=\"elementor-element elementor-element-b40433a e-con-full e-flex e-con e-child\" data-id=\"b40433a\" data-element_type=\"container\" data-e-type=\"container\" data-settings=\"{&quot;jet_parallax_layout_list&quot;:[]}\">\n\t\t\t\t<div class=\"elementor-element elementor-element-31ba70c elementor-widget elementor-widget-heading\" data-id=\"31ba70c\" data-element_type=\"widget\" data-e-type=\"widget\" data-widget_type=\"heading.default\">\n\t\t\t\t\t<h1 class=\"elementor-heading-title elementor-size-default\">Publicacions<\/h1>\t\t\t\t<\/div>\n\t\t\t\t<div class=\"elementor-element elementor-element-0c1e123 elementor-widget elementor-widget-heading\" data-id=\"0c1e123\" data-element_type=\"widget\" data-e-type=\"widget\" data-widget_type=\"heading.default\">\n\t\t\t\t\t<p class=\"elementor-heading-title elementor-size-default\">La nostra Fundaci\u00f3 dona suport a la publicaci\u00f3 d'estudis en revistes cient\u00edfiques per promoure aven\u00e7os m\u00e8dics que tinguin un impacte benefici\u00f3s en la salut de les dones<\/p>\t\t\t\t<\/div>\n\t\t\t\t<\/div>\n\t\t<div class=\"elementor-element elementor-element-10fb6d6 e-con-full e-flex e-con e-child\" data-id=\"10fb6d6\" data-element_type=\"container\" data-e-type=\"container\" data-settings=\"{&quot;jet_parallax_layout_list&quot;:[]}\">\n\t\t\t\t<div class=\"elementor-element elementor-element-40948a9 elementor-widget elementor-widget-image\" data-id=\"40948a9\" data-element_type=\"widget\" data-e-type=\"widget\" data-widget_type=\"image.default\">\n\t\t\t\t\t\t\t\t\t\t\t\t\t\t\t<img fetchpriority=\"high\" decoding=\"async\" width=\"800\" height=\"450\" src=\"https:\/\/www.dexeusfoundation.org\/wp-content\/uploads\/2025\/11\/Publicaciones-cientificas-1024x576.jpg\" class=\"attachment-large size-large wp-image-5789\" alt=\"\" srcset=\"https:\/\/www.dexeusfoundation.org\/wp-content\/uploads\/2025\/11\/Publicaciones-cientificas-1024x576.jpg 1024w, https:\/\/www.dexeusfoundation.org\/wp-content\/uploads\/2025\/11\/Publicaciones-cientificas-300x169.jpg 300w, https:\/\/www.dexeusfoundation.org\/wp-content\/uploads\/2025\/11\/Publicaciones-cientificas-768x432.jpg 768w, https:\/\/www.dexeusfoundation.org\/wp-content\/uploads\/2025\/11\/Publicaciones-cientificas-1536x864.jpg 1536w, https:\/\/www.dexeusfoundation.org\/wp-content\/uploads\/2025\/11\/Publicaciones-cientificas.jpg 2000w\" sizes=\"(max-width: 800px) 100vw, 800px\" \/>\t\t\t\t\t\t\t\t\t\t\t\t\t\t\t<\/div>\n\t\t\t\t<\/div>\n\t\t\t\t<\/div>\n\t\t<div class=\"elementor-element elementor-element-f31f822 e-flex e-con-boxed e-con e-parent\" data-id=\"f31f822\" data-element_type=\"container\" data-e-type=\"container\" data-settings=\"{&quot;jet_parallax_layout_list&quot;:[]}\">\n\t\t\t\t\t<div class=\"e-con-inner\">\n\t\t<div class=\"elementor-element elementor-element-8d487e3 e-con-full e-flex e-con e-child\" data-id=\"8d487e3\" data-element_type=\"container\" data-e-type=\"container\" data-settings=\"{&quot;jet_parallax_layout_list&quot;:[]}\">\n\t\t\t\t<div class=\"elementor-element elementor-element-8d217d5 elementor-widget elementor-widget-heading\" data-id=\"8d217d5\" data-element_type=\"widget\" data-e-type=\"widget\" data-widget_type=\"heading.default\">\n\t\t\t\t\t<h2 class=\"elementor-heading-title elementor-size-default\">Mitjan\u00e7ant la recerca, \nmillorem l'atenci\u00f3 m\u00e8dica<\/h2>\t\t\t\t<\/div>\n\t\t\t\t<\/div>\n\t\t<div class=\"elementor-element elementor-element-fc36e1e e-con-full e-flex e-con e-child\" data-id=\"fc36e1e\" data-element_type=\"container\" data-e-type=\"container\" data-settings=\"{&quot;jet_parallax_layout_list&quot;:[]}\">\n\t\t\t\t<div class=\"elementor-element elementor-element-d68586c elementor-widget elementor-widget-text-editor\" data-id=\"d68586c\" data-element_type=\"widget\" data-e-type=\"widget\" data-widget_type=\"text-editor.default\">\n\t\t\t\t\t\t\t\t\t<p>La Fundaci\u00f3 promou la publicaci\u00f3 en revistes cient\u00edfiques d&#8217;alt impacte, ja que aix\u00f2 permet validar i difondre la recerca internacionalment, arribant a professionals i experts que la poden aplicar a la pr\u00e0ctica cl\u00ednica.<\/p><p>Aix\u00f2 tamb\u00e9 proporciona un reconeixement acad\u00e8mic i professional al nostre equip i a la nostra activitat cient\u00edfica, i augmenta la possibilitat de col\u00b7laboracions i que el coneixement generat tingui un impacte real en la societat.<\/p><p>Per facilitar aquesta tasca, la Fundaci\u00f3 ofereix als seus professionals assessorament metodol\u00f2gic a trav\u00e9s de la Unitat de Suport a la Recerca i suport cient\u00edfic dels responsables d\u2019R+D de cada l\u00ednia.<\/p>\t\t\t\t\t\t\t\t<\/div>\n\t\t\t\t<div class=\"elementor-element elementor-element-d7eebcc elementor-align-start elementor-icon-list--layout-traditional elementor-list-item-link-full_width elementor-widget elementor-widget-icon-list\" data-id=\"d7eebcc\" data-element_type=\"widget\" data-e-type=\"widget\" data-widget_type=\"icon-list.default\">\n\t\t\t\t\t\t\t<ul class=\"elementor-icon-list-items\">\n\t\t\t\t\t\t\t<li class=\"elementor-icon-list-item\">\n\t\t\t\t\t\t\t\t\t\t\t<a href=\"https:\/\/pubmed.ncbi.nlm.nih.gov\/?term=dexeus+AND+%28gynecology+OR+%22REPRODUCTIVE+MEDICINE%22+OR+OBSTETRICS+OR+Fertility%29&#038;sort=date\" target=\"_blank\">\n\n\t\t\t\t\t\t\t\t\t\t\t\t<span class=\"elementor-icon-list-icon\">\n\t\t\t\t\t\t\t<svg aria-hidden=\"true\" class=\"e-font-icon-svg e-fas-arrow-right\" viewBox=\"0 0 448 512\" xmlns=\"http:\/\/www.w3.org\/2000\/svg\"><path d=\"M190.5 66.9l22.2-22.2c9.4-9.4 24.6-9.4 33.9 0L441 239c9.4 9.4 9.4 24.6 0 33.9L246.6 467.3c-9.4 9.4-24.6 9.4-33.9 0l-22.2-22.2c-9.5-9.5-9.3-25 .4-34.3L311.4 296H24c-13.3 0-24-10.7-24-24v-32c0-13.3 10.7-24 24-24h287.4L190.9 101.2c-9.8-9.3-10-24.8-.4-34.3z\"><\/path><\/svg>\t\t\t\t\t\t<\/span>\n\t\t\t\t\t\t\t\t\t\t<span class=\"elementor-icon-list-text\">Articles m\u00e9s recents publicats pel Departament a PubMed<\/span>\n\t\t\t\t\t\t\t\t\t\t\t<\/a>\n\t\t\t\t\t\t\t\t\t<\/li>\n\t\t\t\t\t\t<\/ul>\n\t\t\t\t\t\t<\/div>\n\t\t\t\t<\/div>\n\t\t\t\t\t<\/div>\n\t\t\t\t<\/div>\n\t\t\t\t<\/div>\n\t\t","protected":false},"excerpt":{"rendered":"<p>Publicacions amb un alt impacte a la comunitat cient\u00edfica.<\/p>\n","protected":false},"author":1,"featured_media":5789,"parent":5784,"menu_order":0,"comment_status":"closed","ping_status":"closed","template":"","meta":{"footnotes":""},"class_list":["post-5790","page","type-page","status-publish","has-post-thumbnail","hentry"],"yoast_head":"<!-- This site is optimized with the Yoast SEO plugin v27.0 - https:\/\/yoast.com\/product\/yoast-seo-wordpress\/ -->\n<title>Publicacions - Fundaci\u00f3n Dexeus Mujer<\/title>\n<meta name=\"description\" content=\"Publicacions amb un alt impacte a la comunitat cient\u00edfica.\" \/>\n<meta name=\"robots\" content=\"index, follow, max-snippet:-1, max-image-preview:large, max-video-preview:-1\" \/>\n<link rel=\"canonical\" href=\"https:\/\/www.dexeusfoundation.org\/ca\/recerca\/publicacions\/\" \/>\n<meta property=\"og:locale\" content=\"ca_ES\" \/>\n<meta property=\"og:type\" content=\"article\" \/>\n<meta property=\"og:title\" content=\"Publicacions - Fundaci\u00f3n Dexeus Mujer\" \/>\n<meta property=\"og:description\" content=\"Publicacions amb un alt impacte a la comunitat cient\u00edfica.\" \/>\n<meta property=\"og:url\" content=\"https:\/\/www.dexeusfoundation.org\/ca\/recerca\/publicacions\/\" \/>\n<meta property=\"og:site_name\" content=\"Fundaci\u00f3n Dexeus Mujer\" \/>\n<meta property=\"article:modified_time\" content=\"2025-12-09T12:02:35+00:00\" \/>\n<meta property=\"og:image\" content=\"https:\/\/www.dexeusfoundation.org\/wp-content\/uploads\/2025\/11\/Publicaciones-cientificas.jpg\" \/>\n\t<meta property=\"og:image:width\" content=\"2000\" \/>\n\t<meta property=\"og:image:height\" content=\"1125\" \/>\n\t<meta property=\"og:image:type\" content=\"image\/jpeg\" \/>\n<meta name=\"twitter:card\" content=\"summary_large_image\" \/>\n<script type=\"application\/ld+json\" class=\"yoast-schema-graph\">{\"@context\":\"https:\/\/schema.org\",\"@graph\":[{\"@type\":\"WebPage\",\"@id\":\"https:\/\/www.dexeusfoundation.org\/ca\/recerca\/publicacions\/\",\"url\":\"https:\/\/www.dexeusfoundation.org\/ca\/recerca\/publicacions\/\",\"name\":\"Publicacions - Fundaci\u00f3n Dexeus Mujer\",\"isPartOf\":{\"@id\":\"https:\/\/www.dexeusfoundation.org\/ca\/#website\"},\"primaryImageOfPage\":{\"@id\":\"https:\/\/www.dexeusfoundation.org\/ca\/recerca\/publicacions\/#primaryimage\"},\"image\":{\"@id\":\"https:\/\/www.dexeusfoundation.org\/ca\/recerca\/publicacions\/#primaryimage\"},\"thumbnailUrl\":\"https:\/\/www.dexeusfoundation.org\/wp-content\/uploads\/2025\/11\/Publicaciones-cientificas.jpg\",\"datePublished\":\"2025-07-31T14:20:48+00:00\",\"dateModified\":\"2025-12-09T12:02:35+00:00\",\"description\":\"Publicacions amb un alt impacte a la comunitat cient\u00edfica.\",\"breadcrumb\":{\"@id\":\"https:\/\/www.dexeusfoundation.org\/ca\/recerca\/publicacions\/#breadcrumb\"},\"inLanguage\":\"ca\",\"potentialAction\":[{\"@type\":\"ReadAction\",\"target\":[\"https:\/\/www.dexeusfoundation.org\/ca\/recerca\/publicacions\/\"]}]},{\"@type\":\"ImageObject\",\"inLanguage\":\"ca\",\"@id\":\"https:\/\/www.dexeusfoundation.org\/ca\/recerca\/publicacions\/#primaryimage\",\"url\":\"https:\/\/www.dexeusfoundation.org\/wp-content\/uploads\/2025\/11\/Publicaciones-cientificas.jpg\",\"contentUrl\":\"https:\/\/www.dexeusfoundation.org\/wp-content\/uploads\/2025\/11\/Publicaciones-cientificas.jpg\",\"width\":2000,\"height\":1125},{\"@type\":\"BreadcrumbList\",\"@id\":\"https:\/\/www.dexeusfoundation.org\/ca\/recerca\/publicacions\/#breadcrumb\",\"itemListElement\":[{\"@type\":\"ListItem\",\"position\":1,\"name\":\"Portada\",\"item\":\"https:\/\/www.dexeusfoundation.org\/ca\/fundacio-dexeus-dona\/\"},{\"@type\":\"ListItem\",\"position\":2,\"name\":\"Recerca\",\"item\":\"https:\/\/www.dexeusfoundation.org\/ca\/recerca\/\"},{\"@type\":\"ListItem\",\"position\":3,\"name\":\"Publicacions\"}]},{\"@type\":\"WebSite\",\"@id\":\"https:\/\/www.dexeusfoundation.org\/ca\/#website\",\"url\":\"https:\/\/www.dexeusfoundation.org\/ca\/\",\"name\":\"Fundaci\u00f3n Dexeus Mujer\",\"description\":\"\",\"publisher\":{\"@id\":\"https:\/\/www.dexeusfoundation.org\/ca\/#organization\"},\"potentialAction\":[{\"@type\":\"SearchAction\",\"target\":{\"@type\":\"EntryPoint\",\"urlTemplate\":\"https:\/\/www.dexeusfoundation.org\/ca\/?s={search_term_string}\"},\"query-input\":{\"@type\":\"PropertyValueSpecification\",\"valueRequired\":true,\"valueName\":\"search_term_string\"}}],\"inLanguage\":\"ca\"},{\"@type\":\"Organization\",\"@id\":\"https:\/\/www.dexeusfoundation.org\/ca\/#organization\",\"name\":\"Fundaci\u00f3n Dexeus Mujer\",\"url\":\"https:\/\/www.dexeusfoundation.org\/ca\/\",\"logo\":{\"@type\":\"ImageObject\",\"inLanguage\":\"ca\",\"@id\":\"https:\/\/www.dexeusfoundation.org\/ca\/#\/schema\/logo\/image\/\",\"url\":\"https:\/\/www.dexeusfoundation.org\/wp-content\/uploads\/2025\/07\/Logo-Fundacion-Dexeus-Mujer.png\",\"contentUrl\":\"https:\/\/www.dexeusfoundation.org\/wp-content\/uploads\/2025\/07\/Logo-Fundacion-Dexeus-Mujer.png\",\"width\":2067,\"height\":1773,\"caption\":\"Fundaci\u00f3n Dexeus Mujer\"},\"image\":{\"@id\":\"https:\/\/www.dexeusfoundation.org\/ca\/#\/schema\/logo\/image\/\"},\"sameAs\":[\"https:\/\/es.linkedin.com\/company\/fundacion-dexeus-mujer\"]}]}<\/script>\n<!-- \/ Yoast SEO plugin. -->","yoast_head_json":{"title":"Publicacions - Fundaci\u00f3n Dexeus Mujer","description":"Publicacions amb un alt impacte a la comunitat cient\u00edfica.","robots":{"index":"index","follow":"follow","max-snippet":"max-snippet:-1","max-image-preview":"max-image-preview:large","max-video-preview":"max-video-preview:-1"},"canonical":"https:\/\/www.dexeusfoundation.org\/ca\/recerca\/publicacions\/","og_locale":"ca_ES","og_type":"article","og_title":"Publicacions - Fundaci\u00f3n Dexeus Mujer","og_description":"Publicacions amb un alt impacte a la comunitat cient\u00edfica.","og_url":"https:\/\/www.dexeusfoundation.org\/ca\/recerca\/publicacions\/","og_site_name":"Fundaci\u00f3n Dexeus Mujer","article_modified_time":"2025-12-09T12:02:35+00:00","og_image":[{"width":2000,"height":1125,"url":"https:\/\/www.dexeusfoundation.org\/wp-content\/uploads\/2025\/11\/Publicaciones-cientificas.jpg","type":"image\/jpeg"}],"twitter_card":"summary_large_image","schema":{"@context":"https:\/\/schema.org","@graph":[{"@type":"WebPage","@id":"https:\/\/www.dexeusfoundation.org\/ca\/recerca\/publicacions\/","url":"https:\/\/www.dexeusfoundation.org\/ca\/recerca\/publicacions\/","name":"Publicacions - Fundaci\u00f3n Dexeus Mujer","isPartOf":{"@id":"https:\/\/www.dexeusfoundation.org\/ca\/#website"},"primaryImageOfPage":{"@id":"https:\/\/www.dexeusfoundation.org\/ca\/recerca\/publicacions\/#primaryimage"},"image":{"@id":"https:\/\/www.dexeusfoundation.org\/ca\/recerca\/publicacions\/#primaryimage"},"thumbnailUrl":"https:\/\/www.dexeusfoundation.org\/wp-content\/uploads\/2025\/11\/Publicaciones-cientificas.jpg","datePublished":"2025-07-31T14:20:48+00:00","dateModified":"2025-12-09T12:02:35+00:00","description":"Publicacions amb un alt impacte a la comunitat cient\u00edfica.","breadcrumb":{"@id":"https:\/\/www.dexeusfoundation.org\/ca\/recerca\/publicacions\/#breadcrumb"},"inLanguage":"ca","potentialAction":[{"@type":"ReadAction","target":["https:\/\/www.dexeusfoundation.org\/ca\/recerca\/publicacions\/"]}]},{"@type":"ImageObject","inLanguage":"ca","@id":"https:\/\/www.dexeusfoundation.org\/ca\/recerca\/publicacions\/#primaryimage","url":"https:\/\/www.dexeusfoundation.org\/wp-content\/uploads\/2025\/11\/Publicaciones-cientificas.jpg","contentUrl":"https:\/\/www.dexeusfoundation.org\/wp-content\/uploads\/2025\/11\/Publicaciones-cientificas.jpg","width":2000,"height":1125},{"@type":"BreadcrumbList","@id":"https:\/\/www.dexeusfoundation.org\/ca\/recerca\/publicacions\/#breadcrumb","itemListElement":[{"@type":"ListItem","position":1,"name":"Portada","item":"https:\/\/www.dexeusfoundation.org\/ca\/fundacio-dexeus-dona\/"},{"@type":"ListItem","position":2,"name":"Recerca","item":"https:\/\/www.dexeusfoundation.org\/ca\/recerca\/"},{"@type":"ListItem","position":3,"name":"Publicacions"}]},{"@type":"WebSite","@id":"https:\/\/www.dexeusfoundation.org\/ca\/#website","url":"https:\/\/www.dexeusfoundation.org\/ca\/","name":"Fundaci\u00f3n Dexeus Mujer","description":"","publisher":{"@id":"https:\/\/www.dexeusfoundation.org\/ca\/#organization"},"potentialAction":[{"@type":"SearchAction","target":{"@type":"EntryPoint","urlTemplate":"https:\/\/www.dexeusfoundation.org\/ca\/?s={search_term_string}"},"query-input":{"@type":"PropertyValueSpecification","valueRequired":true,"valueName":"search_term_string"}}],"inLanguage":"ca"},{"@type":"Organization","@id":"https:\/\/www.dexeusfoundation.org\/ca\/#organization","name":"Fundaci\u00f3n Dexeus Mujer","url":"https:\/\/www.dexeusfoundation.org\/ca\/","logo":{"@type":"ImageObject","inLanguage":"ca","@id":"https:\/\/www.dexeusfoundation.org\/ca\/#\/schema\/logo\/image\/","url":"https:\/\/www.dexeusfoundation.org\/wp-content\/uploads\/2025\/07\/Logo-Fundacion-Dexeus-Mujer.png","contentUrl":"https:\/\/www.dexeusfoundation.org\/wp-content\/uploads\/2025\/07\/Logo-Fundacion-Dexeus-Mujer.png","width":2067,"height":1773,"caption":"Fundaci\u00f3n Dexeus Mujer"},"image":{"@id":"https:\/\/www.dexeusfoundation.org\/ca\/#\/schema\/logo\/image\/"},"sameAs":["https:\/\/es.linkedin.com\/company\/fundacion-dexeus-mujer"]}]}},"_links":{"self":[{"href":"https:\/\/www.dexeusfoundation.org\/ca\/wp-json\/wp\/v2\/pages\/5790","targetHints":{"allow":["GET"]}}],"collection":[{"href":"https:\/\/www.dexeusfoundation.org\/ca\/wp-json\/wp\/v2\/pages"}],"about":[{"href":"https:\/\/www.dexeusfoundation.org\/ca\/wp-json\/wp\/v2\/types\/page"}],"author":[{"embeddable":true,"href":"https:\/\/www.dexeusfoundation.org\/ca\/wp-json\/wp\/v2\/users\/1"}],"replies":[{"embeddable":true,"href":"https:\/\/www.dexeusfoundation.org\/ca\/wp-json\/wp\/v2\/comments?post=5790"}],"version-history":[{"count":0,"href":"https:\/\/www.dexeusfoundation.org\/ca\/wp-json\/wp\/v2\/pages\/5790\/revisions"}],"up":[{"embeddable":true,"href":"https:\/\/www.dexeusfoundation.org\/ca\/wp-json\/wp\/v2\/pages\/5784"}],"wp:featuredmedia":[{"embeddable":true,"href":"https:\/\/www.dexeusfoundation.org\/ca\/wp-json\/wp\/v2\/media\/5789"}],"wp:attachment":[{"href":"https:\/\/www.dexeusfoundation.org\/ca\/wp-json\/wp\/v2\/media?parent=5790"}],"curies":[{"name":"wp","href":"https:\/\/api.w.org\/{rel}","templated":true}]}}