{"id":5794,"date":"2025-07-31T16:21:07","date_gmt":"2025-07-31T14:21:07","guid":{"rendered":"https:\/\/www.dexeusfoundation.org\/recerca\/estudis-i-assaigs-clinics\/"},"modified":"2025-12-09T13:03:41","modified_gmt":"2025-12-09T12:03:41","slug":"estudis-i-assaigs-clinics","status":"publish","type":"page","link":"https:\/\/www.dexeusfoundation.org\/ca\/recerca\/estudis-i-assaigs-clinics\/","title":{"rendered":"Estudis i assaigs cl\u00ednics"},"content":{"rendered":"\t\t<div data-elementor-type=\"wp-page\" data-elementor-id=\"5794\" class=\"elementor elementor-5794 elementor-80\" data-elementor-post-type=\"page\">\n\t\t\t\t<div class=\"elementor-element elementor-element-82d6b72 e-con-full e-flex e-con e-parent\" data-id=\"82d6b72\" data-element_type=\"container\" data-e-type=\"container\" data-settings=\"{&quot;jet_parallax_layout_list&quot;:[],&quot;background_background&quot;:&quot;gradient&quot;}\">\n\t\t<div class=\"elementor-element elementor-element-7d1e8bf e-con-full e-flex e-con e-child\" data-id=\"7d1e8bf\" data-element_type=\"container\" data-e-type=\"container\" data-settings=\"{&quot;jet_parallax_layout_list&quot;:[]}\">\n\t\t\t\t<div class=\"elementor-element elementor-element-64385ff elementor-widget elementor-widget-heading\" data-id=\"64385ff\" data-element_type=\"widget\" data-e-type=\"widget\" data-widget_type=\"heading.default\">\n\t\t\t\t\t<h1 class=\"elementor-heading-title elementor-size-default\">Estudis i assaigs cl\u00ednics<\/h1>\t\t\t\t<\/div>\n\t\t\t\t<div class=\"elementor-element elementor-element-95a4d21 elementor-widget elementor-widget-heading\" data-id=\"95a4d21\" data-element_type=\"widget\" data-e-type=\"widget\" data-widget_type=\"heading.default\">\n\t\t\t\t\t<p class=\"elementor-heading-title elementor-size-default\">A trav\u00e9s de la Fundaci\u00f3, duem a terme assaigs cl\u00ednics per desenvolupar noves estrat\u00e8gies terap\u00e8utiques i millorar els tractaments actuals<\/p>\t\t\t\t<\/div>\n\t\t\t\t<\/div>\n\t\t<div class=\"elementor-element elementor-element-834960d e-con-full e-flex e-con e-child\" data-id=\"834960d\" data-element_type=\"container\" data-e-type=\"container\" data-settings=\"{&quot;jet_parallax_layout_list&quot;:[]}\">\n\t\t\t\t<div class=\"elementor-element elementor-element-5da7f0c elementor-widget elementor-widget-image\" data-id=\"5da7f0c\" data-element_type=\"widget\" data-e-type=\"widget\" data-widget_type=\"image.default\">\n\t\t\t\t\t\t\t\t\t\t\t\t\t\t\t<img fetchpriority=\"high\" decoding=\"async\" width=\"800\" height=\"534\" src=\"https:\/\/www.dexeusfoundation.org\/wp-content\/uploads\/2025\/08\/Estudios-y-ensayos-clinicos-1-1024x683.jpg\" class=\"attachment-large size-large wp-image-5793\" alt=\"\" srcset=\"https:\/\/www.dexeusfoundation.org\/wp-content\/uploads\/2025\/08\/Estudios-y-ensayos-clinicos-1-1024x683.jpg 1024w, https:\/\/www.dexeusfoundation.org\/wp-content\/uploads\/2025\/08\/Estudios-y-ensayos-clinicos-1-300x200.jpg 300w, https:\/\/www.dexeusfoundation.org\/wp-content\/uploads\/2025\/08\/Estudios-y-ensayos-clinicos-1-768x512.jpg 768w, https:\/\/www.dexeusfoundation.org\/wp-content\/uploads\/2025\/08\/Estudios-y-ensayos-clinicos-1-1536x1024.jpg 1536w, https:\/\/www.dexeusfoundation.org\/wp-content\/uploads\/2025\/08\/Estudios-y-ensayos-clinicos-1-2048x1366.jpg 2048w\" sizes=\"(max-width: 800px) 100vw, 800px\" \/>\t\t\t\t\t\t\t\t\t\t\t\t\t\t\t<\/div>\n\t\t\t\t<\/div>\n\t\t\t\t<\/div>\n\t\t<div class=\"elementor-element elementor-element-353a41c e-flex e-con-boxed e-con e-parent\" data-id=\"353a41c\" data-element_type=\"container\" data-e-type=\"container\" data-settings=\"{&quot;jet_parallax_layout_list&quot;:[]}\">\n\t\t\t\t\t<div class=\"e-con-inner\">\n\t\t<div class=\"elementor-element elementor-element-a1b017e e-con-full e-flex e-con e-child\" data-id=\"a1b017e\" data-element_type=\"container\" data-e-type=\"container\" data-settings=\"{&quot;jet_parallax_layout_list&quot;:[]}\">\n\t\t\t\t<div class=\"elementor-element elementor-element-cc89363 elementor-widget elementor-widget-heading\" data-id=\"cc89363\" data-element_type=\"widget\" data-e-type=\"widget\" data-widget_type=\"heading.default\">\n\t\t\t\t\t<h2 class=\"elementor-heading-title elementor-size-default\">Principals l\u00ednies de recerca<\/h2>\t\t\t\t<\/div>\n\t\t\t\t<\/div>\n\t\t<div class=\"elementor-element elementor-element-1f382b0 e-con-full e-flex e-con e-child\" data-id=\"1f382b0\" data-element_type=\"container\" data-e-type=\"container\" data-settings=\"{&quot;jet_parallax_layout_list&quot;:[]}\">\n\t\t\t\t<div class=\"elementor-element elementor-element-7711d02 elementor-widget elementor-widget-text-editor\" data-id=\"7711d02\" data-element_type=\"widget\" data-e-type=\"widget\" data-widget_type=\"text-editor.default\">\n\t\t\t\t\t\t\t\t\t<p>Els nostres estudis se centren en \u00e0rees clau de la salut de la dona, com ara la prevenci\u00f3 de riscos en el diagn\u00f2stic prenatal, el desenvolupament de noves estrat\u00e8gies per millorar l&#8217;efic\u00e0cia de les t\u00e8cniques de reproducci\u00f3 assistida i tractaments m\u00e9s personalitzats en oncologia ginecol\u00f2gica i patologia mam\u00e0ria.<\/p><p>A m\u00e9s, promovem la recerca atorgant beques i subvencions espec\u00edfiques a investigadors que dirigeixen o participen en estudis d&#8217;inter\u00e8s en els \u00e0mbits de la ginecologia, l&#8217;obstetr\u00edcia, el diagn\u00f2stic per la imatge ginecol\u00f2gica i la reproducci\u00f3, amb l&#8217;objectiu de refor\u00e7ar les l\u00ednies d&#8217;estudi que considerem priorit\u00e0ries.<\/p>\t\t\t\t\t\t\t\t<\/div>\n\t\t\t\t<div class=\"elementor-element elementor-element-c742e4d elementor-align-start elementor-icon-list--layout-traditional elementor-list-item-link-full_width elementor-widget elementor-widget-icon-list\" data-id=\"c742e4d\" data-element_type=\"widget\" data-e-type=\"widget\" data-widget_type=\"icon-list.default\">\n\t\t\t\t\t\t\t<ul class=\"elementor-icon-list-items\">\n\t\t\t\t\t\t\t<li class=\"elementor-icon-list-item\">\n\t\t\t\t\t\t\t\t\t\t\t<a href=\"https:\/\/www.dexeus.com\/fertility\/estudios-ensayos-clinicos\/\" target=\"_blank\">\n\n\t\t\t\t\t\t\t\t\t\t\t\t<span class=\"elementor-icon-list-icon\">\n\t\t\t\t\t\t\t<svg aria-hidden=\"true\" class=\"e-font-icon-svg e-fas-arrow-right\" viewBox=\"0 0 448 512\" xmlns=\"http:\/\/www.w3.org\/2000\/svg\"><path d=\"M190.5 66.9l22.2-22.2c9.4-9.4 24.6-9.4 33.9 0L441 239c9.4 9.4 9.4 24.6 0 33.9L246.6 467.3c-9.4 9.4-24.6 9.4-33.9 0l-22.2-22.2c-9.5-9.5-9.3-25 .4-34.3L311.4 296H24c-13.3 0-24-10.7-24-24v-32c0-13.3 10.7-24 24-24h287.4L190.9 101.2c-9.8-9.3-10-24.8-.4-34.3z\"><\/path><\/svg>\t\t\t\t\t\t<\/span>\n\t\t\t\t\t\t\t\t\t\t<span class=\"elementor-icon-list-text\">Estudis i assaigs en curs<\/span>\n\t\t\t\t\t\t\t\t\t\t\t<\/a>\n\t\t\t\t\t\t\t\t\t<\/li>\n\t\t\t\t\t\t<\/ul>\n\t\t\t\t\t\t<\/div>\n\t\t\t\t<\/div>\n\t\t\t\t\t<\/div>\n\t\t\t\t<\/div>\n\t\t\t\t<\/div>\n\t\t","protected":false},"excerpt":{"rendered":"<p>Coneix les nostres l\u00ednies de recerca preferencials.<\/p>\n","protected":false},"author":1,"featured_media":5793,"parent":5784,"menu_order":0,"comment_status":"closed","ping_status":"closed","template":"","meta":{"footnotes":""},"class_list":["post-5794","page","type-page","status-publish","has-post-thumbnail","hentry"],"yoast_head":"<!-- This site is optimized with the Yoast SEO plugin v27.0 - https:\/\/yoast.com\/product\/yoast-seo-wordpress\/ -->\n<title>Estudis i assaigs cl\u00ednics - Fundaci\u00f3n Dexeus Mujer<\/title>\n<meta name=\"description\" content=\"Coneix les nostres l\u00ednies de recerca preferencials.\" \/>\n<meta name=\"robots\" content=\"index, follow, max-snippet:-1, max-image-preview:large, max-video-preview:-1\" \/>\n<link rel=\"canonical\" href=\"https:\/\/www.dexeusfoundation.org\/ca\/recerca\/estudis-i-assaigs-clinics\/\" \/>\n<meta property=\"og:locale\" content=\"ca_ES\" \/>\n<meta property=\"og:type\" content=\"article\" \/>\n<meta property=\"og:title\" content=\"Estudis i assaigs cl\u00ednics - Fundaci\u00f3n Dexeus Mujer\" \/>\n<meta property=\"og:description\" content=\"Coneix les nostres l\u00ednies de recerca preferencials.\" \/>\n<meta property=\"og:url\" content=\"https:\/\/www.dexeusfoundation.org\/ca\/recerca\/estudis-i-assaigs-clinics\/\" \/>\n<meta property=\"og:site_name\" content=\"Fundaci\u00f3n Dexeus Mujer\" \/>\n<meta property=\"article:modified_time\" content=\"2025-12-09T12:03:41+00:00\" \/>\n<meta property=\"og:image\" content=\"https:\/\/www.dexeusfoundation.org\/wp-content\/uploads\/2025\/08\/Estudios-y-ensayos-clinicos-1.jpg\" \/>\n\t<meta property=\"og:image:width\" content=\"2560\" \/>\n\t<meta property=\"og:image:height\" content=\"1707\" \/>\n\t<meta property=\"og:image:type\" content=\"image\/jpeg\" \/>\n<meta name=\"twitter:card\" content=\"summary_large_image\" \/>\n<script type=\"application\/ld+json\" class=\"yoast-schema-graph\">{\"@context\":\"https:\/\/schema.org\",\"@graph\":[{\"@type\":\"WebPage\",\"@id\":\"https:\/\/www.dexeusfoundation.org\/ca\/recerca\/estudis-i-assaigs-clinics\/\",\"url\":\"https:\/\/www.dexeusfoundation.org\/ca\/recerca\/estudis-i-assaigs-clinics\/\",\"name\":\"Estudis i assaigs cl\u00ednics - Fundaci\u00f3n Dexeus Mujer\",\"isPartOf\":{\"@id\":\"https:\/\/www.dexeusfoundation.org\/ca\/#website\"},\"primaryImageOfPage\":{\"@id\":\"https:\/\/www.dexeusfoundation.org\/ca\/recerca\/estudis-i-assaigs-clinics\/#primaryimage\"},\"image\":{\"@id\":\"https:\/\/www.dexeusfoundation.org\/ca\/recerca\/estudis-i-assaigs-clinics\/#primaryimage\"},\"thumbnailUrl\":\"https:\/\/www.dexeusfoundation.org\/wp-content\/uploads\/2025\/08\/Estudios-y-ensayos-clinicos-1.jpg\",\"datePublished\":\"2025-07-31T14:21:07+00:00\",\"dateModified\":\"2025-12-09T12:03:41+00:00\",\"description\":\"Coneix les nostres l\u00ednies de recerca preferencials.\",\"breadcrumb\":{\"@id\":\"https:\/\/www.dexeusfoundation.org\/ca\/recerca\/estudis-i-assaigs-clinics\/#breadcrumb\"},\"inLanguage\":\"ca\",\"potentialAction\":[{\"@type\":\"ReadAction\",\"target\":[\"https:\/\/www.dexeusfoundation.org\/ca\/recerca\/estudis-i-assaigs-clinics\/\"]}]},{\"@type\":\"ImageObject\",\"inLanguage\":\"ca\",\"@id\":\"https:\/\/www.dexeusfoundation.org\/ca\/recerca\/estudis-i-assaigs-clinics\/#primaryimage\",\"url\":\"https:\/\/www.dexeusfoundation.org\/wp-content\/uploads\/2025\/08\/Estudios-y-ensayos-clinicos-1.jpg\",\"contentUrl\":\"https:\/\/www.dexeusfoundation.org\/wp-content\/uploads\/2025\/08\/Estudios-y-ensayos-clinicos-1.jpg\",\"width\":2560,\"height\":1707},{\"@type\":\"BreadcrumbList\",\"@id\":\"https:\/\/www.dexeusfoundation.org\/ca\/recerca\/estudis-i-assaigs-clinics\/#breadcrumb\",\"itemListElement\":[{\"@type\":\"ListItem\",\"position\":1,\"name\":\"Portada\",\"item\":\"https:\/\/www.dexeusfoundation.org\/ca\/fundacio-dexeus-dona\/\"},{\"@type\":\"ListItem\",\"position\":2,\"name\":\"Recerca\",\"item\":\"https:\/\/www.dexeusfoundation.org\/ca\/recerca\/\"},{\"@type\":\"ListItem\",\"position\":3,\"name\":\"Estudis i assaigs cl\u00ednics\"}]},{\"@type\":\"WebSite\",\"@id\":\"https:\/\/www.dexeusfoundation.org\/ca\/#website\",\"url\":\"https:\/\/www.dexeusfoundation.org\/ca\/\",\"name\":\"Fundaci\u00f3n Dexeus Mujer\",\"description\":\"\",\"publisher\":{\"@id\":\"https:\/\/www.dexeusfoundation.org\/ca\/#organization\"},\"potentialAction\":[{\"@type\":\"SearchAction\",\"target\":{\"@type\":\"EntryPoint\",\"urlTemplate\":\"https:\/\/www.dexeusfoundation.org\/ca\/?s={search_term_string}\"},\"query-input\":{\"@type\":\"PropertyValueSpecification\",\"valueRequired\":true,\"valueName\":\"search_term_string\"}}],\"inLanguage\":\"ca\"},{\"@type\":\"Organization\",\"@id\":\"https:\/\/www.dexeusfoundation.org\/ca\/#organization\",\"name\":\"Fundaci\u00f3n Dexeus Mujer\",\"url\":\"https:\/\/www.dexeusfoundation.org\/ca\/\",\"logo\":{\"@type\":\"ImageObject\",\"inLanguage\":\"ca\",\"@id\":\"https:\/\/www.dexeusfoundation.org\/ca\/#\/schema\/logo\/image\/\",\"url\":\"https:\/\/www.dexeusfoundation.org\/wp-content\/uploads\/2025\/07\/Logo-Fundacion-Dexeus-Mujer.png\",\"contentUrl\":\"https:\/\/www.dexeusfoundation.org\/wp-content\/uploads\/2025\/07\/Logo-Fundacion-Dexeus-Mujer.png\",\"width\":2067,\"height\":1773,\"caption\":\"Fundaci\u00f3n Dexeus Mujer\"},\"image\":{\"@id\":\"https:\/\/www.dexeusfoundation.org\/ca\/#\/schema\/logo\/image\/\"},\"sameAs\":[\"https:\/\/es.linkedin.com\/company\/fundacion-dexeus-mujer\"]}]}<\/script>\n<!-- \/ Yoast SEO plugin. -->","yoast_head_json":{"title":"Estudis i assaigs cl\u00ednics - Fundaci\u00f3n Dexeus Mujer","description":"Coneix les nostres l\u00ednies de recerca preferencials.","robots":{"index":"index","follow":"follow","max-snippet":"max-snippet:-1","max-image-preview":"max-image-preview:large","max-video-preview":"max-video-preview:-1"},"canonical":"https:\/\/www.dexeusfoundation.org\/ca\/recerca\/estudis-i-assaigs-clinics\/","og_locale":"ca_ES","og_type":"article","og_title":"Estudis i assaigs cl\u00ednics - Fundaci\u00f3n Dexeus Mujer","og_description":"Coneix les nostres l\u00ednies de recerca preferencials.","og_url":"https:\/\/www.dexeusfoundation.org\/ca\/recerca\/estudis-i-assaigs-clinics\/","og_site_name":"Fundaci\u00f3n Dexeus Mujer","article_modified_time":"2025-12-09T12:03:41+00:00","og_image":[{"width":2560,"height":1707,"url":"https:\/\/www.dexeusfoundation.org\/wp-content\/uploads\/2025\/08\/Estudios-y-ensayos-clinicos-1.jpg","type":"image\/jpeg"}],"twitter_card":"summary_large_image","schema":{"@context":"https:\/\/schema.org","@graph":[{"@type":"WebPage","@id":"https:\/\/www.dexeusfoundation.org\/ca\/recerca\/estudis-i-assaigs-clinics\/","url":"https:\/\/www.dexeusfoundation.org\/ca\/recerca\/estudis-i-assaigs-clinics\/","name":"Estudis i assaigs cl\u00ednics - Fundaci\u00f3n Dexeus Mujer","isPartOf":{"@id":"https:\/\/www.dexeusfoundation.org\/ca\/#website"},"primaryImageOfPage":{"@id":"https:\/\/www.dexeusfoundation.org\/ca\/recerca\/estudis-i-assaigs-clinics\/#primaryimage"},"image":{"@id":"https:\/\/www.dexeusfoundation.org\/ca\/recerca\/estudis-i-assaigs-clinics\/#primaryimage"},"thumbnailUrl":"https:\/\/www.dexeusfoundation.org\/wp-content\/uploads\/2025\/08\/Estudios-y-ensayos-clinicos-1.jpg","datePublished":"2025-07-31T14:21:07+00:00","dateModified":"2025-12-09T12:03:41+00:00","description":"Coneix les nostres l\u00ednies de recerca preferencials.","breadcrumb":{"@id":"https:\/\/www.dexeusfoundation.org\/ca\/recerca\/estudis-i-assaigs-clinics\/#breadcrumb"},"inLanguage":"ca","potentialAction":[{"@type":"ReadAction","target":["https:\/\/www.dexeusfoundation.org\/ca\/recerca\/estudis-i-assaigs-clinics\/"]}]},{"@type":"ImageObject","inLanguage":"ca","@id":"https:\/\/www.dexeusfoundation.org\/ca\/recerca\/estudis-i-assaigs-clinics\/#primaryimage","url":"https:\/\/www.dexeusfoundation.org\/wp-content\/uploads\/2025\/08\/Estudios-y-ensayos-clinicos-1.jpg","contentUrl":"https:\/\/www.dexeusfoundation.org\/wp-content\/uploads\/2025\/08\/Estudios-y-ensayos-clinicos-1.jpg","width":2560,"height":1707},{"@type":"BreadcrumbList","@id":"https:\/\/www.dexeusfoundation.org\/ca\/recerca\/estudis-i-assaigs-clinics\/#breadcrumb","itemListElement":[{"@type":"ListItem","position":1,"name":"Portada","item":"https:\/\/www.dexeusfoundation.org\/ca\/fundacio-dexeus-dona\/"},{"@type":"ListItem","position":2,"name":"Recerca","item":"https:\/\/www.dexeusfoundation.org\/ca\/recerca\/"},{"@type":"ListItem","position":3,"name":"Estudis i assaigs cl\u00ednics"}]},{"@type":"WebSite","@id":"https:\/\/www.dexeusfoundation.org\/ca\/#website","url":"https:\/\/www.dexeusfoundation.org\/ca\/","name":"Fundaci\u00f3n Dexeus Mujer","description":"","publisher":{"@id":"https:\/\/www.dexeusfoundation.org\/ca\/#organization"},"potentialAction":[{"@type":"SearchAction","target":{"@type":"EntryPoint","urlTemplate":"https:\/\/www.dexeusfoundation.org\/ca\/?s={search_term_string}"},"query-input":{"@type":"PropertyValueSpecification","valueRequired":true,"valueName":"search_term_string"}}],"inLanguage":"ca"},{"@type":"Organization","@id":"https:\/\/www.dexeusfoundation.org\/ca\/#organization","name":"Fundaci\u00f3n Dexeus Mujer","url":"https:\/\/www.dexeusfoundation.org\/ca\/","logo":{"@type":"ImageObject","inLanguage":"ca","@id":"https:\/\/www.dexeusfoundation.org\/ca\/#\/schema\/logo\/image\/","url":"https:\/\/www.dexeusfoundation.org\/wp-content\/uploads\/2025\/07\/Logo-Fundacion-Dexeus-Mujer.png","contentUrl":"https:\/\/www.dexeusfoundation.org\/wp-content\/uploads\/2025\/07\/Logo-Fundacion-Dexeus-Mujer.png","width":2067,"height":1773,"caption":"Fundaci\u00f3n Dexeus Mujer"},"image":{"@id":"https:\/\/www.dexeusfoundation.org\/ca\/#\/schema\/logo\/image\/"},"sameAs":["https:\/\/es.linkedin.com\/company\/fundacion-dexeus-mujer"]}]}},"_links":{"self":[{"href":"https:\/\/www.dexeusfoundation.org\/ca\/wp-json\/wp\/v2\/pages\/5794","targetHints":{"allow":["GET"]}}],"collection":[{"href":"https:\/\/www.dexeusfoundation.org\/ca\/wp-json\/wp\/v2\/pages"}],"about":[{"href":"https:\/\/www.dexeusfoundation.org\/ca\/wp-json\/wp\/v2\/types\/page"}],"author":[{"embeddable":true,"href":"https:\/\/www.dexeusfoundation.org\/ca\/wp-json\/wp\/v2\/users\/1"}],"replies":[{"embeddable":true,"href":"https:\/\/www.dexeusfoundation.org\/ca\/wp-json\/wp\/v2\/comments?post=5794"}],"version-history":[{"count":0,"href":"https:\/\/www.dexeusfoundation.org\/ca\/wp-json\/wp\/v2\/pages\/5794\/revisions"}],"up":[{"embeddable":true,"href":"https:\/\/www.dexeusfoundation.org\/ca\/wp-json\/wp\/v2\/pages\/5784"}],"wp:featuredmedia":[{"embeddable":true,"href":"https:\/\/www.dexeusfoundation.org\/ca\/wp-json\/wp\/v2\/media\/5793"}],"wp:attachment":[{"href":"https:\/\/www.dexeusfoundation.org\/ca\/wp-json\/wp\/v2\/media?parent=5794"}],"curies":[{"name":"wp","href":"https:\/\/api.w.org\/{rel}","templated":true}]}}