{"id":5904,"date":"2025-07-31T16:25:20","date_gmt":"2025-07-31T14:25:20","guid":{"rendered":"https:\/\/www.dexeusfoundation.org\/accio-social\/atencio-a-pacients-amb-cancer\/tallers-per-a-pacients\/"},"modified":"2026-03-23T19:09:39","modified_gmt":"2026-03-23T18:09:39","slug":"tallers-per-a-pacients","status":"publish","type":"page","link":"https:\/\/www.dexeusfoundation.org\/ca\/accio-social\/atencio-a-pacients-amb-cancer\/tallers-per-a-pacients\/","title":{"rendered":"Tallers per a pacients"},"content":{"rendered":"\t\t<div data-elementor-type=\"wp-page\" data-elementor-id=\"5904\" class=\"elementor elementor-5904 elementor-97\" data-elementor-post-type=\"page\">\n\t\t\t\t<div class=\"elementor-element elementor-element-103e014 e-flex e-con-boxed e-con e-parent\" data-id=\"103e014\" data-element_type=\"container\" data-e-type=\"container\" data-settings=\"{&quot;jet_parallax_layout_list&quot;:[]}\">\n\t\t\t\t\t<div class=\"e-con-inner\">\n\t\t\t\t<div class=\"elementor-element elementor-element-c9e8dfd elementor-widget elementor-widget-heading\" data-id=\"c9e8dfd\" data-element_type=\"widget\" data-e-type=\"widget\" data-widget_type=\"heading.default\">\n\t\t\t\t\t<h1 class=\"elementor-heading-title elementor-size-default\">Tallers per a pacients<\/h1>\t\t\t\t<\/div>\n\t\t\t\t\t<\/div>\n\t\t\t\t<\/div>\n\t\t<div class=\"elementor-element elementor-element-ecf6e55 e-flex e-con-boxed e-con e-parent\" data-id=\"ecf6e55\" data-element_type=\"container\" data-e-type=\"container\" data-settings=\"{&quot;background_background&quot;:&quot;classic&quot;,&quot;jet_parallax_layout_list&quot;:[]}\">\n\t\t\t\t\t<div class=\"e-con-inner\">\n\t\t\t\t<div class=\"elementor-element elementor-element-08f4342 elementor-widget__width-initial elementor-widget elementor-widget-text-editor\" data-id=\"08f4342\" data-element_type=\"widget\" data-e-type=\"widget\" data-widget_type=\"text-editor.default\">\n\t\t\t\t\t\t\t\t\t<p>A la Fundaci\u00f3 Dexeus Dona, organitzem tallers que ofereixen informaci\u00f3, suport i orientaci\u00f3 a dones en diferents etapes de la seva vida. <\/p><p>S\u00f3n espais de trobada per aprendre sobre la salut i cuidar-la des d&#8217;una perspectiva propera, pr\u00e0ctica i humana, on les dones poden compartir experi\u00e8ncies i millorar el seu benestar f\u00edsic i emocional.<\/p>\t\t\t\t\t\t\t\t<\/div>\n\t\t<div class=\"elementor-element elementor-element-f83f776 e-grid e-con-full e-con e-child\" data-id=\"f83f776\" data-element_type=\"container\" data-e-type=\"container\" data-settings=\"{&quot;jet_parallax_layout_list&quot;:[]}\">\n\t\t\t\t<div class=\"elementor-element elementor-element-d00f2dd elementor-cta--valign-top elementor-cta--skin-classic elementor-animated-content elementor-bg-transform elementor-bg-transform-zoom-in elementor-widget elementor-widget-call-to-action\" data-id=\"d00f2dd\" data-element_type=\"widget\" data-e-type=\"widget\" data-widget_type=\"call-to-action.default\">\n\t\t\t\t\t\t\t<a class=\"elementor-cta\" href=\"https:\/\/cat.dexeus.com\/tallers-cancer\" target=\"_blank\">\n\t\t\t\t\t<div class=\"elementor-cta__bg-wrapper\">\n\t\t\t\t<div class=\"elementor-cta__bg elementor-bg\" style=\"background-image: url(https:\/\/www.dexeusfoundation.org\/wp-content\/uploads\/2025\/08\/webinar-cancer-talleres.jpg);\" role=\"img\" aria-label=\"webinar-cancer-talleres\"><\/div>\n\t\t\t\t<div class=\"elementor-cta__bg-overlay\"><\/div>\n\t\t\t<\/div>\n\t\t\t\t\t\t\t<div class=\"elementor-cta__content\">\n\t\t\t\t\n\t\t\t\t\t\t\t\t\t<h3 class=\"elementor-cta__title elementor-cta__content-item elementor-content-item\">\n\t\t\t\t\t\tC\u00e0ncer, qu\u00e8 vols saber?\t\t\t\t\t<\/h3>\n\t\t\t\t\n\t\t\t\t\t\t\t\t\t<span class=\"elementor-cta__description elementor-cta__content-item elementor-content-item\">\n\t\t\t\t\t\tEs tracta d'un cicle anual estructurat en diverses sessions que aborden q\u00fcestions relacionades amb la qualitat de vida: aspectes legals, comunicaci\u00f3 amb parelles i fills, sexualitat, activitats esportives i ginecologia regenerativa.\t\t\t\t\t<\/span>\n\t\t\t\t\n\t\t\t\t\t\t\t\t\t<div class=\"elementor-cta__button-wrapper elementor-cta__content-item elementor-content-item \">\n\t\t\t\t\t<span class=\"elementor-cta__button elementor-button elementor-size-\">\n\t\t\t\t\t\tVegeu el taller\t\t\t\t\t<\/span>\n\t\t\t\t\t<\/div>\n\t\t\t\t\t\t\t<\/div>\n\t\t\t\t\t\t<\/a>\n\t\t\t\t\t\t<\/div>\n\t\t\t\t<div class=\"elementor-element elementor-element-abee6ef elementor-cta--valign-top elementor-cta--skin-classic elementor-animated-content elementor-bg-transform elementor-bg-transform-zoom-in elementor-widget elementor-widget-call-to-action\" data-id=\"abee6ef\" data-element_type=\"widget\" data-e-type=\"widget\" data-widget_type=\"call-to-action.default\">\n\t\t\t\t\t\t\t<a class=\"elementor-cta\" href=\"https:\/\/cat.dexeus.com\/taller-oncoestetica\" target=\"_blank\">\n\t\t\t\t\t<div class=\"elementor-cta__bg-wrapper\">\n\t\t\t\t<div class=\"elementor-cta__bg elementor-bg\" style=\"background-image: url(https:\/\/www.dexeusfoundation.org\/wp-content\/uploads\/2026\/03\/taller-oncoestetica.jpg);\" role=\"img\" aria-label=\"Taller d&#039;oncoest\u00e8tica\"><\/div>\n\t\t\t\t<div class=\"elementor-cta__bg-overlay\"><\/div>\n\t\t\t<\/div>\n\t\t\t\t\t\t\t<div class=\"elementor-cta__content\">\n\t\t\t\t\n\t\t\t\t\t\t\t\t\t<h3 class=\"elementor-cta__title elementor-cta__content-item elementor-content-item\">\n\t\t\t\t\t\tOncoest\u00e8tica\t\t\t\t\t<\/h3>\n\t\t\t\t\n\t\t\t\t\t\t\t\t\t<span class=\"elementor-cta__description elementor-cta__content-item elementor-content-item\">\n\t\t\t\t\t\tAssessorament professional especialitzat sobre cura de la pell per millorar l'aparen\u00e7a f\u00edsica i promoure l'autocura.\t\t\t\t\t<\/span>\n\t\t\t\t\n\t\t\t\t\t\t\t\t\t<div class=\"elementor-cta__button-wrapper elementor-cta__content-item elementor-content-item \">\n\t\t\t\t\t<span class=\"elementor-cta__button elementor-button elementor-size-\">\n\t\t\t\t\t\tVegeu el taller\t\t\t\t\t<\/span>\n\t\t\t\t\t<\/div>\n\t\t\t\t\t\t\t<\/div>\n\t\t\t\t\t\t<\/a>\n\t\t\t\t\t\t<\/div>\n\t\t\t\t<div class=\"elementor-element elementor-element-33c4061 elementor-cta--valign-top elementor-cta--skin-classic elementor-animated-content elementor-bg-transform elementor-bg-transform-zoom-in elementor-widget elementor-widget-call-to-action\" data-id=\"33c4061\" data-element_type=\"widget\" data-e-type=\"widget\" data-widget_type=\"call-to-action.default\">\n\t\t\t\t\t\t\t<a class=\"elementor-cta\" href=\"https:\/\/www.dexeus.com\/taller-chemobrain\" target=\"_blank\">\n\t\t\t\t\t<div class=\"elementor-cta__bg-wrapper\">\n\t\t\t\t<div class=\"elementor-cta__bg elementor-bg\" style=\"background-image: url(https:\/\/www.dexeusfoundation.org\/wp-content\/uploads\/2025\/08\/taller-chemobrain.jpg);\" role=\"img\" aria-label=\"taller-chemobrain\"><\/div>\n\t\t\t\t<div class=\"elementor-cta__bg-overlay\"><\/div>\n\t\t\t<\/div>\n\t\t\t\t\t\t\t<div class=\"elementor-cta__content\">\n\t\t\t\t\n\t\t\t\t\t\t\t\t\t<h3 class=\"elementor-cta__title elementor-cta__content-item elementor-content-item\">\n\t\t\t\t\t\tChemobrain\t\t\t\t\t<\/h3>\n\t\t\t\t\n\t\t\t\t\t\t\t\t\t<span class=\"elementor-cta__description elementor-cta__content-item elementor-content-item\">\n\t\t\t\t\t\tUna s\u00e8rie de sessions a c\u00e0rrec de professionals de diferents disciplines que ofereixen recursos per afrontar el deteriorament cognitiu que la quimioter\u00e0pia pot causar, millorar el rendiment laboral, la comunicaci\u00f3 amb els qui t'envolten i assolir el benestar personal.\t\t\t\t\t<\/span>\n\t\t\t\t\n\t\t\t\t\t\t\t\t\t<div class=\"elementor-cta__button-wrapper elementor-cta__content-item elementor-content-item \">\n\t\t\t\t\t<span class=\"elementor-cta__button elementor-button elementor-size-\">\n\t\t\t\t\t\tVegeu el taller\t\t\t\t\t<\/span>\n\t\t\t\t\t<\/div>\n\t\t\t\t\t\t\t<\/div>\n\t\t\t\t\t\t<\/a>\n\t\t\t\t\t\t<\/div>\n\t\t\t\t<div class=\"elementor-element elementor-element-6be3107 elementor-cta--valign-top elementor-cta--skin-classic elementor-animated-content elementor-bg-transform elementor-bg-transform-zoom-in elementor-widget elementor-widget-call-to-action\" data-id=\"6be3107\" data-element_type=\"widget\" data-e-type=\"widget\" data-widget_type=\"call-to-action.default\">\n\t\t\t\t\t\t\t<a class=\"elementor-cta\" href=\"https:\/\/cat.dexeus.com\/taller-sexualitat-pacient-oncologica\" target=\"_blank\">\n\t\t\t\t\t<div class=\"elementor-cta__bg-wrapper\">\n\t\t\t\t<div class=\"elementor-cta__bg elementor-bg\" style=\"background-image: url(https:\/\/www.dexeusfoundation.org\/wp-content\/uploads\/2025\/08\/taller-sexualidad-oncologica-1.jpg);\" role=\"img\" aria-label=\"taller-sexualidad-oncologica (1)\"><\/div>\n\t\t\t\t<div class=\"elementor-cta__bg-overlay\"><\/div>\n\t\t\t<\/div>\n\t\t\t\t\t\t\t<div class=\"elementor-cta__content\">\n\t\t\t\t\n\t\t\t\t\t\t\t\t\t<div class=\"elementor-cta__title elementor-cta__content-item elementor-content-item\">\n\t\t\t\t\t\tSexualitat oncol\u00f2gica\t\t\t\t\t<\/div>\n\t\t\t\t\n\t\t\t\t\t\t\t\t\t<div class=\"elementor-cta__description elementor-cta__content-item elementor-content-item\">\n\t\t\t\t\t\tUn espai obert al di\u00e0leg, per compartir experi\u00e8ncies i resoldre dubtes relacionats amb la sexualitat: p\u00e8rdua de desig, disfunci\u00f3 sexual, canvis en la imatge corporal, comunicaci\u00f3 amb la parella, problemes de sequedat i atrofia vaginal.\t\t\t\t\t<\/div>\n\t\t\t\t\n\t\t\t\t\t\t\t\t\t<div class=\"elementor-cta__button-wrapper elementor-cta__content-item elementor-content-item \">\n\t\t\t\t\t<span class=\"elementor-cta__button elementor-button elementor-size-\">\n\t\t\t\t\t\tVegeu el taller\t\t\t\t\t<\/span>\n\t\t\t\t\t<\/div>\n\t\t\t\t\t\t\t<\/div>\n\t\t\t\t\t\t<\/a>\n\t\t\t\t\t\t<\/div>\n\t\t\t\t<\/div>\n\t\t\t\t\t<\/div>\n\t\t\t\t<\/div>\n\t\t\t\t<\/div>\n\t\t","protected":false},"excerpt":{"rendered":"<p>A la Fundaci\u00f3 Dexeus Dona, organitzem tallers que ofereixen informaci\u00f3, suport i orientaci\u00f3 a dones en diferents etapes de la seva vida.<\/p>\n","protected":false},"author":1,"featured_media":5881,"parent":5885,"menu_order":0,"comment_status":"closed","ping_status":"closed","template":"","meta":{"footnotes":""},"class_list":["post-5904","page","type-page","status-publish","has-post-thumbnail","hentry"],"yoast_head":"<!-- This site is optimized with the Yoast SEO plugin v27.0 - https:\/\/yoast.com\/product\/yoast-seo-wordpress\/ -->\n<title>Tallers per a pacients - Fundaci\u00f3n Dexeus Mujer<\/title>\n<meta name=\"description\" content=\"A la Fundaci\u00f3 Dexeus Dona, organitzem tallers que ofereixen informaci\u00f3, suport i orientaci\u00f3 a dones en diferents etapes de la seva vida.\" \/>\n<meta name=\"robots\" content=\"index, follow, max-snippet:-1, max-image-preview:large, max-video-preview:-1\" \/>\n<link rel=\"canonical\" href=\"https:\/\/www.dexeusfoundation.org\/ca\/accio-social\/atencio-a-pacients-amb-cancer\/tallers-per-a-pacients\/\" \/>\n<meta property=\"og:locale\" content=\"ca_ES\" \/>\n<meta property=\"og:type\" content=\"article\" \/>\n<meta property=\"og:title\" content=\"Tallers per a pacients - Fundaci\u00f3n Dexeus Mujer\" \/>\n<meta property=\"og:description\" content=\"A la Fundaci\u00f3 Dexeus Dona, organitzem tallers que ofereixen informaci\u00f3, suport i orientaci\u00f3 a dones en diferents etapes de la seva vida.\" \/>\n<meta property=\"og:url\" content=\"https:\/\/www.dexeusfoundation.org\/ca\/accio-social\/atencio-a-pacients-amb-cancer\/tallers-per-a-pacients\/\" \/>\n<meta property=\"og:site_name\" content=\"Fundaci\u00f3n Dexeus Mujer\" \/>\n<meta property=\"article:modified_time\" content=\"2026-03-23T18:09:39+00:00\" \/>\n<meta property=\"og:image\" content=\"https:\/\/www.dexeusfoundation.org\/wp-content\/uploads\/2025\/08\/webinar-cancer-talleres.jpg\" \/>\n\t<meta property=\"og:image:width\" content=\"529\" \/>\n\t<meta property=\"og:image:height\" content=\"340\" \/>\n\t<meta property=\"og:image:type\" content=\"image\/jpeg\" \/>\n<meta name=\"twitter:card\" content=\"summary_large_image\" \/>\n<script type=\"application\/ld+json\" class=\"yoast-schema-graph\">{\"@context\":\"https:\/\/schema.org\",\"@graph\":[{\"@type\":\"WebPage\",\"@id\":\"https:\/\/www.dexeusfoundation.org\/ca\/accio-social\/atencio-a-pacients-amb-cancer\/tallers-per-a-pacients\/\",\"url\":\"https:\/\/www.dexeusfoundation.org\/ca\/accio-social\/atencio-a-pacients-amb-cancer\/tallers-per-a-pacients\/\",\"name\":\"Tallers per a pacients - Fundaci\u00f3n Dexeus Mujer\",\"isPartOf\":{\"@id\":\"https:\/\/www.dexeusfoundation.org\/ca\/#website\"},\"primaryImageOfPage\":{\"@id\":\"https:\/\/www.dexeusfoundation.org\/ca\/accio-social\/atencio-a-pacients-amb-cancer\/tallers-per-a-pacients\/#primaryimage\"},\"image\":{\"@id\":\"https:\/\/www.dexeusfoundation.org\/ca\/accio-social\/atencio-a-pacients-amb-cancer\/tallers-per-a-pacients\/#primaryimage\"},\"thumbnailUrl\":\"https:\/\/www.dexeusfoundation.org\/wp-content\/uploads\/2025\/08\/webinar-cancer-talleres.jpg\",\"datePublished\":\"2025-07-31T14:25:20+00:00\",\"dateModified\":\"2026-03-23T18:09:39+00:00\",\"description\":\"A la Fundaci\u00f3 Dexeus Dona, organitzem tallers que ofereixen informaci\u00f3, suport i orientaci\u00f3 a dones en diferents etapes de la seva vida.\",\"breadcrumb\":{\"@id\":\"https:\/\/www.dexeusfoundation.org\/ca\/accio-social\/atencio-a-pacients-amb-cancer\/tallers-per-a-pacients\/#breadcrumb\"},\"inLanguage\":\"ca\",\"potentialAction\":[{\"@type\":\"ReadAction\",\"target\":[\"https:\/\/www.dexeusfoundation.org\/ca\/accio-social\/atencio-a-pacients-amb-cancer\/tallers-per-a-pacients\/\"]}]},{\"@type\":\"ImageObject\",\"inLanguage\":\"ca\",\"@id\":\"https:\/\/www.dexeusfoundation.org\/ca\/accio-social\/atencio-a-pacients-amb-cancer\/tallers-per-a-pacients\/#primaryimage\",\"url\":\"https:\/\/www.dexeusfoundation.org\/wp-content\/uploads\/2025\/08\/webinar-cancer-talleres.jpg\",\"contentUrl\":\"https:\/\/www.dexeusfoundation.org\/wp-content\/uploads\/2025\/08\/webinar-cancer-talleres.jpg\",\"width\":529,\"height\":340},{\"@type\":\"BreadcrumbList\",\"@id\":\"https:\/\/www.dexeusfoundation.org\/ca\/accio-social\/atencio-a-pacients-amb-cancer\/tallers-per-a-pacients\/#breadcrumb\",\"itemListElement\":[{\"@type\":\"ListItem\",\"position\":1,\"name\":\"Portada\",\"item\":\"https:\/\/www.dexeusfoundation.org\/ca\/fundacio-dexeus-dona\/\"},{\"@type\":\"ListItem\",\"position\":2,\"name\":\"Acci\u00f3 social\",\"item\":\"https:\/\/www.dexeusfoundation.org\/ca\/accio-social\/\"},{\"@type\":\"ListItem\",\"position\":3,\"name\":\"Atenci\u00f3 a pacients amb c\u00e0ncer\",\"item\":\"https:\/\/www.dexeusfoundation.org\/ca\/accio-social\/atencio-a-pacients-amb-cancer\/\"},{\"@type\":\"ListItem\",\"position\":4,\"name\":\"Tallers per a pacients\"}]},{\"@type\":\"WebSite\",\"@id\":\"https:\/\/www.dexeusfoundation.org\/ca\/#website\",\"url\":\"https:\/\/www.dexeusfoundation.org\/ca\/\",\"name\":\"Fundaci\u00f3n Dexeus Mujer\",\"description\":\"\",\"publisher\":{\"@id\":\"https:\/\/www.dexeusfoundation.org\/ca\/#organization\"},\"potentialAction\":[{\"@type\":\"SearchAction\",\"target\":{\"@type\":\"EntryPoint\",\"urlTemplate\":\"https:\/\/www.dexeusfoundation.org\/ca\/?s={search_term_string}\"},\"query-input\":{\"@type\":\"PropertyValueSpecification\",\"valueRequired\":true,\"valueName\":\"search_term_string\"}}],\"inLanguage\":\"ca\"},{\"@type\":\"Organization\",\"@id\":\"https:\/\/www.dexeusfoundation.org\/ca\/#organization\",\"name\":\"Fundaci\u00f3n Dexeus Mujer\",\"url\":\"https:\/\/www.dexeusfoundation.org\/ca\/\",\"logo\":{\"@type\":\"ImageObject\",\"inLanguage\":\"ca\",\"@id\":\"https:\/\/www.dexeusfoundation.org\/ca\/#\/schema\/logo\/image\/\",\"url\":\"https:\/\/www.dexeusfoundation.org\/wp-content\/uploads\/2025\/07\/Logo-Fundacion-Dexeus-Mujer.png\",\"contentUrl\":\"https:\/\/www.dexeusfoundation.org\/wp-content\/uploads\/2025\/07\/Logo-Fundacion-Dexeus-Mujer.png\",\"width\":2067,\"height\":1773,\"caption\":\"Fundaci\u00f3n Dexeus Mujer\"},\"image\":{\"@id\":\"https:\/\/www.dexeusfoundation.org\/ca\/#\/schema\/logo\/image\/\"},\"sameAs\":[\"https:\/\/es.linkedin.com\/company\/fundacion-dexeus-mujer\"]}]}<\/script>\n<!-- \/ Yoast SEO plugin. -->","yoast_head_json":{"title":"Tallers per a pacients - Fundaci\u00f3n Dexeus Mujer","description":"A la Fundaci\u00f3 Dexeus Dona, organitzem tallers que ofereixen informaci\u00f3, suport i orientaci\u00f3 a dones en diferents etapes de la seva vida.","robots":{"index":"index","follow":"follow","max-snippet":"max-snippet:-1","max-image-preview":"max-image-preview:large","max-video-preview":"max-video-preview:-1"},"canonical":"https:\/\/www.dexeusfoundation.org\/ca\/accio-social\/atencio-a-pacients-amb-cancer\/tallers-per-a-pacients\/","og_locale":"ca_ES","og_type":"article","og_title":"Tallers per a pacients - Fundaci\u00f3n Dexeus Mujer","og_description":"A la Fundaci\u00f3 Dexeus Dona, organitzem tallers que ofereixen informaci\u00f3, suport i orientaci\u00f3 a dones en diferents etapes de la seva vida.","og_url":"https:\/\/www.dexeusfoundation.org\/ca\/accio-social\/atencio-a-pacients-amb-cancer\/tallers-per-a-pacients\/","og_site_name":"Fundaci\u00f3n Dexeus Mujer","article_modified_time":"2026-03-23T18:09:39+00:00","og_image":[{"width":529,"height":340,"url":"https:\/\/www.dexeusfoundation.org\/wp-content\/uploads\/2025\/08\/webinar-cancer-talleres.jpg","type":"image\/jpeg"}],"twitter_card":"summary_large_image","schema":{"@context":"https:\/\/schema.org","@graph":[{"@type":"WebPage","@id":"https:\/\/www.dexeusfoundation.org\/ca\/accio-social\/atencio-a-pacients-amb-cancer\/tallers-per-a-pacients\/","url":"https:\/\/www.dexeusfoundation.org\/ca\/accio-social\/atencio-a-pacients-amb-cancer\/tallers-per-a-pacients\/","name":"Tallers per a pacients - Fundaci\u00f3n Dexeus Mujer","isPartOf":{"@id":"https:\/\/www.dexeusfoundation.org\/ca\/#website"},"primaryImageOfPage":{"@id":"https:\/\/www.dexeusfoundation.org\/ca\/accio-social\/atencio-a-pacients-amb-cancer\/tallers-per-a-pacients\/#primaryimage"},"image":{"@id":"https:\/\/www.dexeusfoundation.org\/ca\/accio-social\/atencio-a-pacients-amb-cancer\/tallers-per-a-pacients\/#primaryimage"},"thumbnailUrl":"https:\/\/www.dexeusfoundation.org\/wp-content\/uploads\/2025\/08\/webinar-cancer-talleres.jpg","datePublished":"2025-07-31T14:25:20+00:00","dateModified":"2026-03-23T18:09:39+00:00","description":"A la Fundaci\u00f3 Dexeus Dona, organitzem tallers que ofereixen informaci\u00f3, suport i orientaci\u00f3 a dones en diferents etapes de la seva vida.","breadcrumb":{"@id":"https:\/\/www.dexeusfoundation.org\/ca\/accio-social\/atencio-a-pacients-amb-cancer\/tallers-per-a-pacients\/#breadcrumb"},"inLanguage":"ca","potentialAction":[{"@type":"ReadAction","target":["https:\/\/www.dexeusfoundation.org\/ca\/accio-social\/atencio-a-pacients-amb-cancer\/tallers-per-a-pacients\/"]}]},{"@type":"ImageObject","inLanguage":"ca","@id":"https:\/\/www.dexeusfoundation.org\/ca\/accio-social\/atencio-a-pacients-amb-cancer\/tallers-per-a-pacients\/#primaryimage","url":"https:\/\/www.dexeusfoundation.org\/wp-content\/uploads\/2025\/08\/webinar-cancer-talleres.jpg","contentUrl":"https:\/\/www.dexeusfoundation.org\/wp-content\/uploads\/2025\/08\/webinar-cancer-talleres.jpg","width":529,"height":340},{"@type":"BreadcrumbList","@id":"https:\/\/www.dexeusfoundation.org\/ca\/accio-social\/atencio-a-pacients-amb-cancer\/tallers-per-a-pacients\/#breadcrumb","itemListElement":[{"@type":"ListItem","position":1,"name":"Portada","item":"https:\/\/www.dexeusfoundation.org\/ca\/fundacio-dexeus-dona\/"},{"@type":"ListItem","position":2,"name":"Acci\u00f3 social","item":"https:\/\/www.dexeusfoundation.org\/ca\/accio-social\/"},{"@type":"ListItem","position":3,"name":"Atenci\u00f3 a pacients amb c\u00e0ncer","item":"https:\/\/www.dexeusfoundation.org\/ca\/accio-social\/atencio-a-pacients-amb-cancer\/"},{"@type":"ListItem","position":4,"name":"Tallers per a pacients"}]},{"@type":"WebSite","@id":"https:\/\/www.dexeusfoundation.org\/ca\/#website","url":"https:\/\/www.dexeusfoundation.org\/ca\/","name":"Fundaci\u00f3n Dexeus Mujer","description":"","publisher":{"@id":"https:\/\/www.dexeusfoundation.org\/ca\/#organization"},"potentialAction":[{"@type":"SearchAction","target":{"@type":"EntryPoint","urlTemplate":"https:\/\/www.dexeusfoundation.org\/ca\/?s={search_term_string}"},"query-input":{"@type":"PropertyValueSpecification","valueRequired":true,"valueName":"search_term_string"}}],"inLanguage":"ca"},{"@type":"Organization","@id":"https:\/\/www.dexeusfoundation.org\/ca\/#organization","name":"Fundaci\u00f3n Dexeus Mujer","url":"https:\/\/www.dexeusfoundation.org\/ca\/","logo":{"@type":"ImageObject","inLanguage":"ca","@id":"https:\/\/www.dexeusfoundation.org\/ca\/#\/schema\/logo\/image\/","url":"https:\/\/www.dexeusfoundation.org\/wp-content\/uploads\/2025\/07\/Logo-Fundacion-Dexeus-Mujer.png","contentUrl":"https:\/\/www.dexeusfoundation.org\/wp-content\/uploads\/2025\/07\/Logo-Fundacion-Dexeus-Mujer.png","width":2067,"height":1773,"caption":"Fundaci\u00f3n Dexeus Mujer"},"image":{"@id":"https:\/\/www.dexeusfoundation.org\/ca\/#\/schema\/logo\/image\/"},"sameAs":["https:\/\/es.linkedin.com\/company\/fundacion-dexeus-mujer"]}]}},"_links":{"self":[{"href":"https:\/\/www.dexeusfoundation.org\/ca\/wp-json\/wp\/v2\/pages\/5904","targetHints":{"allow":["GET"]}}],"collection":[{"href":"https:\/\/www.dexeusfoundation.org\/ca\/wp-json\/wp\/v2\/pages"}],"about":[{"href":"https:\/\/www.dexeusfoundation.org\/ca\/wp-json\/wp\/v2\/types\/page"}],"author":[{"embeddable":true,"href":"https:\/\/www.dexeusfoundation.org\/ca\/wp-json\/wp\/v2\/users\/1"}],"replies":[{"embeddable":true,"href":"https:\/\/www.dexeusfoundation.org\/ca\/wp-json\/wp\/v2\/comments?post=5904"}],"version-history":[{"count":0,"href":"https:\/\/www.dexeusfoundation.org\/ca\/wp-json\/wp\/v2\/pages\/5904\/revisions"}],"up":[{"embeddable":true,"href":"https:\/\/www.dexeusfoundation.org\/ca\/wp-json\/wp\/v2\/pages\/5885"}],"wp:featuredmedia":[{"embeddable":true,"href":"https:\/\/www.dexeusfoundation.org\/ca\/wp-json\/wp\/v2\/media\/5881"}],"wp:attachment":[{"href":"https:\/\/www.dexeusfoundation.org\/ca\/wp-json\/wp\/v2\/media?parent=5904"}],"curies":[{"name":"wp","href":"https:\/\/api.w.org\/{rel}","templated":true}]}}