{"id":6310,"date":"2026-01-27T14:42:03","date_gmt":"2026-01-27T13:42:03","guid":{"rendered":"https:\/\/www.dexeusfoundation.org\/?page_id=6310"},"modified":"2026-01-27T14:43:04","modified_gmt":"2026-01-27T13:43:04","slug":"avis-legal","status":"publish","type":"page","link":"https:\/\/www.dexeusfoundation.org\/ca\/avis-legal\/","title":{"rendered":"Av\u00eds legal"},"content":{"rendered":"\t\t<div data-elementor-type=\"wp-page\" data-elementor-id=\"6310\" class=\"elementor elementor-6310 elementor-6290\" data-elementor-post-type=\"page\">\n\t\t\t\t<div class=\"elementor-element elementor-element-ff1e522 e-flex e-con-boxed e-con e-parent\" data-id=\"ff1e522\" data-element_type=\"container\" data-e-type=\"container\" data-settings=\"{&quot;jet_parallax_layout_list&quot;:[]}\">\n\t\t\t\t\t<div class=\"e-con-inner\">\n\t\t\t\t<div class=\"elementor-element elementor-element-5111ac3 elementor-widget elementor-widget-heading\" data-id=\"5111ac3\" data-element_type=\"widget\" data-e-type=\"widget\" data-widget_type=\"heading.default\">\n\t\t\t\t\t<h2 class=\"elementor-heading-title elementor-size-default\">Av\u00eds legal<\/h2>\t\t\t\t<\/div>\n\t\t\t\t<div class=\"elementor-element elementor-element-f7c3639 elementor-widget elementor-widget-text-editor\" data-id=\"f7c3639\" data-element_type=\"widget\" data-e-type=\"widget\" data-widget_type=\"text-editor.default\">\n\t\t\t\t\t\t\t\t\t<p>La <strong>Fundaci\u00f3 Dexeus Dona<\/strong> , amb nom fiscal Fundaci\u00f3n Santiago Dexeus Font, amb domicili a la Gran Via Carles III 71-75 08028 Barcelona i NIF G60898194, pret\u00e9n amb aquest portal web contribuir a l\u2019acc\u00e9s a una informaci\u00f3 rellevant, actualitzada i accessible sobre temes m\u00e8dics i activitats docents, destinada als professionals de la salut amb especial inter\u00e8s en les \u00e0rees de l\u2019obstetr\u00edcia, la ginecologia, la medicina de la reproducci\u00f3 i el diagn\u00f2stic ginecol\u00f2gic per la imatge.<\/p><p><strong>Es prega llegir amb atenci\u00f3 les seg\u00fcents condicions d\u2019\u00fas.<\/strong><br><strong>A l\u2019accedir i a l\u2019utilitzar aquest lloc, Vost\u00e8 est\u00e0 acceptant acomplir aquestes normes.<\/strong><\/p>\t\t\t\t\t\t\t\t<\/div>\n\t\t\t\t<div class=\"elementor-element elementor-element-abba213 elementor-widget elementor-widget-heading\" data-id=\"abba213\" data-element_type=\"widget\" data-e-type=\"widget\" data-widget_type=\"heading.default\">\n\t\t\t\t\t<h2 class=\"elementor-heading-title elementor-size-default\">Declinaci\u00f3 de Responsabilitat<\/h2>\t\t\t\t<\/div>\n\t\t\t\t<div class=\"elementor-element elementor-element-d94b4d7 elementor-widget elementor-widget-text-editor\" data-id=\"d94b4d7\" data-element_type=\"widget\" data-e-type=\"widget\" data-widget_type=\"text-editor.default\">\n\t\t\t\t\t\t\t\t\t<p><strong>Ni dexeusfoundation.org, ni la Fundaci\u00f3 Dexeus Dona<\/strong>, no fan cap representaci\u00f3 o garantia pel que es refereix a l\u2019\u00fas de la informaci\u00f3 d\u2019aquest lloc web. A l\u2019accedir aquest lloc, Vost\u00e8 accepta que tot l\u2019acc\u00e9s, el seu \u00fas i la informaci\u00f3 continguda, \u00e9s al seu propi risc. <\/p><p><strong>Ni dexeusfoundation.org, ni la Fundaci\u00f3 Dexeus Dona<\/strong>, no seran responsables de cap manera de danys directes, incidentals, conseg\u00fcents, indirectes o punitius que sorgeixin de l\u2019acc\u00e9s, \u00fas o incapacitat per la seva part d\u2019usar aquest lloc, ni de cap error o omissi\u00f3 en el contingut de la seva informaci\u00f3.<\/p>\t\t\t\t\t\t\t\t<\/div>\n\t\t\t\t<div class=\"elementor-element elementor-element-b36761a elementor-widget elementor-widget-heading\" data-id=\"b36761a\" data-element_type=\"widget\" data-e-type=\"widget\" data-widget_type=\"heading.default\">\n\t\t\t\t\t<h2 class=\"elementor-heading-title elementor-size-default\">Pol\u00edtica de privacitat<\/h2>\t\t\t\t<\/div>\n\t\t\t\t<div class=\"elementor-element elementor-element-3d91827 elementor-widget elementor-widget-text-editor\" data-id=\"3d91827\" data-element_type=\"widget\" data-e-type=\"widget\" data-widget_type=\"text-editor.default\">\n\t\t\t\t\t\t\t\t\t<p>El Responsable del Tractament, la <strong>Fundaci\u00f3 Dexeus Dona<\/strong> , amb nom fiscal Fundaci\u00f3n Santiago Dexeus Font, amb domicili a la Gran Via Carles III 71-75 08028 Barcelona i NIF G60898194, en compliment del Reglament (UE) 2016\/679 del Parlament Europeu i del Consell, de 27 d\u2019abril de 2016, referent a la protecci\u00f3 de les persones f\u00edsiques pel que fa al tractament i lliure circulaci\u00f3 de dades personals, d\u2019ara endavant RGPD, l\u2019informa que les seves dades es tractaran amb l\u2019objectiu de proporcionar-li informaci\u00f3 relativa a cursos, congressos, assist\u00e8ncies formatives i activitats cient\u00edfiques o docents de l\u2019Entitat, i tamb\u00e9 per a enviar-li butlletins, publicacions o altres comunicacions de l\u2019Entitat relatives a la seva activitat que li puguin interessar. Aquesta informaci\u00f3 ser\u00e0 utilitzada pels serveis administratius i serveis directament vinculats a les prestacions descrites per part de l\u2019Entitat. <\/p><p>La base jur\u00eddica per al tractament de les dades \u00e9s el consentiment de la persona. Les dades proporcionades seran conservades mentre no es revoqui el consentiment.<\/p><p>Tamb\u00e9 se l\u2019informa del tractament de dades de videovigil\u00e0ncia per a garantir la seguretat de les persones, b\u00e9ns i instal\u00b7lacions. Les seves dades seran tractades en compliment d\u2019una missi\u00f3 d\u2019inter\u00e8s p\u00fablic. Les dades es conservaran durant el termini d\u20191 mes. Excepte en els casos en qu\u00e8 siguin requerides per les Forces i Cossos de Seguretat o per jutjats o tribunals. Aix\u00ed mateix, l\u2019informem que no es preveuen transfer\u00e8ncies internacionals.    <\/p><p>Pot exercir els drets d\u2019acc\u00e9s, rectificaci\u00f3, supressi\u00f3, limitaci\u00f3 del tractament, portabilitat i oposici\u00f3 de les seves dades d\u2019acord amb el que es disposa en la normativa en mat\u00e8ria de protecci\u00f3 de dades. Per a exercir-los, haur\u00e0 de dirigir-se per escrit al Delegat de Protecci\u00f3 de Dades en el correu electr\u00f2nic <a href=\"mailto:dpd@dexeus.com\">dpd@dexeus.com<\/a>, en qualsevol cas, haur\u00e0 d\u2019adjuntar una fotoc\u00f2pia del seu document nacional d\u2019identitat o equivalent. <\/p><p>Aix\u00ed mateix, l\u2019informem del seu dret, en cas que no estigui d\u2019acord amb el tractament fet per la nostra Entitat, o que consideri vulnerats els seus drets, a presentar una reclamaci\u00f3 a l\u2019Ag\u00e8ncia Espanyola de Protecci\u00f3 de dades (Agencia Espa\u00f1ola de Protecci\u00f3n de datos).<\/p>\t\t\t\t\t\t\t\t<\/div>\n\t\t\t\t<div class=\"elementor-element elementor-element-381baae elementor-widget elementor-widget-heading\" data-id=\"381baae\" data-element_type=\"widget\" data-e-type=\"widget\" data-widget_type=\"heading.default\">\n\t\t\t\t\t<h2 class=\"elementor-heading-title elementor-size-default\">Registre i cookies<\/h2>\t\t\t\t<\/div>\n\t\t\t\t<div class=\"elementor-element elementor-element-4b5dffe elementor-widget elementor-widget-text-editor\" data-id=\"4b5dffe\" data-element_type=\"widget\" data-e-type=\"widget\" data-widget_type=\"text-editor.default\">\n\t\t\t\t\t\t\t\t\t<p>\u00c0rees del <strong>lloc dexeusfoundation.org<\/strong> poden ser accessibles \u00fanicament despr\u00e9s de registrar-se. At\u00e8s que la verificaci\u00f3 per confirmar si alg\u00fa est\u00e0 autoritzat per accedir a continguts dins del lloc es realitza verificant el cookie durant la visita, \u00e9s necessari acceptar cookies pr\u00f2pies o de tercers per a permetre\u2019n l\u2019\u00fas. No obstant aix\u00f2, despr\u00e9s de visitar dexeuscampus.com, vost\u00e8 t\u00e9 la llibertat d\u2019esborrar aquest cookie del seu ordinador. Per al registre de l\u2019usuari, s\u2019utilitza una base de dades central de registre d\u2019usuaris.   <\/p><p>La informaci\u00f3 personal que vost\u00e8 ens faciliti ens permetr\u00e0 oferir-li una informaci\u00f3 d\u2019usuari feta a la seva mida que s\u2019adapti a les seves necessitats i interessos. L\u2019an\u00e0lisi de dades relatives a les operacions del lloc ser\u00e0 condu\u00efda sense vinculaci\u00f3 a dades personalment identificables sempre que sigui possible. <\/p><p>El lloc dexeuscampus.com compta amb mesures de seguretat per protegir la p\u00e8rdua, el mal \u00fas i l\u2019alteraci\u00f3 de dades personals que s\u00f3n controlades per vost\u00e8. A m\u00e9s, recomanem molt especialment no divulgar el seu nom d\u2019usuari i contrasenya a ning\u00fa. Les dades de registre del lloc s\u00f3n emmagatzemades en un servidor segur que resideix darrere d\u2019un tallafoc despr\u00e9s d\u2019arribar a dexeuscampus.com. El tallafoc ha estat dissenyat per bloquejar l\u2019acc\u00e9s a aquestes dades des de fora del lloc.   <\/p><p>No obstant aix\u00f2, ha de recordar que Internet \u00e9s un sistema p\u00fablicament accessible. Cada vegada que la informaci\u00f3 es posada a la seva disposici\u00f3 en l\u00ednia, aix\u00f2 \u00e9s a risc seu, ja que podria perdre\u2019s en el cam\u00ed o ser processada per tercers no autoritzats. <\/p>\t\t\t\t\t\t\t\t<\/div>\n\t\t\t\t<div class=\"elementor-element elementor-element-b0d073a elementor-widget elementor-widget-heading\" data-id=\"b0d073a\" data-element_type=\"widget\" data-e-type=\"widget\" data-widget_type=\"heading.default\">\n\t\t\t\t\t<h2 class=\"elementor-heading-title elementor-size-default\">Enviament de butlletins per correu electr\u00f2nic<\/h2>\t\t\t\t<\/div>\n\t\t\t\t<div class=\"elementor-element elementor-element-e0dfd89 elementor-widget elementor-widget-text-editor\" data-id=\"e0dfd89\" data-element_type=\"widget\" data-e-type=\"widget\" data-widget_type=\"text-editor.default\">\n\t\t\t\t\t\t\t\t\t<p>En el cas que Vost\u00e8 se subscrigui a butlletins via correu electr\u00f2nic, cadascun dels missatges inclour\u00e0 instruccions que expliquen com acabar amb la seva subscripci\u00f3.<\/p>\t\t\t\t\t\t\t\t<\/div>\n\t\t\t\t\t<\/div>\n\t\t\t\t<\/div>\n\t\t\t\t<\/div>\n\t\t","protected":false},"excerpt":{"rendered":"<p>Av\u00eds legal La Fundaci\u00f3 Dexeus Dona , amb nom fiscal Fundaci\u00f3n Santiago Dexeus Font, amb domicili a la Gran Via Carles III 71-75 08028 Barcelona i NIF G60898194, pret\u00e9n amb aquest portal web contribuir a l\u2019acc\u00e9s a una informaci\u00f3 rellevant, actualitzada i accessible sobre temes m\u00e8dics i activitats docents, destinada als professionals de la salut [&hellip;]<\/p>\n","protected":false},"author":4,"featured_media":0,"parent":0,"menu_order":0,"comment_status":"closed","ping_status":"closed","template":"","meta":{"footnotes":""},"class_list":["post-6310","page","type-page","status-publish","hentry"],"yoast_head":"<!-- This site is optimized with the Yoast SEO plugin v27.0 - https:\/\/yoast.com\/product\/yoast-seo-wordpress\/ -->\n<title>Av\u00eds legal - Fundaci\u00f3n Dexeus Mujer<\/title>\n<meta name=\"description\" content=\"Av\u00eds legal La Fundaci\u00f3 Dexeus Dona , amb nom fiscal Fundaci\u00f3n Santiago Dexeus Font, amb domicili a la Gran Via Carles III 71-75 08028 Barcelona i NIF\" \/>\n<meta name=\"robots\" content=\"index, follow, max-snippet:-1, max-image-preview:large, max-video-preview:-1\" \/>\n<link rel=\"canonical\" href=\"https:\/\/www.dexeusfoundation.org\/ca\/avis-legal\/\" \/>\n<meta property=\"og:locale\" content=\"ca_ES\" \/>\n<meta property=\"og:type\" content=\"article\" \/>\n<meta property=\"og:title\" content=\"Av\u00eds legal - Fundaci\u00f3n Dexeus Mujer\" \/>\n<meta property=\"og:description\" content=\"Av\u00eds legal La Fundaci\u00f3 Dexeus Dona , amb nom fiscal Fundaci\u00f3n Santiago Dexeus Font, amb domicili a la Gran Via Carles III 71-75 08028 Barcelona i NIF\" \/>\n<meta property=\"og:url\" content=\"https:\/\/www.dexeusfoundation.org\/ca\/avis-legal\/\" \/>\n<meta property=\"og:site_name\" content=\"Fundaci\u00f3n Dexeus Mujer\" \/>\n<meta property=\"article:modified_time\" content=\"2026-01-27T13:43:04+00:00\" \/>\n<meta property=\"og:image\" content=\"https:\/\/www.dexeusfoundation.org\/wp-content\/uploads\/2025\/10\/salud-mujer-tres-generaciones-1280x640-1.jpeg\" \/>\n\t<meta property=\"og:image:width\" content=\"1280\" \/>\n\t<meta property=\"og:image:height\" content=\"640\" \/>\n\t<meta property=\"og:image:type\" content=\"image\/jpeg\" \/>\n<meta name=\"twitter:card\" content=\"summary_large_image\" \/>\n<script type=\"application\/ld+json\" class=\"yoast-schema-graph\">{\"@context\":\"https:\/\/schema.org\",\"@graph\":[{\"@type\":\"WebPage\",\"@id\":\"https:\/\/www.dexeusfoundation.org\/ca\/avis-legal\/\",\"url\":\"https:\/\/www.dexeusfoundation.org\/ca\/avis-legal\/\",\"name\":\"Av\u00eds legal - Fundaci\u00f3n Dexeus Mujer\",\"isPartOf\":{\"@id\":\"https:\/\/www.dexeusfoundation.org\/ca\/#website\"},\"datePublished\":\"2026-01-27T13:42:03+00:00\",\"dateModified\":\"2026-01-27T13:43:04+00:00\",\"description\":\"Av\u00eds legal La Fundaci\u00f3 Dexeus Dona , amb nom fiscal Fundaci\u00f3n Santiago Dexeus Font, amb domicili a la Gran Via Carles III 71-75 08028 Barcelona i NIF\",\"breadcrumb\":{\"@id\":\"https:\/\/www.dexeusfoundation.org\/ca\/avis-legal\/#breadcrumb\"},\"inLanguage\":\"ca\",\"potentialAction\":[{\"@type\":\"ReadAction\",\"target\":[\"https:\/\/www.dexeusfoundation.org\/ca\/avis-legal\/\"]}]},{\"@type\":\"BreadcrumbList\",\"@id\":\"https:\/\/www.dexeusfoundation.org\/ca\/avis-legal\/#breadcrumb\",\"itemListElement\":[{\"@type\":\"ListItem\",\"position\":1,\"name\":\"Portada\",\"item\":\"https:\/\/www.dexeusfoundation.org\/ca\/fundacio-dexeus-dona\/\"},{\"@type\":\"ListItem\",\"position\":2,\"name\":\"Av\u00eds legal\"}]},{\"@type\":\"WebSite\",\"@id\":\"https:\/\/www.dexeusfoundation.org\/ca\/#website\",\"url\":\"https:\/\/www.dexeusfoundation.org\/ca\/\",\"name\":\"Fundaci\u00f3n Dexeus Mujer\",\"description\":\"\",\"publisher\":{\"@id\":\"https:\/\/www.dexeusfoundation.org\/ca\/#organization\"},\"potentialAction\":[{\"@type\":\"SearchAction\",\"target\":{\"@type\":\"EntryPoint\",\"urlTemplate\":\"https:\/\/www.dexeusfoundation.org\/ca\/?s={search_term_string}\"},\"query-input\":{\"@type\":\"PropertyValueSpecification\",\"valueRequired\":true,\"valueName\":\"search_term_string\"}}],\"inLanguage\":\"ca\"},{\"@type\":\"Organization\",\"@id\":\"https:\/\/www.dexeusfoundation.org\/ca\/#organization\",\"name\":\"Fundaci\u00f3n Dexeus Mujer\",\"url\":\"https:\/\/www.dexeusfoundation.org\/ca\/\",\"logo\":{\"@type\":\"ImageObject\",\"inLanguage\":\"ca\",\"@id\":\"https:\/\/www.dexeusfoundation.org\/ca\/#\/schema\/logo\/image\/\",\"url\":\"https:\/\/www.dexeusfoundation.org\/wp-content\/uploads\/2025\/07\/Logo-Fundacion-Dexeus-Mujer.png\",\"contentUrl\":\"https:\/\/www.dexeusfoundation.org\/wp-content\/uploads\/2025\/07\/Logo-Fundacion-Dexeus-Mujer.png\",\"width\":2067,\"height\":1773,\"caption\":\"Fundaci\u00f3n Dexeus Mujer\"},\"image\":{\"@id\":\"https:\/\/www.dexeusfoundation.org\/ca\/#\/schema\/logo\/image\/\"},\"sameAs\":[\"https:\/\/es.linkedin.com\/company\/fundacion-dexeus-mujer\"]}]}<\/script>\n<!-- \/ Yoast SEO plugin. -->","yoast_head_json":{"title":"Av\u00eds legal - Fundaci\u00f3n Dexeus Mujer","description":"Av\u00eds legal La Fundaci\u00f3 Dexeus Dona , amb nom fiscal Fundaci\u00f3n Santiago Dexeus Font, amb domicili a la Gran Via Carles III 71-75 08028 Barcelona i NIF","robots":{"index":"index","follow":"follow","max-snippet":"max-snippet:-1","max-image-preview":"max-image-preview:large","max-video-preview":"max-video-preview:-1"},"canonical":"https:\/\/www.dexeusfoundation.org\/ca\/avis-legal\/","og_locale":"ca_ES","og_type":"article","og_title":"Av\u00eds legal - Fundaci\u00f3n Dexeus Mujer","og_description":"Av\u00eds legal La Fundaci\u00f3 Dexeus Dona , amb nom fiscal Fundaci\u00f3n Santiago Dexeus Font, amb domicili a la Gran Via Carles III 71-75 08028 Barcelona i NIF","og_url":"https:\/\/www.dexeusfoundation.org\/ca\/avis-legal\/","og_site_name":"Fundaci\u00f3n Dexeus Mujer","article_modified_time":"2026-01-27T13:43:04+00:00","og_image":[{"width":1280,"height":640,"url":"https:\/\/www.dexeusfoundation.org\/wp-content\/uploads\/2025\/10\/salud-mujer-tres-generaciones-1280x640-1.jpeg","type":"image\/jpeg"}],"twitter_card":"summary_large_image","schema":{"@context":"https:\/\/schema.org","@graph":[{"@type":"WebPage","@id":"https:\/\/www.dexeusfoundation.org\/ca\/avis-legal\/","url":"https:\/\/www.dexeusfoundation.org\/ca\/avis-legal\/","name":"Av\u00eds legal - Fundaci\u00f3n Dexeus Mujer","isPartOf":{"@id":"https:\/\/www.dexeusfoundation.org\/ca\/#website"},"datePublished":"2026-01-27T13:42:03+00:00","dateModified":"2026-01-27T13:43:04+00:00","description":"Av\u00eds legal La Fundaci\u00f3 Dexeus Dona , amb nom fiscal Fundaci\u00f3n Santiago Dexeus Font, amb domicili a la Gran Via Carles III 71-75 08028 Barcelona i NIF","breadcrumb":{"@id":"https:\/\/www.dexeusfoundation.org\/ca\/avis-legal\/#breadcrumb"},"inLanguage":"ca","potentialAction":[{"@type":"ReadAction","target":["https:\/\/www.dexeusfoundation.org\/ca\/avis-legal\/"]}]},{"@type":"BreadcrumbList","@id":"https:\/\/www.dexeusfoundation.org\/ca\/avis-legal\/#breadcrumb","itemListElement":[{"@type":"ListItem","position":1,"name":"Portada","item":"https:\/\/www.dexeusfoundation.org\/ca\/fundacio-dexeus-dona\/"},{"@type":"ListItem","position":2,"name":"Av\u00eds legal"}]},{"@type":"WebSite","@id":"https:\/\/www.dexeusfoundation.org\/ca\/#website","url":"https:\/\/www.dexeusfoundation.org\/ca\/","name":"Fundaci\u00f3n Dexeus Mujer","description":"","publisher":{"@id":"https:\/\/www.dexeusfoundation.org\/ca\/#organization"},"potentialAction":[{"@type":"SearchAction","target":{"@type":"EntryPoint","urlTemplate":"https:\/\/www.dexeusfoundation.org\/ca\/?s={search_term_string}"},"query-input":{"@type":"PropertyValueSpecification","valueRequired":true,"valueName":"search_term_string"}}],"inLanguage":"ca"},{"@type":"Organization","@id":"https:\/\/www.dexeusfoundation.org\/ca\/#organization","name":"Fundaci\u00f3n Dexeus Mujer","url":"https:\/\/www.dexeusfoundation.org\/ca\/","logo":{"@type":"ImageObject","inLanguage":"ca","@id":"https:\/\/www.dexeusfoundation.org\/ca\/#\/schema\/logo\/image\/","url":"https:\/\/www.dexeusfoundation.org\/wp-content\/uploads\/2025\/07\/Logo-Fundacion-Dexeus-Mujer.png","contentUrl":"https:\/\/www.dexeusfoundation.org\/wp-content\/uploads\/2025\/07\/Logo-Fundacion-Dexeus-Mujer.png","width":2067,"height":1773,"caption":"Fundaci\u00f3n Dexeus Mujer"},"image":{"@id":"https:\/\/www.dexeusfoundation.org\/ca\/#\/schema\/logo\/image\/"},"sameAs":["https:\/\/es.linkedin.com\/company\/fundacion-dexeus-mujer"]}]}},"_links":{"self":[{"href":"https:\/\/www.dexeusfoundation.org\/ca\/wp-json\/wp\/v2\/pages\/6310","targetHints":{"allow":["GET"]}}],"collection":[{"href":"https:\/\/www.dexeusfoundation.org\/ca\/wp-json\/wp\/v2\/pages"}],"about":[{"href":"https:\/\/www.dexeusfoundation.org\/ca\/wp-json\/wp\/v2\/types\/page"}],"author":[{"embeddable":true,"href":"https:\/\/www.dexeusfoundation.org\/ca\/wp-json\/wp\/v2\/users\/4"}],"replies":[{"embeddable":true,"href":"https:\/\/www.dexeusfoundation.org\/ca\/wp-json\/wp\/v2\/comments?post=6310"}],"version-history":[{"count":0,"href":"https:\/\/www.dexeusfoundation.org\/ca\/wp-json\/wp\/v2\/pages\/6310\/revisions"}],"wp:attachment":[{"href":"https:\/\/www.dexeusfoundation.org\/ca\/wp-json\/wp\/v2\/media?parent=6310"}],"curies":[{"name":"wp","href":"https:\/\/api.w.org\/{rel}","templated":true}]}}