{"id":6324,"date":"2026-01-27T14:46:33","date_gmt":"2026-01-27T13:46:33","guid":{"rendered":"https:\/\/www.dexeusfoundation.org\/politica-de-privacitat\/"},"modified":"2026-01-27T14:52:21","modified_gmt":"2026-01-27T13:52:21","slug":"politica-privacitat","status":"publish","type":"page","link":"https:\/\/www.dexeusfoundation.org\/ca\/politica-privacitat\/","title":{"rendered":"Pol\u00edtica de privacitat"},"content":{"rendered":"\t\t<div data-elementor-type=\"wp-page\" data-elementor-id=\"6324\" class=\"elementor elementor-6324 elementor-6314\" data-elementor-post-type=\"page\">\n\t\t\t\t<div class=\"elementor-element elementor-element-52ec224 e-flex e-con-boxed e-con e-parent\" data-id=\"52ec224\" data-element_type=\"container\" data-e-type=\"container\" data-settings=\"{&quot;jet_parallax_layout_list&quot;:[]}\">\n\t\t\t\t\t<div class=\"e-con-inner\">\n\t\t\t\t<div class=\"elementor-element elementor-element-b3aa295 elementor-widget elementor-widget-heading\" data-id=\"b3aa295\" data-element_type=\"widget\" data-e-type=\"widget\" data-widget_type=\"heading.default\">\n\t\t\t\t\t<h2 class=\"elementor-heading-title elementor-size-default\">Pol\u00edtica de privacitat<\/h2>\t\t\t\t<\/div>\n\t\t\t\t<div class=\"elementor-element elementor-element-ebf9aa0 elementor-widget elementor-widget-text-editor\" data-id=\"ebf9aa0\" data-element_type=\"widget\" data-e-type=\"widget\" data-widget_type=\"text-editor.default\">\n\t\t\t\t\t\t\t\t\t<p>El Responsable del Tractament, la <strong>Fundaci\u00f3 Dexeus Dona<\/strong>, amb nom fiscal Fundaci\u00f3n Santiago Dexeus Font, amb domicili a la Gran Via Carles III 71-75 08028 Barcelona i NIF G60898194, en compliment del Reglament (UE) 2016\/679 del Parlament Europeu i del Consell, de 27 d\u2019abril de 2016, referent a la protecci\u00f3 de les persones f\u00edsiques pel que fa al tractament i lliure circulaci\u00f3 de dades personals, d\u2019ara endavant RGPD, l\u2019informa que les seves dades es tractaran amb l\u2019objectiu de proporcionar-li informaci\u00f3 relativa a cursos, congressos, assist\u00e8ncies formatives i activitats cient\u00edfiques o docents de l\u2019Entitat, i tamb\u00e9 per a enviar-li butlletins, publicacions o altres comunicacions de l\u2019Entitat relatives a la seva activitat que li puguin interessar. Aquesta informaci\u00f3 ser\u00e0 utilitzada pels serveis administratius i serveis directament vinculats a les prestacions descrites per part de l\u2019Entitat. <\/p><p>La base jur\u00eddica per al tractament de les dades \u00e9s el consentiment de la persona. Les dades proporcionades seran conservades mentre no es revoqui el consentiment.<\/p><p>Tamb\u00e9 se l\u2019informa del tractament de dades de videovigil\u00e0ncia per a garantir la seguretat de les persones, b\u00e9ns i instal\u00b7lacions. Les seves dades seran tractades en compliment d\u2019una missi\u00f3 d\u2019inter\u00e8s p\u00fablic. Les dades es conservaran durant el termini d\u20191 mes. Excepte en els casos en qu\u00e8 siguin requerides per les Forces i Cossos de Seguretat o per jutjats o tribunals. Aix\u00ed mateix, l\u2019informem que no es preveuen transfer\u00e8ncies internacionals.    <\/p><p>Pot exercir els drets d\u2019acc\u00e9s, rectificaci\u00f3, supressi\u00f3, limitaci\u00f3 del tractament, portabilitat i oposici\u00f3 de les seves dades d\u2019acord amb el que es disposa en la normativa en mat\u00e8ria de protecci\u00f3 de dades. Per a exercir-los, haur\u00e0 de dirigir-se per escrit al Delegat de Protecci\u00f3 de Dades en el correu electr\u00f2nic <a href=\"mailto:dpd@dexeus.com\">dpd@dexeus.com<\/a>, en qualsevol cas, haur\u00e0 d\u2019adjuntar una fotoc\u00f2pia del seu document nacional d\u2019identitat o equivalent. <\/p><p>Aix\u00ed mateix, l\u2019informem del seu dret, en cas que no estigui d\u2019acord amb el tractament fet per la nostra Entitat, o que consideri vulnerats els seus drets, a presentar una reclamaci\u00f3 a l\u2019Ag\u00e8ncia Espanyola de Protecci\u00f3 de dades (Agencia Espa\u00f1ola de Protecci\u00f3n de datos).<\/p>\t\t\t\t\t\t\t\t<\/div>\n\t\t\t\t\t<\/div>\n\t\t\t\t<\/div>\n\t\t\t\t<\/div>\n\t\t","protected":false},"excerpt":{"rendered":"<p>Pol\u00edtica de privacitat El Responsable del Tractament, la Fundaci\u00f3 Dexeus Dona, amb nom fiscal Fundaci\u00f3n Santiago Dexeus Font, amb domicili a la Gran Via Carles III 71-75 08028 Barcelona i NIF G60898194, en compliment del Reglament (UE) 2016\/679 del Parlament Europeu i del Consell, de 27 d\u2019abril de 2016, referent a la protecci\u00f3 de les [&hellip;]<\/p>\n","protected":false},"author":4,"featured_media":0,"parent":0,"menu_order":0,"comment_status":"closed","ping_status":"closed","template":"","meta":{"footnotes":""},"class_list":["post-6324","page","type-page","status-publish","hentry"],"yoast_head":"<!-- This site is optimized with the Yoast SEO plugin v27.0 - https:\/\/yoast.com\/product\/yoast-seo-wordpress\/ -->\n<title>Pol\u00edtica de privacitat - Fundaci\u00f3n Dexeus Mujer<\/title>\n<meta name=\"description\" content=\"Pol\u00edtica de privacitat El Responsable del Tractament, la Fundaci\u00f3 Dexeus Dona, amb nom fiscal Fundaci\u00f3n Santiago Dexeus Font, amb domicili a la Gran Via\" \/>\n<meta name=\"robots\" content=\"index, follow, max-snippet:-1, max-image-preview:large, max-video-preview:-1\" \/>\n<link rel=\"canonical\" href=\"https:\/\/www.dexeusfoundation.org\/ca\/politica-privacitat\/\" \/>\n<meta property=\"og:locale\" content=\"ca_ES\" \/>\n<meta property=\"og:type\" content=\"article\" \/>\n<meta property=\"og:title\" content=\"Pol\u00edtica de privacitat - Fundaci\u00f3n Dexeus Mujer\" \/>\n<meta property=\"og:description\" content=\"Pol\u00edtica de privacitat El Responsable del Tractament, la Fundaci\u00f3 Dexeus Dona, amb nom fiscal Fundaci\u00f3n Santiago Dexeus Font, amb domicili a la Gran Via\" \/>\n<meta property=\"og:url\" content=\"https:\/\/www.dexeusfoundation.org\/ca\/politica-privacitat\/\" \/>\n<meta property=\"og:site_name\" content=\"Fundaci\u00f3n Dexeus Mujer\" \/>\n<meta property=\"article:modified_time\" content=\"2026-01-27T13:52:21+00:00\" \/>\n<meta property=\"og:image\" content=\"https:\/\/www.dexeusfoundation.org\/wp-content\/uploads\/2025\/10\/salud-mujer-tres-generaciones-1280x640-1.jpeg\" \/>\n\t<meta property=\"og:image:width\" content=\"1280\" \/>\n\t<meta property=\"og:image:height\" content=\"640\" \/>\n\t<meta property=\"og:image:type\" content=\"image\/jpeg\" \/>\n<meta name=\"twitter:card\" content=\"summary_large_image\" \/>\n<script type=\"application\/ld+json\" class=\"yoast-schema-graph\">{\"@context\":\"https:\/\/schema.org\",\"@graph\":[{\"@type\":\"WebPage\",\"@id\":\"https:\/\/www.dexeusfoundation.org\/ca\/politica-privacitat\/\",\"url\":\"https:\/\/www.dexeusfoundation.org\/ca\/politica-privacitat\/\",\"name\":\"Pol\u00edtica de privacitat - Fundaci\u00f3n Dexeus Mujer\",\"isPartOf\":{\"@id\":\"https:\/\/www.dexeusfoundation.org\/ca\/#website\"},\"datePublished\":\"2026-01-27T13:46:33+00:00\",\"dateModified\":\"2026-01-27T13:52:21+00:00\",\"description\":\"Pol\u00edtica de privacitat El Responsable del Tractament, la Fundaci\u00f3 Dexeus Dona, amb nom fiscal Fundaci\u00f3n Santiago Dexeus Font, amb domicili a la Gran Via\",\"breadcrumb\":{\"@id\":\"https:\/\/www.dexeusfoundation.org\/ca\/politica-privacitat\/#breadcrumb\"},\"inLanguage\":\"ca\",\"potentialAction\":[{\"@type\":\"ReadAction\",\"target\":[\"https:\/\/www.dexeusfoundation.org\/ca\/politica-privacitat\/\"]}]},{\"@type\":\"BreadcrumbList\",\"@id\":\"https:\/\/www.dexeusfoundation.org\/ca\/politica-privacitat\/#breadcrumb\",\"itemListElement\":[{\"@type\":\"ListItem\",\"position\":1,\"name\":\"Portada\",\"item\":\"https:\/\/www.dexeusfoundation.org\/ca\/fundacio-dexeus-dona\/\"},{\"@type\":\"ListItem\",\"position\":2,\"name\":\"Pol\u00edtica de privacitat\"}]},{\"@type\":\"WebSite\",\"@id\":\"https:\/\/www.dexeusfoundation.org\/ca\/#website\",\"url\":\"https:\/\/www.dexeusfoundation.org\/ca\/\",\"name\":\"Fundaci\u00f3n Dexeus Mujer\",\"description\":\"\",\"publisher\":{\"@id\":\"https:\/\/www.dexeusfoundation.org\/ca\/#organization\"},\"potentialAction\":[{\"@type\":\"SearchAction\",\"target\":{\"@type\":\"EntryPoint\",\"urlTemplate\":\"https:\/\/www.dexeusfoundation.org\/ca\/?s={search_term_string}\"},\"query-input\":{\"@type\":\"PropertyValueSpecification\",\"valueRequired\":true,\"valueName\":\"search_term_string\"}}],\"inLanguage\":\"ca\"},{\"@type\":\"Organization\",\"@id\":\"https:\/\/www.dexeusfoundation.org\/ca\/#organization\",\"name\":\"Fundaci\u00f3n Dexeus Mujer\",\"url\":\"https:\/\/www.dexeusfoundation.org\/ca\/\",\"logo\":{\"@type\":\"ImageObject\",\"inLanguage\":\"ca\",\"@id\":\"https:\/\/www.dexeusfoundation.org\/ca\/#\/schema\/logo\/image\/\",\"url\":\"https:\/\/www.dexeusfoundation.org\/wp-content\/uploads\/2025\/07\/Logo-Fundacion-Dexeus-Mujer.png\",\"contentUrl\":\"https:\/\/www.dexeusfoundation.org\/wp-content\/uploads\/2025\/07\/Logo-Fundacion-Dexeus-Mujer.png\",\"width\":2067,\"height\":1773,\"caption\":\"Fundaci\u00f3n Dexeus Mujer\"},\"image\":{\"@id\":\"https:\/\/www.dexeusfoundation.org\/ca\/#\/schema\/logo\/image\/\"},\"sameAs\":[\"https:\/\/es.linkedin.com\/company\/fundacion-dexeus-mujer\"]}]}<\/script>\n<!-- \/ Yoast SEO plugin. -->","yoast_head_json":{"title":"Pol\u00edtica de privacitat - Fundaci\u00f3n Dexeus Mujer","description":"Pol\u00edtica de privacitat El Responsable del Tractament, la Fundaci\u00f3 Dexeus Dona, amb nom fiscal Fundaci\u00f3n Santiago Dexeus Font, amb domicili a la Gran Via","robots":{"index":"index","follow":"follow","max-snippet":"max-snippet:-1","max-image-preview":"max-image-preview:large","max-video-preview":"max-video-preview:-1"},"canonical":"https:\/\/www.dexeusfoundation.org\/ca\/politica-privacitat\/","og_locale":"ca_ES","og_type":"article","og_title":"Pol\u00edtica de privacitat - Fundaci\u00f3n Dexeus Mujer","og_description":"Pol\u00edtica de privacitat El Responsable del Tractament, la Fundaci\u00f3 Dexeus Dona, amb nom fiscal Fundaci\u00f3n Santiago Dexeus Font, amb domicili a la Gran Via","og_url":"https:\/\/www.dexeusfoundation.org\/ca\/politica-privacitat\/","og_site_name":"Fundaci\u00f3n Dexeus Mujer","article_modified_time":"2026-01-27T13:52:21+00:00","og_image":[{"width":1280,"height":640,"url":"https:\/\/www.dexeusfoundation.org\/wp-content\/uploads\/2025\/10\/salud-mujer-tres-generaciones-1280x640-1.jpeg","type":"image\/jpeg"}],"twitter_card":"summary_large_image","schema":{"@context":"https:\/\/schema.org","@graph":[{"@type":"WebPage","@id":"https:\/\/www.dexeusfoundation.org\/ca\/politica-privacitat\/","url":"https:\/\/www.dexeusfoundation.org\/ca\/politica-privacitat\/","name":"Pol\u00edtica de privacitat - Fundaci\u00f3n Dexeus Mujer","isPartOf":{"@id":"https:\/\/www.dexeusfoundation.org\/ca\/#website"},"datePublished":"2026-01-27T13:46:33+00:00","dateModified":"2026-01-27T13:52:21+00:00","description":"Pol\u00edtica de privacitat El Responsable del Tractament, la Fundaci\u00f3 Dexeus Dona, amb nom fiscal Fundaci\u00f3n Santiago Dexeus Font, amb domicili a la Gran Via","breadcrumb":{"@id":"https:\/\/www.dexeusfoundation.org\/ca\/politica-privacitat\/#breadcrumb"},"inLanguage":"ca","potentialAction":[{"@type":"ReadAction","target":["https:\/\/www.dexeusfoundation.org\/ca\/politica-privacitat\/"]}]},{"@type":"BreadcrumbList","@id":"https:\/\/www.dexeusfoundation.org\/ca\/politica-privacitat\/#breadcrumb","itemListElement":[{"@type":"ListItem","position":1,"name":"Portada","item":"https:\/\/www.dexeusfoundation.org\/ca\/fundacio-dexeus-dona\/"},{"@type":"ListItem","position":2,"name":"Pol\u00edtica de privacitat"}]},{"@type":"WebSite","@id":"https:\/\/www.dexeusfoundation.org\/ca\/#website","url":"https:\/\/www.dexeusfoundation.org\/ca\/","name":"Fundaci\u00f3n Dexeus Mujer","description":"","publisher":{"@id":"https:\/\/www.dexeusfoundation.org\/ca\/#organization"},"potentialAction":[{"@type":"SearchAction","target":{"@type":"EntryPoint","urlTemplate":"https:\/\/www.dexeusfoundation.org\/ca\/?s={search_term_string}"},"query-input":{"@type":"PropertyValueSpecification","valueRequired":true,"valueName":"search_term_string"}}],"inLanguage":"ca"},{"@type":"Organization","@id":"https:\/\/www.dexeusfoundation.org\/ca\/#organization","name":"Fundaci\u00f3n Dexeus Mujer","url":"https:\/\/www.dexeusfoundation.org\/ca\/","logo":{"@type":"ImageObject","inLanguage":"ca","@id":"https:\/\/www.dexeusfoundation.org\/ca\/#\/schema\/logo\/image\/","url":"https:\/\/www.dexeusfoundation.org\/wp-content\/uploads\/2025\/07\/Logo-Fundacion-Dexeus-Mujer.png","contentUrl":"https:\/\/www.dexeusfoundation.org\/wp-content\/uploads\/2025\/07\/Logo-Fundacion-Dexeus-Mujer.png","width":2067,"height":1773,"caption":"Fundaci\u00f3n Dexeus Mujer"},"image":{"@id":"https:\/\/www.dexeusfoundation.org\/ca\/#\/schema\/logo\/image\/"},"sameAs":["https:\/\/es.linkedin.com\/company\/fundacion-dexeus-mujer"]}]}},"_links":{"self":[{"href":"https:\/\/www.dexeusfoundation.org\/ca\/wp-json\/wp\/v2\/pages\/6324","targetHints":{"allow":["GET"]}}],"collection":[{"href":"https:\/\/www.dexeusfoundation.org\/ca\/wp-json\/wp\/v2\/pages"}],"about":[{"href":"https:\/\/www.dexeusfoundation.org\/ca\/wp-json\/wp\/v2\/types\/page"}],"author":[{"embeddable":true,"href":"https:\/\/www.dexeusfoundation.org\/ca\/wp-json\/wp\/v2\/users\/4"}],"replies":[{"embeddable":true,"href":"https:\/\/www.dexeusfoundation.org\/ca\/wp-json\/wp\/v2\/comments?post=6324"}],"version-history":[{"count":0,"href":"https:\/\/www.dexeusfoundation.org\/ca\/wp-json\/wp\/v2\/pages\/6324\/revisions"}],"wp:attachment":[{"href":"https:\/\/www.dexeusfoundation.org\/ca\/wp-json\/wp\/v2\/media?parent=6324"}],"curies":[{"name":"wp","href":"https:\/\/api.w.org\/{rel}","templated":true}]}}