{"id":1991,"date":"2025-08-20T09:22:52","date_gmt":"2025-08-20T07:22:52","guid":{"rendered":"https:\/\/www.dexeusfoundation.org\/?page_id=1991"},"modified":"2025-11-21T10:55:41","modified_gmt":"2025-11-21T09:55:41","slug":"mision-y-valores","status":"publish","type":"page","link":"https:\/\/www.dexeusfoundation.org\/es\/quienes-somos\/mision-y-valores\/","title":{"rendered":"Misi\u00f3n y valores"},"content":{"rendered":"\t\t<div data-elementor-type=\"wp-page\" data-elementor-id=\"1991\" class=\"elementor elementor-1991\" data-elementor-post-type=\"page\">\n\t\t\t\t<div class=\"elementor-element elementor-element-2b28a41 e-con-full e-flex e-con e-parent\" data-id=\"2b28a41\" data-element_type=\"container\" data-e-type=\"container\" data-settings=\"{&quot;jet_parallax_layout_list&quot;:[],&quot;background_background&quot;:&quot;gradient&quot;}\">\n\t\t<div class=\"elementor-element elementor-element-aae8e1e e-con-full e-flex e-con e-child\" data-id=\"aae8e1e\" data-element_type=\"container\" data-e-type=\"container\" data-settings=\"{&quot;jet_parallax_layout_list&quot;:[]}\">\n\t\t\t\t<div class=\"elementor-element elementor-element-c978df9 elementor-widget elementor-widget-heading\" data-id=\"c978df9\" data-element_type=\"widget\" data-e-type=\"widget\" data-widget_type=\"heading.default\">\n\t\t\t\t\t<h1 class=\"elementor-heading-title elementor-size-default\">Misi\u00f3n y valores<\/h1>\t\t\t\t<\/div>\n\t\t\t\t<div class=\"elementor-element elementor-element-247aa4b elementor-widget elementor-widget-heading\" data-id=\"247aa4b\" data-element_type=\"widget\" data-e-type=\"widget\" data-widget_type=\"heading.default\">\n\t\t\t\t\t<p class=\"elementor-heading-title elementor-size-default\">Nuestra labor social se encamina a la atenci\u00f3n asistencial puntual de colectivos vulnerables y a la difusi\u00f3n y promoci\u00f3n de actividades cient\u00edficas, docentes y de investigaci\u00f3n relacionadas con las especialidades de Obstetricia, Ginecolog\u00eda y Medicina de la Reproducci\u00f3n<\/p>\t\t\t\t<\/div>\n\t\t\t\t<\/div>\n\t\t<div class=\"elementor-element elementor-element-894b18a e-con-full e-flex e-con e-child\" data-id=\"894b18a\" data-element_type=\"container\" data-e-type=\"container\" data-settings=\"{&quot;jet_parallax_layout_list&quot;:[]}\">\n\t\t\t\t<div class=\"elementor-element elementor-element-16a676d elementor-widget elementor-widget-image\" data-id=\"16a676d\" data-element_type=\"widget\" data-e-type=\"widget\" data-widget_type=\"image.default\">\n\t\t\t\t\t\t\t\t\t\t\t\t\t\t\t<img fetchpriority=\"high\" decoding=\"async\" width=\"800\" height=\"484\" src=\"https:\/\/www.dexeusfoundation.org\/wp-content\/uploads\/2025\/11\/Mision-y-valores-1024x619.png\" class=\"attachment-large size-large wp-image-4242\" alt=\"\" srcset=\"https:\/\/www.dexeusfoundation.org\/wp-content\/uploads\/2025\/11\/Mision-y-valores-1024x619.png 1024w, https:\/\/www.dexeusfoundation.org\/wp-content\/uploads\/2025\/11\/Mision-y-valores-300x181.png 300w, https:\/\/www.dexeusfoundation.org\/wp-content\/uploads\/2025\/11\/Mision-y-valores-768x464.png 768w, https:\/\/www.dexeusfoundation.org\/wp-content\/uploads\/2025\/11\/Mision-y-valores.png 1122w\" sizes=\"(max-width: 800px) 100vw, 800px\" \/>\t\t\t\t\t\t\t\t\t\t\t\t\t\t\t<\/div>\n\t\t\t\t<\/div>\n\t\t\t\t<\/div>\n\t\t<div class=\"elementor-element elementor-element-a7bef5b e-flex e-con-boxed e-con e-parent\" data-id=\"a7bef5b\" data-element_type=\"container\" data-e-type=\"container\" data-settings=\"{&quot;jet_parallax_layout_list&quot;:[]}\">\n\t\t\t\t\t<div class=\"e-con-inner\">\n\t\t<div class=\"elementor-element elementor-element-3f5de54 e-con-full e-flex e-con e-child\" data-id=\"3f5de54\" data-element_type=\"container\" data-e-type=\"container\" data-settings=\"{&quot;jet_parallax_layout_list&quot;:[]}\">\n\t\t\t\t<div class=\"elementor-element elementor-element-b8302ec elementor-widget elementor-widget-heading\" data-id=\"b8302ec\" data-element_type=\"widget\" data-e-type=\"widget\" data-widget_type=\"heading.default\">\n\t\t\t\t\t<h2 class=\"elementor-heading-title elementor-size-default\">Nuestra misi\u00f3n<\/h2>\t\t\t\t<\/div>\n\t\t\t\t<\/div>\n\t\t<div class=\"elementor-element elementor-element-821a86c e-con-full e-flex e-con e-child\" data-id=\"821a86c\" data-element_type=\"container\" data-e-type=\"container\" data-settings=\"{&quot;jet_parallax_layout_list&quot;:[]}\">\n\t\t\t\t<div class=\"elementor-element elementor-element-b632d8f elementor-widget elementor-widget-text-editor\" data-id=\"b632d8f\" data-element_type=\"widget\" data-e-type=\"widget\" data-widget_type=\"text-editor.default\">\n\t\t\t\t\t\t\t\t\t<p>En nuestra Fundaci\u00f3n trabajamos con un prop\u00f3sito muy claro: cuidar de la salud y el bienestar de las mujeres en todas las etapas de su vida, desde la infancia hasta la madurez.\u00a0<\/p><p>Queremos que cada mujer tenga acceso a los \u00faltimos avances en Ginecolog\u00eda, Obstetricia y Reproducci\u00f3n, y que tanto la poblaci\u00f3n como los profesionales de la salud puedan beneficiarse del conocimiento que podemos aportar y la innovaci\u00f3n m\u00e9dica que impulsamos a trav\u00e9s de nuestra actividad de investigaci\u00f3n.<\/p><p>Pero m\u00e1s all\u00e1 de la ciencia, nos mueve la empat\u00eda, la solidaridad y el compromiso social. Por eso, ponemos el coraz\u00f3n en cada acci\u00f3n, programa y proyecto que emprendemos, para que tengan un impacto real en la vida de las personas.<\/p>\t\t\t\t\t\t\t\t<\/div>\n\t\t\t\t<\/div>\n\t\t\t\t\t<\/div>\n\t\t\t\t<\/div>\n\t\t<div class=\"elementor-element elementor-element-6bbe01b e-flex e-con-boxed e-con e-parent\" data-id=\"6bbe01b\" data-element_type=\"container\" data-e-type=\"container\" data-settings=\"{&quot;jet_parallax_layout_list&quot;:[]}\">\n\t\t\t\t\t<div class=\"e-con-inner\">\n\t\t<div class=\"elementor-element elementor-element-9570f3a e-con-full e-flex e-con e-child\" data-id=\"9570f3a\" data-element_type=\"container\" data-e-type=\"container\" data-settings=\"{&quot;jet_parallax_layout_list&quot;:[]}\">\n\t\t\t\t<div class=\"elementor-element elementor-element-f716ee3 elementor-headline--style-highlight elementor-widget elementor-widget-animated-headline\" data-id=\"f716ee3\" data-element_type=\"widget\" data-e-type=\"widget\" data-settings=\"{&quot;marker&quot;:&quot;underline_zigzag&quot;,&quot;highlighted_text&quot;:&quot;lo hacemos realidad&quot;,&quot;headline_style&quot;:&quot;highlight&quot;,&quot;loop&quot;:&quot;yes&quot;,&quot;highlight_animation_duration&quot;:1200,&quot;highlight_iteration_delay&quot;:8000}\" data-widget_type=\"animated-headline.default\">\n\t\t\t\t\t\t\t<span class=\"elementor-headline\">\n\t\t\t\t\t<span class=\"elementor-headline-plain-text elementor-headline-text-wrapper\">Lo que creemos,<\/span>\n\t\t\t\t<span class=\"elementor-headline-dynamic-wrapper elementor-headline-text-wrapper\">\n\t\t\t\t\t<span class=\"elementor-headline-dynamic-text elementor-headline-text-active\">lo hacemos realidad<\/span>\n\t\t\t\t<\/span>\n\t\t\t\t<\/span>\n\t\t\t\t\t\t<\/div>\n\t\t\t\t<\/div>\n\t\t<div class=\"elementor-element elementor-element-4f7ef4f e-con-full e-flex e-con e-child\" data-id=\"4f7ef4f\" data-element_type=\"container\" data-e-type=\"container\" data-settings=\"{&quot;jet_parallax_layout_list&quot;:[]}\">\n\t\t\t\t<div class=\"elementor-element elementor-element-59945a9 elementor-widget elementor-widget-text-editor\" data-id=\"59945a9\" data-element_type=\"widget\" data-e-type=\"widget\" data-widget_type=\"text-editor.default\">\n\t\t\t\t\t\t\t\t\t<p>Los valores de nuestra Fundaci\u00f3n se reflejan en nuestras acciones de responsabilidad social, y especialmente en la labor asistencial que ofrecemos de forma gratuita, por propia iniciativa o en colaboraci\u00f3n con otras entidades y asociaciones.<\/p>\t\t\t\t\t\t\t\t<\/div>\n\t\t\t\t<\/div>\n\t\t\t\t\t<\/div>\n\t\t\t\t<\/div>\n\t\t<div class=\"elementor-element elementor-element-a32d7e2 e-flex e-con-boxed e-con e-parent\" data-id=\"a32d7e2\" data-element_type=\"container\" data-e-type=\"container\" data-settings=\"{&quot;background_background&quot;:&quot;classic&quot;,&quot;jet_parallax_layout_list&quot;:[]}\">\n\t\t\t\t\t<div class=\"e-con-inner\">\n\t\t<div class=\"elementor-element elementor-element-35d487f e-con-full e-flex e-con e-child\" data-id=\"35d487f\" data-element_type=\"container\" data-e-type=\"container\" data-settings=\"{&quot;jet_parallax_layout_list&quot;:[]}\">\n\t\t\t\t<div class=\"elementor-element elementor-element-fa0b5e5 elementor-widget elementor-widget-heading\" data-id=\"fa0b5e5\" data-element_type=\"widget\" data-e-type=\"widget\" data-widget_type=\"heading.default\">\n\t\t\t\t\t<h2 class=\"elementor-heading-title elementor-size-default\">Detr\u00e1s de cada programa, hay una historia<\/h2>\t\t\t\t<\/div>\n\t\t\t\t<div class=\"elementor-element elementor-element-c432141 elementor-widget elementor-widget-text-editor\" data-id=\"c432141\" data-element_type=\"widget\" data-e-type=\"widget\" data-widget_type=\"text-editor.default\">\n\t\t\t\t\t\t\t\t\t<p>En la Fundaci\u00f3n, no solo ofrecemos atenci\u00f3n m\u00e9dica, sino tambi\u00e9n apoyo y acompa\u00f1amiento.\u00a0<\/p><p>Detr\u00e1s de cada uno de nuestros programas hay un rostro, una historia, vidas reales. Mujeres que afrontan momentos dif\u00edciles, buscan esperanza, necesitan apoyo o atenci\u00f3n m\u00e9dica urgente, y profesionales de la salud que ponen su conocimiento y su coraz\u00f3n al servicio de los dem\u00e1s.<\/p><p><b>Cada una de ellas nos recuerda que la medicina va m\u00e1s all\u00e1 de los tratamientos: <\/b><\/p>\t\t\t\t\t\t\t\t<\/div>\n\t\t\t\t<div class=\"elementor-element elementor-element-d3f54c5 elementor-headline--style-rotate elementor-widget elementor-widget-animated-headline\" data-id=\"d3f54c5\" data-element_type=\"widget\" data-e-type=\"widget\" data-settings=\"{&quot;headline_style&quot;:&quot;rotate&quot;,&quot;animation_type&quot;:&quot;blinds&quot;,&quot;rotating_text&quot;:&quot;empat\\u00eda\\ncuidado\\nestar presente cuando m\\u00e1s se necesita&quot;,&quot;rotate_iteration_delay&quot;:1500,&quot;loop&quot;:&quot;yes&quot;}\" data-widget_type=\"animated-headline.default\">\n\t\t\t\t\t\t\t<span class=\"elementor-headline elementor-headline-animation-type-blinds elementor-headline-letters\">\n\t\t\t\t\t<span class=\"elementor-headline-plain-text elementor-headline-text-wrapper\">Es<\/span>\n\t\t\t\t<span class=\"elementor-headline-dynamic-wrapper elementor-headline-text-wrapper\">\n\t\t\t\t\t<span class=\"elementor-headline-dynamic-text elementor-headline-text-active\">\n\t\t\t\tempat\u00eda\t\t\t<\/span>\n\t\t\t\t\t<span class=\"elementor-headline-dynamic-text\">\n\t\t\t\tcuidado\t\t\t<\/span>\n\t\t\t\t\t<span class=\"elementor-headline-dynamic-text\">\n\t\t\t\testar&nbsp;presente&nbsp;cuando&nbsp;m\u00e1s&nbsp;se&nbsp;necesita\t\t\t<\/span>\n\t\t\t\t\t\t<\/span>\n\t\t\t\t<\/span>\n\t\t\t\t\t\t<\/div>\n\t\t\t\t<div class=\"elementor-element elementor-element-424143c elementor-widget elementor-widget-button\" data-id=\"424143c\" data-element_type=\"widget\" data-e-type=\"widget\" data-widget_type=\"button.default\">\n\t\t\t\t\t\t\t\t\t\t<a class=\"elementor-button elementor-button-link elementor-size-sm\" href=\"https:\/\/www.dexeusfoundation.org\/es\/accion-social\/\">\n\t\t\t\t\t\t<span class=\"elementor-button-content-wrapper\">\n\t\t\t\t\t\t\t\t\t<span class=\"elementor-button-text\">Descubre todo lo que hacemos<\/span>\n\t\t\t\t\t<\/span>\n\t\t\t\t\t<\/a>\n\t\t\t\t\t\t\t\t<\/div>\n\t\t\t\t<\/div>\n\t\t<div class=\"elementor-element elementor-element-75c94aa e-con-full e-flex e-con e-child\" data-id=\"75c94aa\" data-element_type=\"container\" data-e-type=\"container\" data-settings=\"{&quot;jet_parallax_layout_list&quot;:[],&quot;background_background&quot;:&quot;classic&quot;}\">\n\t\t\t\t<\/div>\n\t\t\t\t\t<\/div>\n\t\t\t\t<\/div>\n\t\t\t\t<\/div>\n\t\t","protected":false},"excerpt":{"rendered":"<p>Nuestra labor social se encamina a la atenci\u00f3n asistencial puntual de colectivos vulnerables y a la difusi\u00f3n y promoci\u00f3n de actividades cient\u00edficas, docentes y de investigaci\u00f3n relacionadas con las especialidades de Obstetricia, Ginecolog\u00eda y Medicina de la Reproducci\u00f3n Nuestra misi\u00f3n En nuestra Fundaci\u00f3n trabajamos con un prop\u00f3sito muy claro: cuidar de la salud y el [&hellip;]<\/p>\n","protected":false},"author":1,"featured_media":4242,"parent":39,"menu_order":0,"comment_status":"closed","ping_status":"closed","template":"","meta":{"footnotes":""},"class_list":["post-1991","page","type-page","status-publish","has-post-thumbnail","hentry"],"yoast_head":"<!-- This site is optimized with the Yoast SEO plugin v27.0 - https:\/\/yoast.com\/product\/yoast-seo-wordpress\/ -->\n<title>Misi\u00f3n y valores - Fundaci\u00f3n Dexeus Mujer<\/title>\n<meta name=\"description\" content=\"Nuestra labor social se encamina a la atenci\u00f3n asistencial puntual de colectivos vulnerables y a la difusi\u00f3n y promoci\u00f3n de actividades cient\u00edficas,\" \/>\n<meta name=\"robots\" content=\"index, follow, max-snippet:-1, max-image-preview:large, max-video-preview:-1\" \/>\n<link rel=\"canonical\" href=\"https:\/\/www.dexeusfoundation.org\/es\/quienes-somos\/mision-y-valores\/\" \/>\n<meta property=\"og:locale\" content=\"es_ES\" \/>\n<meta property=\"og:type\" content=\"article\" \/>\n<meta property=\"og:title\" content=\"Misi\u00f3n y valores - Fundaci\u00f3n Dexeus Mujer\" \/>\n<meta property=\"og:description\" content=\"Nuestra labor social se encamina a la atenci\u00f3n asistencial puntual de colectivos vulnerables y a la difusi\u00f3n y promoci\u00f3n de actividades cient\u00edficas,\" \/>\n<meta property=\"og:url\" content=\"https:\/\/www.dexeusfoundation.org\/es\/quienes-somos\/mision-y-valores\/\" \/>\n<meta property=\"og:site_name\" content=\"Fundaci\u00f3n Dexeus Mujer\" \/>\n<meta property=\"article:modified_time\" content=\"2025-11-21T09:55:41+00:00\" \/>\n<meta property=\"og:image\" content=\"https:\/\/www.dexeusfoundation.org\/wp-content\/uploads\/2025\/11\/Mision-y-valores.png\" \/>\n\t<meta property=\"og:image:width\" content=\"1122\" \/>\n\t<meta property=\"og:image:height\" content=\"678\" \/>\n\t<meta property=\"og:image:type\" content=\"image\/png\" \/>\n<meta name=\"twitter:card\" content=\"summary_large_image\" \/>\n<script type=\"application\/ld+json\" class=\"yoast-schema-graph\">{\"@context\":\"https:\/\/schema.org\",\"@graph\":[{\"@type\":\"WebPage\",\"@id\":\"https:\/\/www.dexeusfoundation.org\/es\/quienes-somos\/mision-y-valores\/\",\"url\":\"https:\/\/www.dexeusfoundation.org\/es\/quienes-somos\/mision-y-valores\/\",\"name\":\"Misi\u00f3n y valores - Fundaci\u00f3n Dexeus Mujer\",\"isPartOf\":{\"@id\":\"https:\/\/www.dexeusfoundation.org\/es\/#website\"},\"primaryImageOfPage\":{\"@id\":\"https:\/\/www.dexeusfoundation.org\/es\/quienes-somos\/mision-y-valores\/#primaryimage\"},\"image\":{\"@id\":\"https:\/\/www.dexeusfoundation.org\/es\/quienes-somos\/mision-y-valores\/#primaryimage\"},\"thumbnailUrl\":\"https:\/\/www.dexeusfoundation.org\/wp-content\/uploads\/2025\/11\/Mision-y-valores.png\",\"datePublished\":\"2025-08-20T07:22:52+00:00\",\"dateModified\":\"2025-11-21T09:55:41+00:00\",\"description\":\"Nuestra labor social se encamina a la atenci\u00f3n asistencial puntual de colectivos vulnerables y a la difusi\u00f3n y promoci\u00f3n de actividades cient\u00edficas,\",\"breadcrumb\":{\"@id\":\"https:\/\/www.dexeusfoundation.org\/es\/quienes-somos\/mision-y-valores\/#breadcrumb\"},\"inLanguage\":\"es\",\"potentialAction\":[{\"@type\":\"ReadAction\",\"target\":[\"https:\/\/www.dexeusfoundation.org\/es\/quienes-somos\/mision-y-valores\/\"]}]},{\"@type\":\"ImageObject\",\"inLanguage\":\"es\",\"@id\":\"https:\/\/www.dexeusfoundation.org\/es\/quienes-somos\/mision-y-valores\/#primaryimage\",\"url\":\"https:\/\/www.dexeusfoundation.org\/wp-content\/uploads\/2025\/11\/Mision-y-valores.png\",\"contentUrl\":\"https:\/\/www.dexeusfoundation.org\/wp-content\/uploads\/2025\/11\/Mision-y-valores.png\",\"width\":1122,\"height\":678},{\"@type\":\"BreadcrumbList\",\"@id\":\"https:\/\/www.dexeusfoundation.org\/es\/quienes-somos\/mision-y-valores\/#breadcrumb\",\"itemListElement\":[{\"@type\":\"ListItem\",\"position\":1,\"name\":\"Portada\",\"item\":\"https:\/\/www.dexeusfoundation.org\/es\/\"},{\"@type\":\"ListItem\",\"position\":2,\"name\":\"Qui\u00e9nes somos\",\"item\":\"https:\/\/www.dexeusfoundation.org\/es\/about-us\/\"},{\"@type\":\"ListItem\",\"position\":3,\"name\":\"Misi\u00f3n y valores\"}]},{\"@type\":\"WebSite\",\"@id\":\"https:\/\/www.dexeusfoundation.org\/es\/#website\",\"url\":\"https:\/\/www.dexeusfoundation.org\/es\/\",\"name\":\"Fundaci\u00f3n Dexeus Mujer\",\"description\":\"\",\"publisher\":{\"@id\":\"https:\/\/www.dexeusfoundation.org\/es\/#organization\"},\"potentialAction\":[{\"@type\":\"SearchAction\",\"target\":{\"@type\":\"EntryPoint\",\"urlTemplate\":\"https:\/\/www.dexeusfoundation.org\/es\/?s={search_term_string}\"},\"query-input\":{\"@type\":\"PropertyValueSpecification\",\"valueRequired\":true,\"valueName\":\"search_term_string\"}}],\"inLanguage\":\"es\"},{\"@type\":\"Organization\",\"@id\":\"https:\/\/www.dexeusfoundation.org\/es\/#organization\",\"name\":\"Fundaci\u00f3n Dexeus Mujer\",\"url\":\"https:\/\/www.dexeusfoundation.org\/es\/\",\"logo\":{\"@type\":\"ImageObject\",\"inLanguage\":\"es\",\"@id\":\"https:\/\/www.dexeusfoundation.org\/es\/#\/schema\/logo\/image\/\",\"url\":\"https:\/\/www.dexeusfoundation.org\/wp-content\/uploads\/2025\/07\/Logo-Fundacion-Dexeus-Mujer.png\",\"contentUrl\":\"https:\/\/www.dexeusfoundation.org\/wp-content\/uploads\/2025\/07\/Logo-Fundacion-Dexeus-Mujer.png\",\"width\":2067,\"height\":1773,\"caption\":\"Fundaci\u00f3n Dexeus Mujer\"},\"image\":{\"@id\":\"https:\/\/www.dexeusfoundation.org\/es\/#\/schema\/logo\/image\/\"},\"sameAs\":[\"https:\/\/es.linkedin.com\/company\/fundacion-dexeus-mujer\"]}]}<\/script>\n<!-- \/ Yoast SEO plugin. -->","yoast_head_json":{"title":"Misi\u00f3n y valores - Fundaci\u00f3n Dexeus Mujer","description":"Nuestra labor social se encamina a la atenci\u00f3n asistencial puntual de colectivos vulnerables y a la difusi\u00f3n y promoci\u00f3n de actividades cient\u00edficas,","robots":{"index":"index","follow":"follow","max-snippet":"max-snippet:-1","max-image-preview":"max-image-preview:large","max-video-preview":"max-video-preview:-1"},"canonical":"https:\/\/www.dexeusfoundation.org\/es\/quienes-somos\/mision-y-valores\/","og_locale":"es_ES","og_type":"article","og_title":"Misi\u00f3n y valores - Fundaci\u00f3n Dexeus Mujer","og_description":"Nuestra labor social se encamina a la atenci\u00f3n asistencial puntual de colectivos vulnerables y a la difusi\u00f3n y promoci\u00f3n de actividades cient\u00edficas,","og_url":"https:\/\/www.dexeusfoundation.org\/es\/quienes-somos\/mision-y-valores\/","og_site_name":"Fundaci\u00f3n Dexeus Mujer","article_modified_time":"2025-11-21T09:55:41+00:00","og_image":[{"width":1122,"height":678,"url":"https:\/\/www.dexeusfoundation.org\/wp-content\/uploads\/2025\/11\/Mision-y-valores.png","type":"image\/png"}],"twitter_card":"summary_large_image","schema":{"@context":"https:\/\/schema.org","@graph":[{"@type":"WebPage","@id":"https:\/\/www.dexeusfoundation.org\/es\/quienes-somos\/mision-y-valores\/","url":"https:\/\/www.dexeusfoundation.org\/es\/quienes-somos\/mision-y-valores\/","name":"Misi\u00f3n y valores - Fundaci\u00f3n Dexeus Mujer","isPartOf":{"@id":"https:\/\/www.dexeusfoundation.org\/es\/#website"},"primaryImageOfPage":{"@id":"https:\/\/www.dexeusfoundation.org\/es\/quienes-somos\/mision-y-valores\/#primaryimage"},"image":{"@id":"https:\/\/www.dexeusfoundation.org\/es\/quienes-somos\/mision-y-valores\/#primaryimage"},"thumbnailUrl":"https:\/\/www.dexeusfoundation.org\/wp-content\/uploads\/2025\/11\/Mision-y-valores.png","datePublished":"2025-08-20T07:22:52+00:00","dateModified":"2025-11-21T09:55:41+00:00","description":"Nuestra labor social se encamina a la atenci\u00f3n asistencial puntual de colectivos vulnerables y a la difusi\u00f3n y promoci\u00f3n de actividades cient\u00edficas,","breadcrumb":{"@id":"https:\/\/www.dexeusfoundation.org\/es\/quienes-somos\/mision-y-valores\/#breadcrumb"},"inLanguage":"es","potentialAction":[{"@type":"ReadAction","target":["https:\/\/www.dexeusfoundation.org\/es\/quienes-somos\/mision-y-valores\/"]}]},{"@type":"ImageObject","inLanguage":"es","@id":"https:\/\/www.dexeusfoundation.org\/es\/quienes-somos\/mision-y-valores\/#primaryimage","url":"https:\/\/www.dexeusfoundation.org\/wp-content\/uploads\/2025\/11\/Mision-y-valores.png","contentUrl":"https:\/\/www.dexeusfoundation.org\/wp-content\/uploads\/2025\/11\/Mision-y-valores.png","width":1122,"height":678},{"@type":"BreadcrumbList","@id":"https:\/\/www.dexeusfoundation.org\/es\/quienes-somos\/mision-y-valores\/#breadcrumb","itemListElement":[{"@type":"ListItem","position":1,"name":"Portada","item":"https:\/\/www.dexeusfoundation.org\/es\/"},{"@type":"ListItem","position":2,"name":"Qui\u00e9nes somos","item":"https:\/\/www.dexeusfoundation.org\/es\/about-us\/"},{"@type":"ListItem","position":3,"name":"Misi\u00f3n y valores"}]},{"@type":"WebSite","@id":"https:\/\/www.dexeusfoundation.org\/es\/#website","url":"https:\/\/www.dexeusfoundation.org\/es\/","name":"Fundaci\u00f3n Dexeus Mujer","description":"","publisher":{"@id":"https:\/\/www.dexeusfoundation.org\/es\/#organization"},"potentialAction":[{"@type":"SearchAction","target":{"@type":"EntryPoint","urlTemplate":"https:\/\/www.dexeusfoundation.org\/es\/?s={search_term_string}"},"query-input":{"@type":"PropertyValueSpecification","valueRequired":true,"valueName":"search_term_string"}}],"inLanguage":"es"},{"@type":"Organization","@id":"https:\/\/www.dexeusfoundation.org\/es\/#organization","name":"Fundaci\u00f3n Dexeus Mujer","url":"https:\/\/www.dexeusfoundation.org\/es\/","logo":{"@type":"ImageObject","inLanguage":"es","@id":"https:\/\/www.dexeusfoundation.org\/es\/#\/schema\/logo\/image\/","url":"https:\/\/www.dexeusfoundation.org\/wp-content\/uploads\/2025\/07\/Logo-Fundacion-Dexeus-Mujer.png","contentUrl":"https:\/\/www.dexeusfoundation.org\/wp-content\/uploads\/2025\/07\/Logo-Fundacion-Dexeus-Mujer.png","width":2067,"height":1773,"caption":"Fundaci\u00f3n Dexeus Mujer"},"image":{"@id":"https:\/\/www.dexeusfoundation.org\/es\/#\/schema\/logo\/image\/"},"sameAs":["https:\/\/es.linkedin.com\/company\/fundacion-dexeus-mujer"]}]}},"_links":{"self":[{"href":"https:\/\/www.dexeusfoundation.org\/es\/wp-json\/wp\/v2\/pages\/1991","targetHints":{"allow":["GET"]}}],"collection":[{"href":"https:\/\/www.dexeusfoundation.org\/es\/wp-json\/wp\/v2\/pages"}],"about":[{"href":"https:\/\/www.dexeusfoundation.org\/es\/wp-json\/wp\/v2\/types\/page"}],"author":[{"embeddable":true,"href":"https:\/\/www.dexeusfoundation.org\/es\/wp-json\/wp\/v2\/users\/1"}],"replies":[{"embeddable":true,"href":"https:\/\/www.dexeusfoundation.org\/es\/wp-json\/wp\/v2\/comments?post=1991"}],"version-history":[{"count":0,"href":"https:\/\/www.dexeusfoundation.org\/es\/wp-json\/wp\/v2\/pages\/1991\/revisions"}],"up":[{"embeddable":true,"href":"https:\/\/www.dexeusfoundation.org\/es\/wp-json\/wp\/v2\/pages\/39"}],"wp:featuredmedia":[{"embeddable":true,"href":"https:\/\/www.dexeusfoundation.org\/es\/wp-json\/wp\/v2\/media\/4242"}],"wp:attachment":[{"href":"https:\/\/www.dexeusfoundation.org\/es\/wp-json\/wp\/v2\/media?parent=1991"}],"curies":[{"name":"wp","href":"https:\/\/api.w.org\/{rel}","templated":true}]}}