{"id":3318,"date":"2025-09-01T09:43:47","date_gmt":"2025-09-01T07:43:47","guid":{"rendered":"https:\/\/www.dexeusfoundation.org\/?page_id=3318"},"modified":"2025-12-09T11:48:40","modified_gmt":"2025-12-09T10:48:40","slug":"eventos-cientificos","status":"publish","type":"page","link":"https:\/\/www.dexeusfoundation.org\/es\/eventos-cientificos\/","title":{"rendered":"Eventos cient\u00edficos"},"content":{"rendered":"\t\t<div data-elementor-type=\"wp-page\" data-elementor-id=\"3318\" class=\"elementor elementor-3318\" data-elementor-post-type=\"page\">\n\t\t\t\t<div class=\"elementor-element elementor-element-c8bb306 e-con-full e-flex e-con e-parent\" data-id=\"c8bb306\" data-element_type=\"container\" data-e-type=\"container\" data-settings=\"{&quot;jet_parallax_layout_list&quot;:[]}\">\n\t\t<div class=\"elementor-element elementor-element-138d7bb e-con-full e-flex e-con e-child\" data-id=\"138d7bb\" data-element_type=\"container\" data-e-type=\"container\" data-settings=\"{&quot;background_background&quot;:&quot;gradient&quot;,&quot;jet_parallax_layout_list&quot;:[]}\">\n\t\t\t\t<div class=\"elementor-element elementor-element-1580052 elementor-widget elementor-widget-heading\" data-id=\"1580052\" data-element_type=\"widget\" data-e-type=\"widget\" data-widget_type=\"heading.default\">\n\t\t\t\t\t<h1 class=\"elementor-heading-title elementor-size-default\">Eventos cient\u00edficos<\/h1>\t\t\t\t<\/div>\n\t\t\t\t<div class=\"elementor-element elementor-element-1df8d71 elementor-widget elementor-widget-heading\" data-id=\"1df8d71\" data-element_type=\"widget\" data-e-type=\"widget\" data-widget_type=\"heading.default\">\n\t\t\t\t\t<h2 class=\"elementor-heading-title elementor-size-default\">Conectamos profesionales y promovemos el avance cient\u00edfico para mejorar la atenci\u00f3n m\u00e9dica<\/h2>\t\t\t\t<\/div>\n\t\t\t\t<\/div>\n\t\t<div class=\"elementor-element elementor-element-36e19e1 e-con-full e-flex e-con e-child\" data-id=\"36e19e1\" data-element_type=\"container\" data-e-type=\"container\" data-settings=\"{&quot;background_background&quot;:&quot;classic&quot;,&quot;jet_parallax_layout_list&quot;:[]}\">\n\t\t\t\t<\/div>\n\t\t\t\t<\/div>\n\t\t<div class=\"elementor-element elementor-element-fff2a1c e-flex e-con-boxed e-con e-parent\" data-id=\"fff2a1c\" data-element_type=\"container\" data-e-type=\"container\" data-settings=\"{&quot;background_background&quot;:&quot;classic&quot;,&quot;jet_parallax_layout_list&quot;:[]}\">\n\t\t\t\t\t<div class=\"e-con-inner\">\n\t\t\t\t<div class=\"elementor-element elementor-element-66a8ba1 elementor-widget elementor-widget-heading\" data-id=\"66a8ba1\" data-element_type=\"widget\" data-e-type=\"widget\" data-widget_type=\"heading.default\">\n\t\t\t\t\t<h2 class=\"elementor-heading-title elementor-size-default\">Encuentros para compartir y avanzar<\/h2>\t\t\t\t<\/div>\n\t\t\t\t<div class=\"elementor-element elementor-element-9edf551 elementor-widget__width-initial elementor-widget elementor-widget-text-editor\" data-id=\"9edf551\" data-element_type=\"widget\" data-e-type=\"widget\" data-widget_type=\"text-editor.default\">\n\t\t\t\t\t\t\t\t\t<p>En l\u00ednea con el objetivo de promover el avance de la investigaci\u00f3n, la Fundaci\u00f3n Dexeus Mujer organiza diversos encuentros y eventos cient\u00edficos dirigidos a profesionales, con el fin de dar a conocer los \u00faltimos avances m\u00e9dicos en el \u00e1mbito de la infertilidad y la reproducci\u00f3n humana y facilitar el di\u00e1logo, el debate y el <i>networking<\/i>.<\/p>\t\t\t\t\t\t\t\t<\/div>\n\t\t\t\t\t<\/div>\n\t\t\t\t<\/div>\n\t\t<div class=\"elementor-element elementor-element-33449a1 e-con-full e-flex e-con e-parent\" data-id=\"33449a1\" data-element_type=\"container\" data-e-type=\"container\" data-settings=\"{&quot;jet_parallax_layout_list&quot;:[]}\">\n\t\t<div class=\"elementor-element elementor-element-054ff73 e-con-full e-flex e-con e-child\" data-id=\"054ff73\" data-element_type=\"container\" data-e-type=\"container\" data-settings=\"{&quot;background_background&quot;:&quot;gradient&quot;,&quot;jet_parallax_layout_list&quot;:[]}\">\n\t\t<div class=\"elementor-element elementor-element-e2219e0 e-con-full e-flex e-con e-child\" data-id=\"e2219e0\" data-element_type=\"container\" data-e-type=\"container\" data-settings=\"{&quot;jet_parallax_layout_list&quot;:[]}\">\n\t\t\t\t<div class=\"elementor-element elementor-element-42307cf elementor-widget elementor-widget-image\" data-id=\"42307cf\" data-element_type=\"widget\" data-e-type=\"widget\" data-widget_type=\"image.default\">\n\t\t\t\t\t\t\t\t\t\t\t\t\t\t\t<img fetchpriority=\"high\" decoding=\"async\" width=\"800\" height=\"526\" src=\"https:\/\/www.dexeusfoundation.org\/wp-content\/uploads\/2025\/08\/Congress-1024x673.jpg\" class=\"attachment-large size-large wp-image-2631\" alt=\"\" srcset=\"https:\/\/www.dexeusfoundation.org\/wp-content\/uploads\/2025\/08\/Congress-1024x673.jpg 1024w, https:\/\/www.dexeusfoundation.org\/wp-content\/uploads\/2025\/08\/Congress-300x197.jpg 300w, https:\/\/www.dexeusfoundation.org\/wp-content\/uploads\/2025\/08\/Congress-768x505.jpg 768w, https:\/\/www.dexeusfoundation.org\/wp-content\/uploads\/2025\/08\/Congress.jpg 1400w\" sizes=\"(max-width: 800px) 100vw, 800px\" \/>\t\t\t\t\t\t\t\t\t\t\t\t\t\t\t<\/div>\n\t\t\t\t<\/div>\n\t\t<div class=\"elementor-element elementor-element-5dead2d e-con-full e-flex e-con e-child\" data-id=\"5dead2d\" data-element_type=\"container\" data-e-type=\"container\" data-settings=\"{&quot;jet_parallax_layout_list&quot;:[]}\">\n\t\t\t\t<div class=\"elementor-element elementor-element-aa3ec23 elementor-widget elementor-widget-heading\" data-id=\"aa3ec23\" data-element_type=\"widget\" data-e-type=\"widget\" data-widget_type=\"heading.default\">\n\t\t\t\t\t<h2 class=\"elementor-heading-title elementor-size-default\">International Dexeus Congress <\/h2>\t\t\t\t<\/div>\n\t\t\t\t<div class=\"elementor-element elementor-element-117f584 elementor-widget elementor-widget-text-editor\" data-id=\"117f584\" data-element_type=\"widget\" data-e-type=\"widget\" data-widget_type=\"text-editor.default\">\n\t\t\t\t\t\t\t\t\t<p>Se trata de un certamen internacional de car\u00e1cter bianual que re\u00fane a algunos de los mejores especialistas mundiales en el \u00e1rea de la reproducci\u00f3n humana y la embriolog\u00eda. Adem\u00e1s de revisar los \u00faltimos avances y novedades, su objetivo es favorecer el intercambio de experiencias y opiniones y reflexionar en torno a aspectos innovadores que actualmente son objeto de debate o controversia, como el impacto del medio ambiente en la fertilidad humana o la incorporaci\u00f3n de la IA en el laboratorio, el diagn\u00f3stico y los tratamientos.<\/p>\t\t\t\t\t\t\t\t<\/div>\n\t\t\t\t<div class=\"elementor-element elementor-element-00f09da elementor-align-start elementor-icon-list--layout-traditional elementor-list-item-link-full_width elementor-widget elementor-widget-icon-list\" data-id=\"00f09da\" data-element_type=\"widget\" data-e-type=\"widget\" data-widget_type=\"icon-list.default\">\n\t\t\t\t\t\t\t<ul class=\"elementor-icon-list-items\">\n\t\t\t\t\t\t\t<li class=\"elementor-icon-list-item\">\n\t\t\t\t\t\t\t\t\t\t\t<span class=\"elementor-icon-list-icon\">\n\t\t\t\t\t\t\t<svg aria-hidden=\"true\" class=\"e-font-icon-svg e-far-calendar-check\" viewBox=\"0 0 448 512\" xmlns=\"http:\/\/www.w3.org\/2000\/svg\"><path d=\"M400 64h-48V12c0-6.627-5.373-12-12-12h-40c-6.627 0-12 5.373-12 12v52H160V12c0-6.627-5.373-12-12-12h-40c-6.627 0-12 5.373-12 12v52H48C21.49 64 0 85.49 0 112v352c0 26.51 21.49 48 48 48h352c26.51 0 48-21.49 48-48V112c0-26.51-21.49-48-48-48zm-6 400H54a6 6 0 0 1-6-6V160h352v298a6 6 0 0 1-6 6zm-52.849-200.65L198.842 404.519c-4.705 4.667-12.303 4.637-16.971-.068l-75.091-75.699c-4.667-4.705-4.637-12.303.068-16.971l22.719-22.536c4.705-4.667 12.303-4.637 16.97.069l44.104 44.461 111.072-110.181c4.705-4.667 12.303-4.637 16.971.068l22.536 22.718c4.667 4.705 4.636 12.303-.069 16.97z\"><\/path><\/svg>\t\t\t\t\t\t<\/span>\n\t\t\t\t\t\t\t\t\t\t<span class=\"elementor-icon-list-text\">23-25 abril 2026, Fira de Barcelona.<\/span>\n\t\t\t\t\t\t\t\t\t<\/li>\n\t\t\t\t\t\t<\/ul>\n\t\t\t\t\t\t<\/div>\n\t\t\t\t<div class=\"elementor-element elementor-element-8ba6e21 elementor-widget elementor-widget-button\" data-id=\"8ba6e21\" data-element_type=\"widget\" data-e-type=\"widget\" data-widget_type=\"button.default\">\n\t\t\t\t\t\t\t\t\t\t<a class=\"elementor-button elementor-button-link elementor-size-sm\" href=\"https:\/\/www.dexeusfoundation.org\/congress\/\" target=\"_blank\">\n\t\t\t\t\t\t<span class=\"elementor-button-content-wrapper\">\n\t\t\t\t\t\t\t\t\t<span class=\"elementor-button-text\">M\u00e1s informaci\u00f3n edici\u00f3n 2026<\/span>\n\t\t\t\t\t<\/span>\n\t\t\t\t\t<\/a>\n\t\t\t\t\t\t\t\t<\/div>\n\t\t\t\t<div class=\"elementor-element elementor-element-5ebfb6a elementor-align-start elementor-icon-list--layout-inline elementor-list-item-link-full_width elementor-widget elementor-widget-icon-list\" data-id=\"5ebfb6a\" data-element_type=\"widget\" data-e-type=\"widget\" data-widget_type=\"icon-list.default\">\n\t\t\t\t\t\t\t<ul class=\"elementor-icon-list-items elementor-inline-items\">\n\t\t\t\t\t\t\t<li class=\"elementor-icon-list-item elementor-inline-item\">\n\t\t\t\t\t\t\t\t\t\t\t<a href=\"https:\/\/www.dexeusfoundation.org\/46dexeuscongress\/\" target=\"_blank\">\n\n\t\t\t\t\t\t\t\t\t\t\t\t<span class=\"elementor-icon-list-icon\">\n\t\t\t\t\t\t\t<svg aria-hidden=\"true\" class=\"e-font-icon-svg e-fas-arrow-right\" viewBox=\"0 0 448 512\" xmlns=\"http:\/\/www.w3.org\/2000\/svg\"><path d=\"M190.5 66.9l22.2-22.2c9.4-9.4 24.6-9.4 33.9 0L441 239c9.4 9.4 9.4 24.6 0 33.9L246.6 467.3c-9.4 9.4-24.6 9.4-33.9 0l-22.2-22.2c-9.5-9.5-9.3-25 .4-34.3L311.4 296H24c-13.3 0-24-10.7-24-24v-32c0-13.3 10.7-24 24-24h287.4L190.9 101.2c-9.8-9.3-10-24.8-.4-34.3z\"><\/path><\/svg>\t\t\t\t\t\t<\/span>\n\t\t\t\t\t\t\t\t\t\t<span class=\"elementor-icon-list-text\">Edici\u00f3n 2024<\/span>\n\t\t\t\t\t\t\t\t\t\t\t<\/a>\n\t\t\t\t\t\t\t\t\t<\/li>\n\t\t\t\t\t\t\t\t<li class=\"elementor-icon-list-item elementor-inline-item\">\n\t\t\t\t\t\t\t\t\t\t\t<a href=\"https:\/\/www.dexeusfoundation.org\/forum\/\" target=\"_blank\">\n\n\t\t\t\t\t\t\t\t\t\t\t<span class=\"elementor-icon-list-text\">Edici\u00f3n 2022<\/span>\n\t\t\t\t\t\t\t\t\t\t\t<\/a>\n\t\t\t\t\t\t\t\t\t<\/li>\n\t\t\t\t\t\t<\/ul>\n\t\t\t\t\t\t<\/div>\n\t\t\t\t<\/div>\n\t\t\t\t<\/div>\n\t\t\t\t<\/div>\n\t\t<div class=\"elementor-element elementor-element-897f72e e-flex e-con-boxed e-con e-parent\" data-id=\"897f72e\" data-element_type=\"container\" data-e-type=\"container\" data-settings=\"{&quot;jet_parallax_layout_list&quot;:[]}\">\n\t\t\t\t\t<div class=\"e-con-inner\">\n\t\t<div class=\"elementor-element elementor-element-8018597 e-con-full e-flex e-con e-child\" data-id=\"8018597\" data-element_type=\"container\" data-e-type=\"container\" data-settings=\"{&quot;background_background&quot;:&quot;gradient&quot;,&quot;jet_parallax_layout_list&quot;:[]}\">\n\t\t<div class=\"elementor-element elementor-element-810ae72 e-con-full e-flex e-con e-child\" data-id=\"810ae72\" data-element_type=\"container\" data-e-type=\"container\" data-settings=\"{&quot;jet_parallax_layout_list&quot;:[]}\">\n\t\t\t\t<div class=\"elementor-element elementor-element-3d3af0c elementor-widget elementor-widget-heading\" data-id=\"3d3af0c\" data-element_type=\"widget\" data-e-type=\"widget\" data-widget_type=\"heading.default\">\n\t\t\t\t\t<h2 class=\"elementor-heading-title elementor-size-default\">Dexeus Debates<\/h2>\t\t\t\t<\/div>\n\t\t\t\t<div class=\"elementor-element elementor-element-229bfaa elementor-widget elementor-widget-text-editor\" data-id=\"229bfaa\" data-element_type=\"widget\" data-e-type=\"widget\" data-widget_type=\"text-editor.default\">\n\t\t\t\t\t\t\t\t\t<p>Reunimos a expertos de renombre en el \u00e1mbito de la reproducci\u00f3n asistida con el fin de abrir un debate sobre aspectos de inter\u00e9s, tanto desde el punto de vista cient\u00edfico como de la pr\u00e1ctica cl\u00ednica, en los que existen diferencias de opiniones.<\/p><p>Nuestro objetivo es facilitar el di\u00e1logo e impulsar el desarrollo de nuevas estrategias para mejorar los tratamientos de fertilidad en el futuro.<\/p>\t\t\t\t\t\t\t\t<\/div>\n\t\t\t\t<div class=\"elementor-element elementor-element-aab49e4 elementor-align-start elementor-icon-list--layout-inline elementor-list-item-link-full_width elementor-widget elementor-widget-icon-list\" data-id=\"aab49e4\" data-element_type=\"widget\" data-e-type=\"widget\" data-widget_type=\"icon-list.default\">\n\t\t\t\t\t\t\t<ul class=\"elementor-icon-list-items elementor-inline-items\">\n\t\t\t\t\t\t\t<li class=\"elementor-icon-list-item elementor-inline-item\">\n\t\t\t\t\t\t\t\t\t\t\t<a href=\"https:\/\/grupo.reedmackay.es\/dexeus2025\/\" target=\"_blank\">\n\n\t\t\t\t\t\t\t\t\t\t\t\t<span class=\"elementor-icon-list-icon\">\n\t\t\t\t\t\t\t<svg aria-hidden=\"true\" class=\"e-font-icon-svg e-fas-arrow-right\" viewBox=\"0 0 448 512\" xmlns=\"http:\/\/www.w3.org\/2000\/svg\"><path d=\"M190.5 66.9l22.2-22.2c9.4-9.4 24.6-9.4 33.9 0L441 239c9.4 9.4 9.4 24.6 0 33.9L246.6 467.3c-9.4 9.4-24.6 9.4-33.9 0l-22.2-22.2c-9.5-9.5-9.3-25 .4-34.3L311.4 296H24c-13.3 0-24-10.7-24-24v-32c0-13.3 10.7-24 24-24h287.4L190.9 101.2c-9.8-9.3-10-24.8-.4-34.3z\"><\/path><\/svg>\t\t\t\t\t\t<\/span>\n\t\t\t\t\t\t\t\t\t\t<span class=\"elementor-icon-list-text\">Edici\u00f3n 2025<\/span>\n\t\t\t\t\t\t\t\t\t\t\t<\/a>\n\t\t\t\t\t\t\t\t\t<\/li>\n\t\t\t\t\t\t<\/ul>\n\t\t\t\t\t\t<\/div>\n\t\t\t\t<\/div>\n\t\t<div class=\"elementor-element elementor-element-07d183a e-con-full e-flex e-con e-child\" data-id=\"07d183a\" data-element_type=\"container\" data-e-type=\"container\" data-settings=\"{&quot;jet_parallax_layout_list&quot;:[]}\">\n\t\t\t\t<div class=\"elementor-element elementor-element-2eec577 elementor-widget elementor-widget-image\" data-id=\"2eec577\" data-element_type=\"widget\" data-e-type=\"widget\" data-widget_type=\"image.default\">\n\t\t\t\t\t\t\t\t\t\t\t\t\t\t\t<img decoding=\"async\" width=\"800\" height=\"600\" src=\"https:\/\/www.dexeusfoundation.org\/wp-content\/uploads\/2025\/11\/dexeus-debates-in-fertility-gal00.jpg\" class=\"attachment-large size-large wp-image-4283\" alt=\"\" srcset=\"https:\/\/www.dexeusfoundation.org\/wp-content\/uploads\/2025\/11\/dexeus-debates-in-fertility-gal00.jpg 1024w, https:\/\/www.dexeusfoundation.org\/wp-content\/uploads\/2025\/11\/dexeus-debates-in-fertility-gal00-300x225.jpg 300w, https:\/\/www.dexeusfoundation.org\/wp-content\/uploads\/2025\/11\/dexeus-debates-in-fertility-gal00-768x576.jpg 768w\" sizes=\"(max-width: 800px) 100vw, 800px\" \/>\t\t\t\t\t\t\t\t\t\t\t\t\t\t\t<\/div>\n\t\t\t\t<\/div>\n\t\t\t\t<\/div>\n\t\t\t\t\t<\/div>\n\t\t\t\t<\/div>\n\t\t\t\t<\/div>\n\t\t","protected":false},"excerpt":{"rendered":"<p>Conectamos profesionales, promovemos el avance cient\u00edfico, transformamos el futuro.<\/p>\n","protected":false},"author":1,"featured_media":3281,"parent":0,"menu_order":0,"comment_status":"closed","ping_status":"closed","template":"","meta":{"footnotes":""},"class_list":["post-3318","page","type-page","status-publish","has-post-thumbnail","hentry"],"yoast_head":"<!-- This site is optimized with the Yoast SEO plugin v27.0 - https:\/\/yoast.com\/product\/yoast-seo-wordpress\/ -->\n<title>Eventos cient\u00edficos - Fundaci\u00f3n Dexeus Mujer<\/title>\n<meta name=\"description\" content=\"Conectamos profesionales, promovemos el avance cient\u00edfico, transformamos el futuro.\" \/>\n<meta name=\"robots\" content=\"index, follow, max-snippet:-1, max-image-preview:large, max-video-preview:-1\" \/>\n<link rel=\"canonical\" href=\"https:\/\/www.dexeusfoundation.org\/es\/eventos-cientificos\/\" \/>\n<meta property=\"og:locale\" content=\"es_ES\" \/>\n<meta property=\"og:type\" content=\"article\" \/>\n<meta property=\"og:title\" content=\"Eventos cient\u00edficos - Fundaci\u00f3n Dexeus Mujer\" \/>\n<meta property=\"og:description\" content=\"Conectamos profesionales, promovemos el avance cient\u00edfico, transformamos el futuro.\" \/>\n<meta property=\"og:url\" content=\"https:\/\/www.dexeusfoundation.org\/es\/eventos-cientificos\/\" \/>\n<meta property=\"og:site_name\" content=\"Fundaci\u00f3n Dexeus Mujer\" \/>\n<meta property=\"article:modified_time\" content=\"2025-12-09T10:48:40+00:00\" \/>\n<meta property=\"og:image\" content=\"https:\/\/www.dexeusfoundation.org\/wp-content\/uploads\/2025\/08\/debates.jpg\" \/>\n\t<meta property=\"og:image:width\" content=\"2560\" \/>\n\t<meta property=\"og:image:height\" content=\"1396\" \/>\n\t<meta property=\"og:image:type\" content=\"image\/jpeg\" \/>\n<meta name=\"twitter:card\" content=\"summary_large_image\" \/>\n<script type=\"application\/ld+json\" class=\"yoast-schema-graph\">{\"@context\":\"https:\/\/schema.org\",\"@graph\":[{\"@type\":\"WebPage\",\"@id\":\"https:\/\/www.dexeusfoundation.org\/es\/eventos-cientificos\/\",\"url\":\"https:\/\/www.dexeusfoundation.org\/es\/eventos-cientificos\/\",\"name\":\"Eventos cient\u00edficos - Fundaci\u00f3n Dexeus Mujer\",\"isPartOf\":{\"@id\":\"https:\/\/www.dexeusfoundation.org\/es\/#website\"},\"primaryImageOfPage\":{\"@id\":\"https:\/\/www.dexeusfoundation.org\/es\/eventos-cientificos\/#primaryimage\"},\"image\":{\"@id\":\"https:\/\/www.dexeusfoundation.org\/es\/eventos-cientificos\/#primaryimage\"},\"thumbnailUrl\":\"https:\/\/www.dexeusfoundation.org\/wp-content\/uploads\/2025\/08\/debates.jpg\",\"datePublished\":\"2025-09-01T07:43:47+00:00\",\"dateModified\":\"2025-12-09T10:48:40+00:00\",\"description\":\"Conectamos profesionales, promovemos el avance cient\u00edfico, transformamos el futuro.\",\"breadcrumb\":{\"@id\":\"https:\/\/www.dexeusfoundation.org\/es\/eventos-cientificos\/#breadcrumb\"},\"inLanguage\":\"es\",\"potentialAction\":[{\"@type\":\"ReadAction\",\"target\":[\"https:\/\/www.dexeusfoundation.org\/es\/eventos-cientificos\/\"]}]},{\"@type\":\"ImageObject\",\"inLanguage\":\"es\",\"@id\":\"https:\/\/www.dexeusfoundation.org\/es\/eventos-cientificos\/#primaryimage\",\"url\":\"https:\/\/www.dexeusfoundation.org\/wp-content\/uploads\/2025\/08\/debates.jpg\",\"contentUrl\":\"https:\/\/www.dexeusfoundation.org\/wp-content\/uploads\/2025\/08\/debates.jpg\",\"width\":2560,\"height\":1396},{\"@type\":\"BreadcrumbList\",\"@id\":\"https:\/\/www.dexeusfoundation.org\/es\/eventos-cientificos\/#breadcrumb\",\"itemListElement\":[{\"@type\":\"ListItem\",\"position\":1,\"name\":\"Portada\",\"item\":\"https:\/\/www.dexeusfoundation.org\/es\/\"},{\"@type\":\"ListItem\",\"position\":2,\"name\":\"Eventos cient\u00edficos\"}]},{\"@type\":\"WebSite\",\"@id\":\"https:\/\/www.dexeusfoundation.org\/es\/#website\",\"url\":\"https:\/\/www.dexeusfoundation.org\/es\/\",\"name\":\"Fundaci\u00f3n Dexeus Mujer\",\"description\":\"\",\"publisher\":{\"@id\":\"https:\/\/www.dexeusfoundation.org\/es\/#organization\"},\"potentialAction\":[{\"@type\":\"SearchAction\",\"target\":{\"@type\":\"EntryPoint\",\"urlTemplate\":\"https:\/\/www.dexeusfoundation.org\/es\/?s={search_term_string}\"},\"query-input\":{\"@type\":\"PropertyValueSpecification\",\"valueRequired\":true,\"valueName\":\"search_term_string\"}}],\"inLanguage\":\"es\"},{\"@type\":\"Organization\",\"@id\":\"https:\/\/www.dexeusfoundation.org\/es\/#organization\",\"name\":\"Fundaci\u00f3n Dexeus Mujer\",\"url\":\"https:\/\/www.dexeusfoundation.org\/es\/\",\"logo\":{\"@type\":\"ImageObject\",\"inLanguage\":\"es\",\"@id\":\"https:\/\/www.dexeusfoundation.org\/es\/#\/schema\/logo\/image\/\",\"url\":\"https:\/\/www.dexeusfoundation.org\/wp-content\/uploads\/2025\/07\/Logo-Fundacion-Dexeus-Mujer.png\",\"contentUrl\":\"https:\/\/www.dexeusfoundation.org\/wp-content\/uploads\/2025\/07\/Logo-Fundacion-Dexeus-Mujer.png\",\"width\":2067,\"height\":1773,\"caption\":\"Fundaci\u00f3n Dexeus Mujer\"},\"image\":{\"@id\":\"https:\/\/www.dexeusfoundation.org\/es\/#\/schema\/logo\/image\/\"},\"sameAs\":[\"https:\/\/es.linkedin.com\/company\/fundacion-dexeus-mujer\"]}]}<\/script>\n<!-- \/ Yoast SEO plugin. -->","yoast_head_json":{"title":"Eventos cient\u00edficos - Fundaci\u00f3n Dexeus Mujer","description":"Conectamos profesionales, promovemos el avance cient\u00edfico, transformamos el futuro.","robots":{"index":"index","follow":"follow","max-snippet":"max-snippet:-1","max-image-preview":"max-image-preview:large","max-video-preview":"max-video-preview:-1"},"canonical":"https:\/\/www.dexeusfoundation.org\/es\/eventos-cientificos\/","og_locale":"es_ES","og_type":"article","og_title":"Eventos cient\u00edficos - Fundaci\u00f3n Dexeus Mujer","og_description":"Conectamos profesionales, promovemos el avance cient\u00edfico, transformamos el futuro.","og_url":"https:\/\/www.dexeusfoundation.org\/es\/eventos-cientificos\/","og_site_name":"Fundaci\u00f3n Dexeus Mujer","article_modified_time":"2025-12-09T10:48:40+00:00","og_image":[{"width":2560,"height":1396,"url":"https:\/\/www.dexeusfoundation.org\/wp-content\/uploads\/2025\/08\/debates.jpg","type":"image\/jpeg"}],"twitter_card":"summary_large_image","schema":{"@context":"https:\/\/schema.org","@graph":[{"@type":"WebPage","@id":"https:\/\/www.dexeusfoundation.org\/es\/eventos-cientificos\/","url":"https:\/\/www.dexeusfoundation.org\/es\/eventos-cientificos\/","name":"Eventos cient\u00edficos - Fundaci\u00f3n Dexeus Mujer","isPartOf":{"@id":"https:\/\/www.dexeusfoundation.org\/es\/#website"},"primaryImageOfPage":{"@id":"https:\/\/www.dexeusfoundation.org\/es\/eventos-cientificos\/#primaryimage"},"image":{"@id":"https:\/\/www.dexeusfoundation.org\/es\/eventos-cientificos\/#primaryimage"},"thumbnailUrl":"https:\/\/www.dexeusfoundation.org\/wp-content\/uploads\/2025\/08\/debates.jpg","datePublished":"2025-09-01T07:43:47+00:00","dateModified":"2025-12-09T10:48:40+00:00","description":"Conectamos profesionales, promovemos el avance cient\u00edfico, transformamos el futuro.","breadcrumb":{"@id":"https:\/\/www.dexeusfoundation.org\/es\/eventos-cientificos\/#breadcrumb"},"inLanguage":"es","potentialAction":[{"@type":"ReadAction","target":["https:\/\/www.dexeusfoundation.org\/es\/eventos-cientificos\/"]}]},{"@type":"ImageObject","inLanguage":"es","@id":"https:\/\/www.dexeusfoundation.org\/es\/eventos-cientificos\/#primaryimage","url":"https:\/\/www.dexeusfoundation.org\/wp-content\/uploads\/2025\/08\/debates.jpg","contentUrl":"https:\/\/www.dexeusfoundation.org\/wp-content\/uploads\/2025\/08\/debates.jpg","width":2560,"height":1396},{"@type":"BreadcrumbList","@id":"https:\/\/www.dexeusfoundation.org\/es\/eventos-cientificos\/#breadcrumb","itemListElement":[{"@type":"ListItem","position":1,"name":"Portada","item":"https:\/\/www.dexeusfoundation.org\/es\/"},{"@type":"ListItem","position":2,"name":"Eventos cient\u00edficos"}]},{"@type":"WebSite","@id":"https:\/\/www.dexeusfoundation.org\/es\/#website","url":"https:\/\/www.dexeusfoundation.org\/es\/","name":"Fundaci\u00f3n Dexeus Mujer","description":"","publisher":{"@id":"https:\/\/www.dexeusfoundation.org\/es\/#organization"},"potentialAction":[{"@type":"SearchAction","target":{"@type":"EntryPoint","urlTemplate":"https:\/\/www.dexeusfoundation.org\/es\/?s={search_term_string}"},"query-input":{"@type":"PropertyValueSpecification","valueRequired":true,"valueName":"search_term_string"}}],"inLanguage":"es"},{"@type":"Organization","@id":"https:\/\/www.dexeusfoundation.org\/es\/#organization","name":"Fundaci\u00f3n Dexeus Mujer","url":"https:\/\/www.dexeusfoundation.org\/es\/","logo":{"@type":"ImageObject","inLanguage":"es","@id":"https:\/\/www.dexeusfoundation.org\/es\/#\/schema\/logo\/image\/","url":"https:\/\/www.dexeusfoundation.org\/wp-content\/uploads\/2025\/07\/Logo-Fundacion-Dexeus-Mujer.png","contentUrl":"https:\/\/www.dexeusfoundation.org\/wp-content\/uploads\/2025\/07\/Logo-Fundacion-Dexeus-Mujer.png","width":2067,"height":1773,"caption":"Fundaci\u00f3n Dexeus Mujer"},"image":{"@id":"https:\/\/www.dexeusfoundation.org\/es\/#\/schema\/logo\/image\/"},"sameAs":["https:\/\/es.linkedin.com\/company\/fundacion-dexeus-mujer"]}]}},"_links":{"self":[{"href":"https:\/\/www.dexeusfoundation.org\/es\/wp-json\/wp\/v2\/pages\/3318","targetHints":{"allow":["GET"]}}],"collection":[{"href":"https:\/\/www.dexeusfoundation.org\/es\/wp-json\/wp\/v2\/pages"}],"about":[{"href":"https:\/\/www.dexeusfoundation.org\/es\/wp-json\/wp\/v2\/types\/page"}],"author":[{"embeddable":true,"href":"https:\/\/www.dexeusfoundation.org\/es\/wp-json\/wp\/v2\/users\/1"}],"replies":[{"embeddable":true,"href":"https:\/\/www.dexeusfoundation.org\/es\/wp-json\/wp\/v2\/comments?post=3318"}],"version-history":[{"count":0,"href":"https:\/\/www.dexeusfoundation.org\/es\/wp-json\/wp\/v2\/pages\/3318\/revisions"}],"wp:featuredmedia":[{"embeddable":true,"href":"https:\/\/www.dexeusfoundation.org\/es\/wp-json\/wp\/v2\/media\/3281"}],"wp:attachment":[{"href":"https:\/\/www.dexeusfoundation.org\/es\/wp-json\/wp\/v2\/media?parent=3318"}],"curies":[{"name":"wp","href":"https:\/\/api.w.org\/{rel}","templated":true}]}}