{"id":4233,"date":"2025-11-03T11:50:17","date_gmt":"2025-11-03T10:50:17","guid":{"rendered":"https:\/\/www.dexeusfoundation.org\/?page_id=4233"},"modified":"2025-12-09T11:39:23","modified_gmt":"2025-12-09T10:39:23","slug":"presentacion","status":"publish","type":"page","link":"https:\/\/www.dexeusfoundation.org\/es\/quienes-somos\/presentacion\/","title":{"rendered":"Presentaci\u00f3n"},"content":{"rendered":"\t\t<div data-elementor-type=\"wp-page\" data-elementor-id=\"4233\" class=\"elementor elementor-4233\" data-elementor-post-type=\"page\">\n\t\t\t\t<div class=\"elementor-element elementor-element-d043e06 e-con-full e-flex e-con e-parent\" data-id=\"d043e06\" data-element_type=\"container\" data-e-type=\"container\" data-settings=\"{&quot;jet_parallax_layout_list&quot;:[],&quot;background_background&quot;:&quot;gradient&quot;}\">\n\t\t<div class=\"elementor-element elementor-element-c25460c e-con-full e-flex e-con e-child\" data-id=\"c25460c\" data-element_type=\"container\" data-e-type=\"container\" data-settings=\"{&quot;jet_parallax_layout_list&quot;:[]}\">\n\t\t\t\t<div class=\"elementor-element elementor-element-46ffb71 elementor-widget elementor-widget-heading\" data-id=\"46ffb71\" data-element_type=\"widget\" data-e-type=\"widget\" data-widget_type=\"heading.default\">\n\t\t\t\t\t<h1 class=\"elementor-heading-title elementor-size-default\">30 a\u00f1os apostando por la salud de las mujeres<\/h1>\t\t\t\t<\/div>\n\t\t\t\t<\/div>\n\t\t<div class=\"elementor-element elementor-element-4790edd e-con-full e-flex e-con e-child\" data-id=\"4790edd\" data-element_type=\"container\" data-e-type=\"container\" data-settings=\"{&quot;jet_parallax_layout_list&quot;:[]}\">\n\t\t\t\t<div class=\"elementor-element elementor-element-762ed86 elementor-widget elementor-widget-image\" data-id=\"762ed86\" data-element_type=\"widget\" data-e-type=\"widget\" data-widget_type=\"image.default\">\n\t\t\t\t\t\t\t\t\t\t\t\t\t\t\t<img fetchpriority=\"high\" decoding=\"async\" width=\"800\" height=\"400\" src=\"https:\/\/www.dexeusfoundation.org\/wp-content\/uploads\/2025\/10\/salud-mujer-tres-generaciones-1280x640-1-1024x512.jpeg\" class=\"attachment-large size-large wp-image-4186\" alt=\"\" srcset=\"https:\/\/www.dexeusfoundation.org\/wp-content\/uploads\/2025\/10\/salud-mujer-tres-generaciones-1280x640-1-1024x512.jpeg 1024w, https:\/\/www.dexeusfoundation.org\/wp-content\/uploads\/2025\/10\/salud-mujer-tres-generaciones-1280x640-1-300x150.jpeg 300w, https:\/\/www.dexeusfoundation.org\/wp-content\/uploads\/2025\/10\/salud-mujer-tres-generaciones-1280x640-1-768x384.jpeg 768w, https:\/\/www.dexeusfoundation.org\/wp-content\/uploads\/2025\/10\/salud-mujer-tres-generaciones-1280x640-1.jpeg 1280w\" sizes=\"(max-width: 800px) 100vw, 800px\" \/>\t\t\t\t\t\t\t\t\t\t\t\t\t\t\t<\/div>\n\t\t\t\t<\/div>\n\t\t\t\t<\/div>\n\t\t<div class=\"elementor-element elementor-element-6e75020 e-flex e-con-boxed e-con e-parent\" data-id=\"6e75020\" data-element_type=\"container\" data-e-type=\"container\" data-settings=\"{&quot;jet_parallax_layout_list&quot;:[]}\">\n\t\t\t\t\t<div class=\"e-con-inner\">\n\t\t<div class=\"elementor-element elementor-element-909ea92 e-con-full e-flex e-con e-child\" data-id=\"909ea92\" data-element_type=\"container\" data-e-type=\"container\" data-settings=\"{&quot;jet_parallax_layout_list&quot;:[]}\">\n\t\t\t\t<div class=\"elementor-element elementor-element-1e1c035 elementor-widget__width-initial elementor-widget elementor-widget-heading\" data-id=\"1e1c035\" data-element_type=\"widget\" data-e-type=\"widget\" data-widget_type=\"heading.default\">\n\t\t\t\t\t<h2 class=\"elementor-heading-title elementor-size-default\">Presentaci\u00f3n<\/h2>\t\t\t\t<\/div>\n\t\t\t\t<\/div>\n\t\t<div class=\"elementor-element elementor-element-ba94f9d e-con-full e-flex e-con e-child\" data-id=\"ba94f9d\" data-element_type=\"container\" data-e-type=\"container\" data-settings=\"{&quot;jet_parallax_layout_list&quot;:[]}\">\n\t\t\t\t<div class=\"elementor-element elementor-element-76bad57 elementor-widget elementor-widget-text-editor\" data-id=\"76bad57\" data-element_type=\"widget\" data-e-type=\"widget\" data-widget_type=\"text-editor.default\">\n\t\t\t\t\t\t\t\t\t<p>La Fundaci\u00f3n Dexeus Mujer se cre\u00f3 en 1995, con el objetivo de mejorar la atenci\u00f3n a la salud sexual y reproductiva de las mujeres. Surgi\u00f3 por la voluntad de un equipo m\u00e9dico que, muchos a\u00f1os antes, vio la necesidad de crear un centro dedicado de forma exclusiva a este fin, en un momento social e hist\u00f3rico en el que esta especialidad estaba escasamente desarrollada y todav\u00eda arrastraba carencias, tanto por la falta de recursos dedicados a la investigaci\u00f3n como de profesionales con formaci\u00f3n especializada en esta \u00e1rea.<\/p>\t\t\t\t\t\t\t\t<\/div>\n\t\t\t\t<div class=\"elementor-element elementor-element-f733dee elementor-widget elementor-widget-heading\" data-id=\"f733dee\" data-element_type=\"widget\" data-e-type=\"widget\" data-widget_type=\"heading.default\">\n\t\t\t\t\t<h3 class=\"elementor-heading-title elementor-size-default\">La Fundaci\u00f3n surgi\u00f3 por la voluntad de un equipo m\u00e9dico, que en los a\u00f1os 70 cre\u00f3 un centro dedicado en exclusiva a la salud de la mujer para cubrir una carencia hist\u00f3rica<\/h3>\t\t\t\t<\/div>\n\t\t\t\t<div class=\"elementor-element elementor-element-169b1ac elementor-widget elementor-widget-text-editor\" data-id=\"169b1ac\" data-element_type=\"widget\" data-e-type=\"widget\" data-widget_type=\"text-editor.default\">\n\t\t\t\t\t\t\t\t\t<p>La puesta en marcha del centro Dexeus Mujer, en 1973, marc\u00f3 un antes y un despu\u00e9s en la atenci\u00f3n m\u00e9dica en las \u00e1reas de la Ginecolog\u00eda, Obstetricia y Reproducci\u00f3n en Espa\u00f1a. Se convirti\u00f3 en un referente que contribuy\u00f3 de forma decisiva a impulsar su avance. Adem\u00e1s, situ\u00f3 a nuestro equipo entre los pioneros que impulsaron el cambio e hicieron posible la introducci\u00f3n de muchas innovaciones m\u00e9dicas y tecnol\u00f3gicas, desde la aplicaci\u00f3n de la anestesia epidural en el parto al desarrollo de la medicina reproductiva en nuestro pa\u00eds.<\/p>\t\t\t\t\t\t\t\t<\/div>\n\t\t\t\t<div class=\"elementor-element elementor-element-1a65f61 elementor-widget elementor-widget-heading\" data-id=\"1a65f61\" data-element_type=\"widget\" data-e-type=\"widget\" data-widget_type=\"heading.default\">\n\t\t\t\t\t<h3 class=\"elementor-heading-title elementor-size-default\">Hoy la Fundaci\u00f3n concentra su actividad en cuatro grandes l\u00edneas de trabajo: investigaci\u00f3n, formaci\u00f3n, divulgaci\u00f3n y acci\u00f3n social<\/h3>\t\t\t\t<\/div>\n\t\t\t\t<div class=\"elementor-element elementor-element-86c8db0 elementor-widget elementor-widget-text-editor\" data-id=\"86c8db0\" data-element_type=\"widget\" data-e-type=\"widget\" data-widget_type=\"text-editor.default\">\n\t\t\t\t\t\t\t\t\t<p>Actualmente la Fundaci\u00f3n trabaja en cuatro grandes \u00e1reas: la investigaci\u00f3n, la formaci\u00f3n de nuevos especialistas, la divulgaci\u00f3n y la acci\u00f3n social a trav\u00e9s de programas asistenciales que contribuyen a mejorar el bienestar y la calidad de vida de las mujeres.<\/p><p>La labor que realiza es esencial, sobre todo si tenemos en cuenta que todav\u00eda existen sesgos de g\u00e9nero en el diagn\u00f3stico y tratamiento de muchas enfermedades que afectan a las mujeres, ya que se basan en estudios realizados mayoritariamente en hombres. Adem\u00e1s, aunque internet ha multiplicado el acceso a la informaci\u00f3n, todav\u00eda persisten creencias err\u00f3neas y desconocimiento social en muchos aspectos relacionados con la salud de la mujer.<\/p>\t\t\t\t\t\t\t\t<\/div>\n\t\t\t\t<div class=\"elementor-element elementor-element-43bbabb elementor-widget elementor-widget-heading\" data-id=\"43bbabb\" data-element_type=\"widget\" data-e-type=\"widget\" data-widget_type=\"heading.default\">\n\t\t\t\t\t<h3 class=\"elementor-heading-title elementor-size-default\">Su labor es esencial para mejorar la calidad\nde vida de las mujeres, ahora y en el futuro, ya que solo un 1% del gasto sanitario total en I+D se dedica actualmente a la investigaci\u00f3n e innovaci\u00f3n en salud femenina, si exceptuamos el c\u00e1ncer<\/h3>\t\t\t\t<\/div>\n\t\t\t\t<div class=\"elementor-element elementor-element-3ed4a50 elementor-widget elementor-widget-text-editor\" data-id=\"3ed4a50\" data-element_type=\"widget\" data-e-type=\"widget\" data-widget_type=\"text-editor.default\">\n\t\t\t\t\t\t\t\t\t<p>Por otro lado, seg\u00fan un informe del World Economic Forum, solo un 1% del gasto sanitario total en I+D se dedica actualmente a investigaci\u00f3n e innovaci\u00f3n en salud femenina si exceptuamos el c\u00e1ncer. Sin embargo, Dexeus Mujer lleva m\u00e1s de 30 a\u00f1os liderando estudios y ensayos cl\u00ednicos espec\u00edficos, organizando congresos y encuentros cient\u00edficos, colaborando con instituciones y apoyando a investigadores externos mediante la concesi\u00f3n anual de premios y becas para promover el avance del conocimiento y la mejora en el diagn\u00f3stico y los tratamientos en esta especialidad. Es una labor, adem\u00e1s, que no solo beneficia a nuestras pacientes, sino a todas las mujeres, porque los resultados se publican en revistas cient\u00edficas de impacto y se comparten en foros cient\u00edficos relevantes, por lo que tienen un alcance internacional.<\/p><p>Desde la Fundaci\u00f3n, tambi\u00e9n llevamos muchos a\u00f1os ofreciendo formaci\u00f3n especializada. La Escuela Dexeus de Obstetricia y Ginecolog\u00eda es la m\u00e1s antigua de la especialidad en Espa\u00f1a. Tambi\u00e9n fuimos los primeros en crear un master universitario de Reproducci\u00f3n Asistida en el Estado y en llevar a cabo en Espa\u00f1a una reconstrucci\u00f3n genital postablaci\u00f3n e impulsar un Programa que ofrece la intervenci\u00f3n de forma gratuita y apoyo psicol\u00f3gico a mujeres que han sido v\u00edctimas de esta pr\u00e1ctica en sus pa\u00edses de origen. Esta iniciativa forma parte de nuestra labor de acci\u00f3n social, que incluye muchos otros programas.<\/p>\t\t\t\t\t\t\t\t<\/div>\n\t\t\t\t<div class=\"elementor-element elementor-element-384dd30 elementor-widget elementor-widget-heading\" data-id=\"384dd30\" data-element_type=\"widget\" data-e-type=\"widget\" data-widget_type=\"heading.default\">\n\t\t\t\t\t<h3 class=\"elementor-heading-title elementor-size-default\">Por su trayectoria y compromiso, la Fundaci\u00f3n Dexeus Mujer se ha consolidado como referente en la promoci\u00f3n de la salud femenina y la generaci\u00f3n de conocimiento cient\u00edfico con perspectiva de g\u00e9nero<\/h3>\t\t\t\t<\/div>\n\t\t\t\t<div class=\"elementor-element elementor-element-993bf84 elementor-widget elementor-widget-text-editor\" data-id=\"993bf84\" data-element_type=\"widget\" data-e-type=\"widget\" data-widget_type=\"text-editor.default\">\n\t\t\t\t\t\t\t\t\t<p>Gracias a esta trayectoria y compromiso, la Fundaci\u00f3n Dexeus Mujer se ha consolidado como un referente en la promoci\u00f3n de la salud femenina y en la generaci\u00f3n de conocimiento cient\u00edfico con perspectiva de g\u00e9nero. Cada avance en investigaci\u00f3n, cada mejora en la atenci\u00f3n m\u00e9dica y cada acci\u00f3n que aporta un mayor bienestar a una mujer nos recuerdan la importancia de nuestra misi\u00f3n, que es impulsar un futuro m\u00e1s saludable y con mayor calidad de vida para todas.<\/p><p>Continuar trabajando en esta l\u00ednea y formar parte de un equipo que dedica su esfuerzo y vocaci\u00f3n a ese objetivo es un motivo de satisfacci\u00f3n personal y, al mismo tiempo, una gran responsabilidad que nos impulsa a seguir mejorando y avanzando cada d\u00eda.<\/p>\t\t\t\t\t\t\t\t<\/div>\n\t\t<div class=\"elementor-element elementor-element-7fbeb91 e-con-full e-flex e-con e-child\" data-id=\"7fbeb91\" data-element_type=\"container\" data-e-type=\"container\" data-settings=\"{&quot;jet_parallax_layout_list&quot;:[]}\">\n\t\t\t\t<div class=\"elementor-element elementor-element-7125ef8 elementor-widget elementor-widget-image\" data-id=\"7125ef8\" data-element_type=\"widget\" data-e-type=\"widget\" data-widget_type=\"image.default\">\n\t\t\t\t\t\t\t\t\t\t\t\t\t\t\t<img decoding=\"async\" width=\"750\" height=\"738\" src=\"https:\/\/www.dexeusfoundation.org\/wp-content\/uploads\/2025\/11\/IMG_6838.jpg\" class=\"attachment-large size-large wp-image-4801\" alt=\"\" srcset=\"https:\/\/www.dexeusfoundation.org\/wp-content\/uploads\/2025\/11\/IMG_6838.jpg 750w, https:\/\/www.dexeusfoundation.org\/wp-content\/uploads\/2025\/11\/IMG_6838-300x295.jpg 300w\" sizes=\"(max-width: 750px) 100vw, 750px\" \/>\t\t\t\t\t\t\t\t\t\t\t\t\t\t\t<\/div>\n\t\t\t\t<div class=\"elementor-element elementor-element-aa585fb elementor-widget elementor-widget-text-editor\" data-id=\"aa585fb\" data-element_type=\"widget\" data-e-type=\"widget\" data-widget_type=\"text-editor.default\">\n\t\t\t\t\t\t\t\t\t<p><strong>Prof. Nikolaos Polyzos<\/strong><br \/>Presidente de la Fundaci\u00f3n Dexeus Mujer<\/p>\t\t\t\t\t\t\t\t<\/div>\n\t\t\t\t<\/div>\n\t\t\t\t<\/div>\n\t\t\t\t\t<\/div>\n\t\t\t\t<\/div>\n\t\t\t\t<\/div>\n\t\t","protected":false},"excerpt":{"rendered":"<p>30 a\u00f1os apostando por la salud de las mujeres Presentaci\u00f3n La Fundaci\u00f3n Dexeus Mujer se cre\u00f3 en 1995, con el objetivo de mejorar la atenci\u00f3n a la salud sexual y reproductiva de las mujeres. Surgi\u00f3 por la voluntad de un equipo m\u00e9dico que, muchos a\u00f1os antes, vio la necesidad de crear un centro dedicado de [&hellip;]<\/p>\n","protected":false},"author":1,"featured_media":4186,"parent":39,"menu_order":0,"comment_status":"closed","ping_status":"closed","template":"","meta":{"footnotes":""},"class_list":["post-4233","page","type-page","status-publish","has-post-thumbnail","hentry"],"yoast_head":"<!-- This site is optimized with the Yoast SEO plugin v27.0 - https:\/\/yoast.com\/product\/yoast-seo-wordpress\/ -->\n<title>Presentaci\u00f3n - Fundaci\u00f3n Dexeus Mujer<\/title>\n<meta name=\"description\" content=\"30 a\u00f1os apostando por la salud de las mujeres Presentaci\u00f3n La Fundaci\u00f3n Dexeus Mujer se cre\u00f3 en 1995, con el objetivo de mejorar la atenci\u00f3n a la salud\" \/>\n<meta name=\"robots\" content=\"index, follow, max-snippet:-1, max-image-preview:large, max-video-preview:-1\" \/>\n<link rel=\"canonical\" href=\"https:\/\/www.dexeusfoundation.org\/es\/quienes-somos\/presentacion\/\" \/>\n<meta property=\"og:locale\" content=\"es_ES\" \/>\n<meta property=\"og:type\" content=\"article\" \/>\n<meta property=\"og:title\" content=\"Presentaci\u00f3n - Fundaci\u00f3n Dexeus Mujer\" \/>\n<meta property=\"og:description\" content=\"30 a\u00f1os apostando por la salud de las mujeres Presentaci\u00f3n La Fundaci\u00f3n Dexeus Mujer se cre\u00f3 en 1995, con el objetivo de mejorar la atenci\u00f3n a la salud\" \/>\n<meta property=\"og:url\" content=\"https:\/\/www.dexeusfoundation.org\/es\/quienes-somos\/presentacion\/\" \/>\n<meta property=\"og:site_name\" content=\"Fundaci\u00f3n Dexeus Mujer\" \/>\n<meta property=\"article:modified_time\" content=\"2025-12-09T10:39:23+00:00\" \/>\n<meta property=\"og:image\" content=\"https:\/\/www.dexeusfoundation.org\/wp-content\/uploads\/2025\/10\/salud-mujer-tres-generaciones-1280x640-1.jpeg\" \/>\n\t<meta property=\"og:image:width\" content=\"1280\" \/>\n\t<meta property=\"og:image:height\" content=\"640\" \/>\n\t<meta property=\"og:image:type\" content=\"image\/jpeg\" \/>\n<meta name=\"twitter:card\" content=\"summary_large_image\" \/>\n<script type=\"application\/ld+json\" class=\"yoast-schema-graph\">{\"@context\":\"https:\/\/schema.org\",\"@graph\":[{\"@type\":\"WebPage\",\"@id\":\"https:\/\/www.dexeusfoundation.org\/es\/quienes-somos\/presentacion\/\",\"url\":\"https:\/\/www.dexeusfoundation.org\/es\/quienes-somos\/presentacion\/\",\"name\":\"Presentaci\u00f3n - Fundaci\u00f3n Dexeus Mujer\",\"isPartOf\":{\"@id\":\"https:\/\/www.dexeusfoundation.org\/es\/#website\"},\"primaryImageOfPage\":{\"@id\":\"https:\/\/www.dexeusfoundation.org\/es\/quienes-somos\/presentacion\/#primaryimage\"},\"image\":{\"@id\":\"https:\/\/www.dexeusfoundation.org\/es\/quienes-somos\/presentacion\/#primaryimage\"},\"thumbnailUrl\":\"https:\/\/www.dexeusfoundation.org\/wp-content\/uploads\/2025\/10\/salud-mujer-tres-generaciones-1280x640-1.jpeg\",\"datePublished\":\"2025-11-03T10:50:17+00:00\",\"dateModified\":\"2025-12-09T10:39:23+00:00\",\"description\":\"30 a\u00f1os apostando por la salud de las mujeres Presentaci\u00f3n La Fundaci\u00f3n Dexeus Mujer se cre\u00f3 en 1995, con el objetivo de mejorar la atenci\u00f3n a la salud\",\"breadcrumb\":{\"@id\":\"https:\/\/www.dexeusfoundation.org\/es\/quienes-somos\/presentacion\/#breadcrumb\"},\"inLanguage\":\"es\",\"potentialAction\":[{\"@type\":\"ReadAction\",\"target\":[\"https:\/\/www.dexeusfoundation.org\/es\/quienes-somos\/presentacion\/\"]}]},{\"@type\":\"ImageObject\",\"inLanguage\":\"es\",\"@id\":\"https:\/\/www.dexeusfoundation.org\/es\/quienes-somos\/presentacion\/#primaryimage\",\"url\":\"https:\/\/www.dexeusfoundation.org\/wp-content\/uploads\/2025\/10\/salud-mujer-tres-generaciones-1280x640-1.jpeg\",\"contentUrl\":\"https:\/\/www.dexeusfoundation.org\/wp-content\/uploads\/2025\/10\/salud-mujer-tres-generaciones-1280x640-1.jpeg\",\"width\":1280,\"height\":640},{\"@type\":\"BreadcrumbList\",\"@id\":\"https:\/\/www.dexeusfoundation.org\/es\/quienes-somos\/presentacion\/#breadcrumb\",\"itemListElement\":[{\"@type\":\"ListItem\",\"position\":1,\"name\":\"Portada\",\"item\":\"https:\/\/www.dexeusfoundation.org\/es\/\"},{\"@type\":\"ListItem\",\"position\":2,\"name\":\"Qui\u00e9nes somos\",\"item\":\"https:\/\/www.dexeusfoundation.org\/es\/about-us\/\"},{\"@type\":\"ListItem\",\"position\":3,\"name\":\"Presentaci\u00f3n\"}]},{\"@type\":\"WebSite\",\"@id\":\"https:\/\/www.dexeusfoundation.org\/es\/#website\",\"url\":\"https:\/\/www.dexeusfoundation.org\/es\/\",\"name\":\"Fundaci\u00f3n Dexeus Mujer\",\"description\":\"\",\"publisher\":{\"@id\":\"https:\/\/www.dexeusfoundation.org\/es\/#organization\"},\"potentialAction\":[{\"@type\":\"SearchAction\",\"target\":{\"@type\":\"EntryPoint\",\"urlTemplate\":\"https:\/\/www.dexeusfoundation.org\/es\/?s={search_term_string}\"},\"query-input\":{\"@type\":\"PropertyValueSpecification\",\"valueRequired\":true,\"valueName\":\"search_term_string\"}}],\"inLanguage\":\"es\"},{\"@type\":\"Organization\",\"@id\":\"https:\/\/www.dexeusfoundation.org\/es\/#organization\",\"name\":\"Fundaci\u00f3n Dexeus Mujer\",\"url\":\"https:\/\/www.dexeusfoundation.org\/es\/\",\"logo\":{\"@type\":\"ImageObject\",\"inLanguage\":\"es\",\"@id\":\"https:\/\/www.dexeusfoundation.org\/es\/#\/schema\/logo\/image\/\",\"url\":\"https:\/\/www.dexeusfoundation.org\/wp-content\/uploads\/2025\/07\/Logo-Fundacion-Dexeus-Mujer.png\",\"contentUrl\":\"https:\/\/www.dexeusfoundation.org\/wp-content\/uploads\/2025\/07\/Logo-Fundacion-Dexeus-Mujer.png\",\"width\":2067,\"height\":1773,\"caption\":\"Fundaci\u00f3n Dexeus Mujer\"},\"image\":{\"@id\":\"https:\/\/www.dexeusfoundation.org\/es\/#\/schema\/logo\/image\/\"},\"sameAs\":[\"https:\/\/es.linkedin.com\/company\/fundacion-dexeus-mujer\"]}]}<\/script>\n<!-- \/ Yoast SEO plugin. -->","yoast_head_json":{"title":"Presentaci\u00f3n - Fundaci\u00f3n Dexeus Mujer","description":"30 a\u00f1os apostando por la salud de las mujeres Presentaci\u00f3n La Fundaci\u00f3n Dexeus Mujer se cre\u00f3 en 1995, con el objetivo de mejorar la atenci\u00f3n a la salud","robots":{"index":"index","follow":"follow","max-snippet":"max-snippet:-1","max-image-preview":"max-image-preview:large","max-video-preview":"max-video-preview:-1"},"canonical":"https:\/\/www.dexeusfoundation.org\/es\/quienes-somos\/presentacion\/","og_locale":"es_ES","og_type":"article","og_title":"Presentaci\u00f3n - Fundaci\u00f3n Dexeus Mujer","og_description":"30 a\u00f1os apostando por la salud de las mujeres Presentaci\u00f3n La Fundaci\u00f3n Dexeus Mujer se cre\u00f3 en 1995, con el objetivo de mejorar la atenci\u00f3n a la salud","og_url":"https:\/\/www.dexeusfoundation.org\/es\/quienes-somos\/presentacion\/","og_site_name":"Fundaci\u00f3n Dexeus Mujer","article_modified_time":"2025-12-09T10:39:23+00:00","og_image":[{"width":1280,"height":640,"url":"https:\/\/www.dexeusfoundation.org\/wp-content\/uploads\/2025\/10\/salud-mujer-tres-generaciones-1280x640-1.jpeg","type":"image\/jpeg"}],"twitter_card":"summary_large_image","schema":{"@context":"https:\/\/schema.org","@graph":[{"@type":"WebPage","@id":"https:\/\/www.dexeusfoundation.org\/es\/quienes-somos\/presentacion\/","url":"https:\/\/www.dexeusfoundation.org\/es\/quienes-somos\/presentacion\/","name":"Presentaci\u00f3n - Fundaci\u00f3n Dexeus Mujer","isPartOf":{"@id":"https:\/\/www.dexeusfoundation.org\/es\/#website"},"primaryImageOfPage":{"@id":"https:\/\/www.dexeusfoundation.org\/es\/quienes-somos\/presentacion\/#primaryimage"},"image":{"@id":"https:\/\/www.dexeusfoundation.org\/es\/quienes-somos\/presentacion\/#primaryimage"},"thumbnailUrl":"https:\/\/www.dexeusfoundation.org\/wp-content\/uploads\/2025\/10\/salud-mujer-tres-generaciones-1280x640-1.jpeg","datePublished":"2025-11-03T10:50:17+00:00","dateModified":"2025-12-09T10:39:23+00:00","description":"30 a\u00f1os apostando por la salud de las mujeres Presentaci\u00f3n La Fundaci\u00f3n Dexeus Mujer se cre\u00f3 en 1995, con el objetivo de mejorar la atenci\u00f3n a la salud","breadcrumb":{"@id":"https:\/\/www.dexeusfoundation.org\/es\/quienes-somos\/presentacion\/#breadcrumb"},"inLanguage":"es","potentialAction":[{"@type":"ReadAction","target":["https:\/\/www.dexeusfoundation.org\/es\/quienes-somos\/presentacion\/"]}]},{"@type":"ImageObject","inLanguage":"es","@id":"https:\/\/www.dexeusfoundation.org\/es\/quienes-somos\/presentacion\/#primaryimage","url":"https:\/\/www.dexeusfoundation.org\/wp-content\/uploads\/2025\/10\/salud-mujer-tres-generaciones-1280x640-1.jpeg","contentUrl":"https:\/\/www.dexeusfoundation.org\/wp-content\/uploads\/2025\/10\/salud-mujer-tres-generaciones-1280x640-1.jpeg","width":1280,"height":640},{"@type":"BreadcrumbList","@id":"https:\/\/www.dexeusfoundation.org\/es\/quienes-somos\/presentacion\/#breadcrumb","itemListElement":[{"@type":"ListItem","position":1,"name":"Portada","item":"https:\/\/www.dexeusfoundation.org\/es\/"},{"@type":"ListItem","position":2,"name":"Qui\u00e9nes somos","item":"https:\/\/www.dexeusfoundation.org\/es\/about-us\/"},{"@type":"ListItem","position":3,"name":"Presentaci\u00f3n"}]},{"@type":"WebSite","@id":"https:\/\/www.dexeusfoundation.org\/es\/#website","url":"https:\/\/www.dexeusfoundation.org\/es\/","name":"Fundaci\u00f3n Dexeus Mujer","description":"","publisher":{"@id":"https:\/\/www.dexeusfoundation.org\/es\/#organization"},"potentialAction":[{"@type":"SearchAction","target":{"@type":"EntryPoint","urlTemplate":"https:\/\/www.dexeusfoundation.org\/es\/?s={search_term_string}"},"query-input":{"@type":"PropertyValueSpecification","valueRequired":true,"valueName":"search_term_string"}}],"inLanguage":"es"},{"@type":"Organization","@id":"https:\/\/www.dexeusfoundation.org\/es\/#organization","name":"Fundaci\u00f3n Dexeus Mujer","url":"https:\/\/www.dexeusfoundation.org\/es\/","logo":{"@type":"ImageObject","inLanguage":"es","@id":"https:\/\/www.dexeusfoundation.org\/es\/#\/schema\/logo\/image\/","url":"https:\/\/www.dexeusfoundation.org\/wp-content\/uploads\/2025\/07\/Logo-Fundacion-Dexeus-Mujer.png","contentUrl":"https:\/\/www.dexeusfoundation.org\/wp-content\/uploads\/2025\/07\/Logo-Fundacion-Dexeus-Mujer.png","width":2067,"height":1773,"caption":"Fundaci\u00f3n Dexeus Mujer"},"image":{"@id":"https:\/\/www.dexeusfoundation.org\/es\/#\/schema\/logo\/image\/"},"sameAs":["https:\/\/es.linkedin.com\/company\/fundacion-dexeus-mujer"]}]}},"_links":{"self":[{"href":"https:\/\/www.dexeusfoundation.org\/es\/wp-json\/wp\/v2\/pages\/4233","targetHints":{"allow":["GET"]}}],"collection":[{"href":"https:\/\/www.dexeusfoundation.org\/es\/wp-json\/wp\/v2\/pages"}],"about":[{"href":"https:\/\/www.dexeusfoundation.org\/es\/wp-json\/wp\/v2\/types\/page"}],"author":[{"embeddable":true,"href":"https:\/\/www.dexeusfoundation.org\/es\/wp-json\/wp\/v2\/users\/1"}],"replies":[{"embeddable":true,"href":"https:\/\/www.dexeusfoundation.org\/es\/wp-json\/wp\/v2\/comments?post=4233"}],"version-history":[{"count":0,"href":"https:\/\/www.dexeusfoundation.org\/es\/wp-json\/wp\/v2\/pages\/4233\/revisions"}],"up":[{"embeddable":true,"href":"https:\/\/www.dexeusfoundation.org\/es\/wp-json\/wp\/v2\/pages\/39"}],"wp:featuredmedia":[{"embeddable":true,"href":"https:\/\/www.dexeusfoundation.org\/es\/wp-json\/wp\/v2\/media\/4186"}],"wp:attachment":[{"href":"https:\/\/www.dexeusfoundation.org\/es\/wp-json\/wp\/v2\/media?parent=4233"}],"curies":[{"name":"wp","href":"https:\/\/api.w.org\/{rel}","templated":true}]}}