{"id":6290,"date":"2026-01-27T14:42:03","date_gmt":"2026-01-27T13:42:03","guid":{"rendered":"https:\/\/www.dexeusfoundation.org\/?page_id=6290"},"modified":"2026-01-27T14:42:03","modified_gmt":"2026-01-27T13:42:03","slug":"aviso-legal","status":"publish","type":"page","link":"https:\/\/www.dexeusfoundation.org\/es\/aviso-legal\/","title":{"rendered":"Aviso legal"},"content":{"rendered":"\t\t<div data-elementor-type=\"wp-page\" data-elementor-id=\"6290\" class=\"elementor elementor-6290\" data-elementor-post-type=\"page\">\n\t\t\t\t<div class=\"elementor-element elementor-element-ff1e522 e-flex e-con-boxed e-con e-parent\" data-id=\"ff1e522\" data-element_type=\"container\" data-e-type=\"container\" data-settings=\"{&quot;jet_parallax_layout_list&quot;:[]}\">\n\t\t\t\t\t<div class=\"e-con-inner\">\n\t\t\t\t<div class=\"elementor-element elementor-element-5111ac3 elementor-widget elementor-widget-heading\" data-id=\"5111ac3\" data-element_type=\"widget\" data-e-type=\"widget\" data-widget_type=\"heading.default\">\n\t\t\t\t\t<h2 class=\"elementor-heading-title elementor-size-default\">Aviso legal<\/h2>\t\t\t\t<\/div>\n\t\t\t\t<div class=\"elementor-element elementor-element-f7c3639 elementor-widget elementor-widget-text-editor\" data-id=\"f7c3639\" data-element_type=\"widget\" data-e-type=\"widget\" data-widget_type=\"text-editor.default\">\n\t\t\t\t\t\t\t\t\t<p>La <strong>Fundaci\u00f3n Dexeus Mujer<\/strong>, con nombre fiscal Fundaci\u00f3n Santiago Dexeus Font, con domicilio en Gran V\u00eda Carles III 71-75 08028 Barcelona y NIF G60898194 pretende con este portal web contribuir al acceso a una informaci\u00f3n relevante, actualizada y accesible sobre temas m\u00e9dicos y actividades docentes, destinada a los profesionales de la salud con especial inter\u00e9s en las \u00e1reas de la obstetricia, la ginecolog\u00eda, la medicina de la reproducci\u00f3n y el diagn\u00f3stico ginecol\u00f3gico por la imagen.<\/p><p><strong>Se ruega leer con atenci\u00f3n las siguientes condiciones de uso.<\/strong><br \/><strong>Al acceder y al usar este sitio, usted est\u00e1 aceptando acatar estas normas.<\/strong><\/p>\t\t\t\t\t\t\t\t<\/div>\n\t\t\t\t<div class=\"elementor-element elementor-element-abba213 elementor-widget elementor-widget-heading\" data-id=\"abba213\" data-element_type=\"widget\" data-e-type=\"widget\" data-widget_type=\"heading.default\">\n\t\t\t\t\t<h2 class=\"elementor-heading-title elementor-size-default\">Declinaci\u00f3n de Responsabilidad<\/h2>\t\t\t\t<\/div>\n\t\t\t\t<div class=\"elementor-element elementor-element-d94b4d7 elementor-widget elementor-widget-text-editor\" data-id=\"d94b4d7\" data-element_type=\"widget\" data-e-type=\"widget\" data-widget_type=\"text-editor.default\">\n\t\t\t\t\t\t\t\t\t<p><strong>Ni dexeusfoundation.org, ni la Fundaci\u00f3n Dexeus Mujer<\/strong>, no hacen ninguna representaci\u00f3n o garant\u00eda por lo que se refiere al uso de la informaci\u00f3n de este sitio web. Al acceder este sitio, usted acepta que todo el acceso y uso del mismo y la informaci\u00f3n contenida en \u00e9l es a su propio riesgo.<\/p><p><strong>Ni dexeusfoundation.org, ni la Fundaci\u00f3n Dexeus Mujer<\/strong>, no ser\u00e1n responsable de manera alguna de da\u00f1os directos, incidentales, consecuenciales, indirectos o punitivos que surjan del acceso, uso o incapacidad por parte suya de usar este sitio, ni de ning\u00fan error u omisi\u00f3n en la informaci\u00f3n contenida en el mismo.<\/p>\t\t\t\t\t\t\t\t<\/div>\n\t\t\t\t<div class=\"elementor-element elementor-element-b36761a elementor-widget elementor-widget-heading\" data-id=\"b36761a\" data-element_type=\"widget\" data-e-type=\"widget\" data-widget_type=\"heading.default\">\n\t\t\t\t\t<h2 class=\"elementor-heading-title elementor-size-default\">Pol\u00edtica de privacidad<\/h2>\t\t\t\t<\/div>\n\t\t\t\t<div class=\"elementor-element elementor-element-3d91827 elementor-widget elementor-widget-text-editor\" data-id=\"3d91827\" data-element_type=\"widget\" data-e-type=\"widget\" data-widget_type=\"text-editor.default\">\n\t\t\t\t\t\t\t\t\t<p>El Responsable del Tratamiento, la <strong>Fundaci\u00f3n Dexeus Mujer<\/strong>, con nombre fiscal Fundaci\u00f3n Santiago Dexeus Font, con domicilio en Gran V\u00eda Carles III 71-75 08028 Barcelona y NIF G60898194, en cumplimiento del Reglamento (UE) 2016\/679 del Parlamento Europeo y del Consejo, de 27 de abril de 2016, relativo a la protecci\u00f3n de las personas f\u00edsicas en lo que respecta al tratamiento de datos personales y a la libre circulaci\u00f3n de estos, adelante RGPD, le informa que el tratamiento de sus datos ser\u00e1 proporcionar informaci\u00f3n relativa a cursos, congresos, asistencias formativas y actividades cient\u00edficas o docentes de la Entidad, tambi\u00e9n enviar boletines, publicaciones u otras comunicaciones de la Entidad relativas a su actividad y que puedan ser de su inter\u00e9s. Esta informaci\u00f3n ser\u00e1 utilizada por los servicios administrativos y servicios directamente vinculados a las prestaciones descritas por parte de la Entidad.<\/p><p>La base jur\u00eddica para el tratamiento de los datos es el consentimiento de la persona y los datos proporcionados ser\u00e1n conservados mientras el consentimiento no sea revocado.<\/p><p>Tambi\u00e9n se le informa del tratamiento de datos de videovigilancia para garantizar la seguridad de las personas, bienes e instalaciones. Sus datos ser\u00e1n tratados en cumplimiento de una misi\u00f3n de inter\u00e9s p\u00fablico. Los datos se conservar\u00e1n durante el plazo de 1 mes. Excepto en aquellos casos en que sean requeridos por las Fuerzas y Cuerpos de Seguridad o por juzgados o Tribunales. Asimismo, le informamos que no se prev\u00e9n transferencias Internacionales.<\/p><p>Puede ejercer los derechos acceso, rectificaci\u00f3n, supresi\u00f3n, limitaci\u00f3n del tratamiento, portabilidad y de oposici\u00f3n de sus datos de acuerdo lo dispuesto en la normativa en materia de protecci\u00f3n de datos. Para ejercerlos, deber\u00e1 dirigirse por escrito al Delegado de Protecci\u00f3n de Datos en el correo electr\u00f3nico <a href=\"mailto:dpd@dexeus.com\">dpd@dexeus.com<\/a>, en cualquier caso, se deber\u00e1 adjuntar una fotocopia de su documento nacional de identidad o equivalente.<\/p><p>Asimismo, se le informa su derecho a, en caso de no estar de acuerdo con el tratamiento realizado por nuestra Entidad o considerar vulnerados sus derechos, presentar una reclamaci\u00f3n en todo momento ante la Agencia Espa\u00f1ola de Protecci\u00f3n de datos.<\/p>\t\t\t\t\t\t\t\t<\/div>\n\t\t\t\t<div class=\"elementor-element elementor-element-381baae elementor-widget elementor-widget-heading\" data-id=\"381baae\" data-element_type=\"widget\" data-e-type=\"widget\" data-widget_type=\"heading.default\">\n\t\t\t\t\t<h2 class=\"elementor-heading-title elementor-size-default\">Registro y cookies<\/h2>\t\t\t\t<\/div>\n\t\t\t\t<div class=\"elementor-element elementor-element-4b5dffe elementor-widget elementor-widget-text-editor\" data-id=\"4b5dffe\" data-element_type=\"widget\" data-e-type=\"widget\" data-widget_type=\"text-editor.default\">\n\t\t\t\t\t\t\t\t\t<p>\u00c1reas del <strong>sitio dexeusfoundation.org<\/strong> pueden ser accesibles solamente despu\u00e9s de registrarse. Dado que la verificaci\u00f3n para confirmar si alguien est\u00e1 autorizado para acceder a contenidos dentro del sitio se realiza verificando la cookie durante la visita, es necesario aceptar las cookies para permitir el uso de este sitio. Sin embargo, despu\u00e9s de visitar dexeusfoundation.org, usted tiene la libertad de borrar esta cookie de su ordenador. Para el registro del usuario, se utiliza una base de datos central de registro de usuarios.<\/p><p>La informaci\u00f3n personal que usted nos provea nos permitir\u00e1 ofrecerle una informaci\u00f3n de usuario hecha a su medida que se adapte a sus necesidades e intereses. El an\u00e1lisis de datos relativos a las operaciones del sitio ser\u00e1 conducido sin vinculaci\u00f3n a datos personalmente identificables toda vez que sea posible.<\/p><p>El sitio dexeusfoundation.org cuenta con medidas de seguridad para proteger la p\u00e9rdida, el mal uso y la alteraci\u00f3n de datos personales que son controlados por usted. Adem\u00e1s, recomendamos encarecidamente no divulgar su nombre de usuario y contrase\u00f1a a nadie. Los datos de registro del sitio son almacenados en un servidor seguro que reside detr\u00e1s de un cortafuego despu\u00e9s de llegar a dexeusfoundation.org. El cortafuego ha sido dise\u00f1ado para bloquear el acceso a estos datos desde fuera del sitio.<\/p><p>Sin embargo, debe recordar que Internet es un sistema p\u00fablicamente accesible. Cada vez que la informaci\u00f3n es puesta a su disposici\u00f3n en l\u00ednea, ello es a riesgo suyo, ya que podr\u00eda perderse en el camino o ser procesada por terceros no autorizados.<\/p>\t\t\t\t\t\t\t\t<\/div>\n\t\t\t\t<div class=\"elementor-element elementor-element-b0d073a elementor-widget elementor-widget-heading\" data-id=\"b0d073a\" data-element_type=\"widget\" data-e-type=\"widget\" data-widget_type=\"heading.default\">\n\t\t\t\t\t<h2 class=\"elementor-heading-title elementor-size-default\">Env\u00edo de boletines por e-mail<\/h2>\t\t\t\t<\/div>\n\t\t\t\t<div class=\"elementor-element elementor-element-e0dfd89 elementor-widget elementor-widget-text-editor\" data-id=\"e0dfd89\" data-element_type=\"widget\" data-e-type=\"widget\" data-widget_type=\"text-editor.default\">\n\t\t\t\t\t\t\t\t\t<p>En el caso de que usted se suscriba a boletines v\u00eda e-mail, cada uno de los mensajes incluir\u00e1 instrucciones que explican c\u00f3mo terminar con su suscripci\u00f3n.<\/p>\t\t\t\t\t\t\t\t<\/div>\n\t\t\t\t\t<\/div>\n\t\t\t\t<\/div>\n\t\t\t\t<\/div>\n\t\t","protected":false},"excerpt":{"rendered":"<p>Aviso legal La Fundaci\u00f3n Dexeus Mujer, con nombre fiscal Fundaci\u00f3n Santiago Dexeus Font, con domicilio en Gran V\u00eda Carles III 71-75 08028 Barcelona y NIF G60898194 pretende con este portal web contribuir al acceso a una informaci\u00f3n relevante, actualizada y accesible sobre temas m\u00e9dicos y actividades docentes, destinada a los profesionales de la salud con [&hellip;]<\/p>\n","protected":false},"author":4,"featured_media":0,"parent":0,"menu_order":0,"comment_status":"closed","ping_status":"closed","template":"","meta":{"footnotes":""},"class_list":["post-6290","page","type-page","status-publish","hentry"],"yoast_head":"<!-- This site is optimized with the Yoast SEO plugin v27.0 - https:\/\/yoast.com\/product\/yoast-seo-wordpress\/ -->\n<title>Aviso legal - Fundaci\u00f3n Dexeus Mujer<\/title>\n<meta name=\"description\" content=\"Aviso legal La Fundaci\u00f3n Dexeus Mujer, con nombre fiscal Fundaci\u00f3n Santiago Dexeus Font, con domicilio en Gran V\u00eda Carles III 71-75 08028 Barcelona y NIF\" \/>\n<meta name=\"robots\" content=\"index, follow, max-snippet:-1, max-image-preview:large, max-video-preview:-1\" \/>\n<link rel=\"canonical\" href=\"https:\/\/www.dexeusfoundation.org\/es\/aviso-legal\/\" \/>\n<meta property=\"og:locale\" content=\"es_ES\" \/>\n<meta property=\"og:type\" content=\"article\" \/>\n<meta property=\"og:title\" content=\"Aviso legal - Fundaci\u00f3n Dexeus Mujer\" \/>\n<meta property=\"og:description\" content=\"Aviso legal La Fundaci\u00f3n Dexeus Mujer, con nombre fiscal Fundaci\u00f3n Santiago Dexeus Font, con domicilio en Gran V\u00eda Carles III 71-75 08028 Barcelona y NIF\" \/>\n<meta property=\"og:url\" content=\"https:\/\/www.dexeusfoundation.org\/es\/aviso-legal\/\" \/>\n<meta property=\"og:site_name\" content=\"Fundaci\u00f3n Dexeus Mujer\" \/>\n<meta property=\"og:image\" content=\"https:\/\/www.dexeusfoundation.org\/wp-content\/uploads\/2025\/10\/salud-mujer-tres-generaciones-1280x640-1.jpeg\" \/>\n\t<meta property=\"og:image:width\" content=\"1280\" \/>\n\t<meta property=\"og:image:height\" content=\"640\" \/>\n\t<meta property=\"og:image:type\" content=\"image\/jpeg\" \/>\n<meta name=\"twitter:card\" content=\"summary_large_image\" \/>\n<script type=\"application\/ld+json\" class=\"yoast-schema-graph\">{\"@context\":\"https:\/\/schema.org\",\"@graph\":[{\"@type\":\"WebPage\",\"@id\":\"https:\/\/www.dexeusfoundation.org\/es\/aviso-legal\/\",\"url\":\"https:\/\/www.dexeusfoundation.org\/es\/aviso-legal\/\",\"name\":\"Aviso legal - Fundaci\u00f3n Dexeus Mujer\",\"isPartOf\":{\"@id\":\"https:\/\/www.dexeusfoundation.org\/es\/#website\"},\"datePublished\":\"2026-01-27T13:42:03+00:00\",\"description\":\"Aviso legal La Fundaci\u00f3n Dexeus Mujer, con nombre fiscal Fundaci\u00f3n Santiago Dexeus Font, con domicilio en Gran V\u00eda Carles III 71-75 08028 Barcelona y NIF\",\"breadcrumb\":{\"@id\":\"https:\/\/www.dexeusfoundation.org\/es\/aviso-legal\/#breadcrumb\"},\"inLanguage\":\"es\",\"potentialAction\":[{\"@type\":\"ReadAction\",\"target\":[\"https:\/\/www.dexeusfoundation.org\/es\/aviso-legal\/\"]}]},{\"@type\":\"BreadcrumbList\",\"@id\":\"https:\/\/www.dexeusfoundation.org\/es\/aviso-legal\/#breadcrumb\",\"itemListElement\":[{\"@type\":\"ListItem\",\"position\":1,\"name\":\"Portada\",\"item\":\"https:\/\/www.dexeusfoundation.org\/es\/\"},{\"@type\":\"ListItem\",\"position\":2,\"name\":\"Aviso legal\"}]},{\"@type\":\"WebSite\",\"@id\":\"https:\/\/www.dexeusfoundation.org\/es\/#website\",\"url\":\"https:\/\/www.dexeusfoundation.org\/es\/\",\"name\":\"Fundaci\u00f3n Dexeus Mujer\",\"description\":\"\",\"publisher\":{\"@id\":\"https:\/\/www.dexeusfoundation.org\/es\/#organization\"},\"potentialAction\":[{\"@type\":\"SearchAction\",\"target\":{\"@type\":\"EntryPoint\",\"urlTemplate\":\"https:\/\/www.dexeusfoundation.org\/es\/?s={search_term_string}\"},\"query-input\":{\"@type\":\"PropertyValueSpecification\",\"valueRequired\":true,\"valueName\":\"search_term_string\"}}],\"inLanguage\":\"es\"},{\"@type\":\"Organization\",\"@id\":\"https:\/\/www.dexeusfoundation.org\/es\/#organization\",\"name\":\"Fundaci\u00f3n Dexeus Mujer\",\"url\":\"https:\/\/www.dexeusfoundation.org\/es\/\",\"logo\":{\"@type\":\"ImageObject\",\"inLanguage\":\"es\",\"@id\":\"https:\/\/www.dexeusfoundation.org\/es\/#\/schema\/logo\/image\/\",\"url\":\"https:\/\/www.dexeusfoundation.org\/wp-content\/uploads\/2025\/07\/Logo-Fundacion-Dexeus-Mujer.png\",\"contentUrl\":\"https:\/\/www.dexeusfoundation.org\/wp-content\/uploads\/2025\/07\/Logo-Fundacion-Dexeus-Mujer.png\",\"width\":2067,\"height\":1773,\"caption\":\"Fundaci\u00f3n Dexeus Mujer\"},\"image\":{\"@id\":\"https:\/\/www.dexeusfoundation.org\/es\/#\/schema\/logo\/image\/\"},\"sameAs\":[\"https:\/\/es.linkedin.com\/company\/fundacion-dexeus-mujer\"]}]}<\/script>\n<!-- \/ Yoast SEO plugin. -->","yoast_head_json":{"title":"Aviso legal - Fundaci\u00f3n Dexeus Mujer","description":"Aviso legal La Fundaci\u00f3n Dexeus Mujer, con nombre fiscal Fundaci\u00f3n Santiago Dexeus Font, con domicilio en Gran V\u00eda Carles III 71-75 08028 Barcelona y NIF","robots":{"index":"index","follow":"follow","max-snippet":"max-snippet:-1","max-image-preview":"max-image-preview:large","max-video-preview":"max-video-preview:-1"},"canonical":"https:\/\/www.dexeusfoundation.org\/es\/aviso-legal\/","og_locale":"es_ES","og_type":"article","og_title":"Aviso legal - Fundaci\u00f3n Dexeus Mujer","og_description":"Aviso legal La Fundaci\u00f3n Dexeus Mujer, con nombre fiscal Fundaci\u00f3n Santiago Dexeus Font, con domicilio en Gran V\u00eda Carles III 71-75 08028 Barcelona y NIF","og_url":"https:\/\/www.dexeusfoundation.org\/es\/aviso-legal\/","og_site_name":"Fundaci\u00f3n Dexeus Mujer","og_image":[{"width":1280,"height":640,"url":"https:\/\/www.dexeusfoundation.org\/wp-content\/uploads\/2025\/10\/salud-mujer-tres-generaciones-1280x640-1.jpeg","type":"image\/jpeg"}],"twitter_card":"summary_large_image","schema":{"@context":"https:\/\/schema.org","@graph":[{"@type":"WebPage","@id":"https:\/\/www.dexeusfoundation.org\/es\/aviso-legal\/","url":"https:\/\/www.dexeusfoundation.org\/es\/aviso-legal\/","name":"Aviso legal - Fundaci\u00f3n Dexeus Mujer","isPartOf":{"@id":"https:\/\/www.dexeusfoundation.org\/es\/#website"},"datePublished":"2026-01-27T13:42:03+00:00","description":"Aviso legal La Fundaci\u00f3n Dexeus Mujer, con nombre fiscal Fundaci\u00f3n Santiago Dexeus Font, con domicilio en Gran V\u00eda Carles III 71-75 08028 Barcelona y NIF","breadcrumb":{"@id":"https:\/\/www.dexeusfoundation.org\/es\/aviso-legal\/#breadcrumb"},"inLanguage":"es","potentialAction":[{"@type":"ReadAction","target":["https:\/\/www.dexeusfoundation.org\/es\/aviso-legal\/"]}]},{"@type":"BreadcrumbList","@id":"https:\/\/www.dexeusfoundation.org\/es\/aviso-legal\/#breadcrumb","itemListElement":[{"@type":"ListItem","position":1,"name":"Portada","item":"https:\/\/www.dexeusfoundation.org\/es\/"},{"@type":"ListItem","position":2,"name":"Aviso legal"}]},{"@type":"WebSite","@id":"https:\/\/www.dexeusfoundation.org\/es\/#website","url":"https:\/\/www.dexeusfoundation.org\/es\/","name":"Fundaci\u00f3n Dexeus Mujer","description":"","publisher":{"@id":"https:\/\/www.dexeusfoundation.org\/es\/#organization"},"potentialAction":[{"@type":"SearchAction","target":{"@type":"EntryPoint","urlTemplate":"https:\/\/www.dexeusfoundation.org\/es\/?s={search_term_string}"},"query-input":{"@type":"PropertyValueSpecification","valueRequired":true,"valueName":"search_term_string"}}],"inLanguage":"es"},{"@type":"Organization","@id":"https:\/\/www.dexeusfoundation.org\/es\/#organization","name":"Fundaci\u00f3n Dexeus Mujer","url":"https:\/\/www.dexeusfoundation.org\/es\/","logo":{"@type":"ImageObject","inLanguage":"es","@id":"https:\/\/www.dexeusfoundation.org\/es\/#\/schema\/logo\/image\/","url":"https:\/\/www.dexeusfoundation.org\/wp-content\/uploads\/2025\/07\/Logo-Fundacion-Dexeus-Mujer.png","contentUrl":"https:\/\/www.dexeusfoundation.org\/wp-content\/uploads\/2025\/07\/Logo-Fundacion-Dexeus-Mujer.png","width":2067,"height":1773,"caption":"Fundaci\u00f3n Dexeus Mujer"},"image":{"@id":"https:\/\/www.dexeusfoundation.org\/es\/#\/schema\/logo\/image\/"},"sameAs":["https:\/\/es.linkedin.com\/company\/fundacion-dexeus-mujer"]}]}},"_links":{"self":[{"href":"https:\/\/www.dexeusfoundation.org\/es\/wp-json\/wp\/v2\/pages\/6290","targetHints":{"allow":["GET"]}}],"collection":[{"href":"https:\/\/www.dexeusfoundation.org\/es\/wp-json\/wp\/v2\/pages"}],"about":[{"href":"https:\/\/www.dexeusfoundation.org\/es\/wp-json\/wp\/v2\/types\/page"}],"author":[{"embeddable":true,"href":"https:\/\/www.dexeusfoundation.org\/es\/wp-json\/wp\/v2\/users\/4"}],"replies":[{"embeddable":true,"href":"https:\/\/www.dexeusfoundation.org\/es\/wp-json\/wp\/v2\/comments?post=6290"}],"version-history":[{"count":0,"href":"https:\/\/www.dexeusfoundation.org\/es\/wp-json\/wp\/v2\/pages\/6290\/revisions"}],"wp:attachment":[{"href":"https:\/\/www.dexeusfoundation.org\/es\/wp-json\/wp\/v2\/media?parent=6290"}],"curies":[{"name":"wp","href":"https:\/\/api.w.org\/{rel}","templated":true}]}}