{"id":6314,"date":"2026-01-27T14:46:33","date_gmt":"2026-01-27T13:46:33","guid":{"rendered":"https:\/\/www.dexeusfoundation.org\/?page_id=6314"},"modified":"2026-01-27T14:50:05","modified_gmt":"2026-01-27T13:50:05","slug":"politica-privacidad","status":"publish","type":"page","link":"https:\/\/www.dexeusfoundation.org\/es\/politica-privacidad\/","title":{"rendered":"Pol\u00edtica de privacidad"},"content":{"rendered":"\t\t<div data-elementor-type=\"wp-page\" data-elementor-id=\"6314\" class=\"elementor elementor-6314\" data-elementor-post-type=\"page\">\n\t\t\t\t<div class=\"elementor-element elementor-element-52ec224 e-flex e-con-boxed e-con e-parent\" data-id=\"52ec224\" data-element_type=\"container\" data-e-type=\"container\" data-settings=\"{&quot;jet_parallax_layout_list&quot;:[]}\">\n\t\t\t\t\t<div class=\"e-con-inner\">\n\t\t\t\t<div class=\"elementor-element elementor-element-b3aa295 elementor-widget elementor-widget-heading\" data-id=\"b3aa295\" data-element_type=\"widget\" data-e-type=\"widget\" data-widget_type=\"heading.default\">\n\t\t\t\t\t<h2 class=\"elementor-heading-title elementor-size-default\">Pol\u00edtica de privacidad<\/h2>\t\t\t\t<\/div>\n\t\t\t\t<div class=\"elementor-element elementor-element-ebf9aa0 elementor-widget elementor-widget-text-editor\" data-id=\"ebf9aa0\" data-element_type=\"widget\" data-e-type=\"widget\" data-widget_type=\"text-editor.default\">\n\t\t\t\t\t\t\t\t\t<p>El Responsable del Tratamiento, la <strong>Fundaci\u00f3n Dexeus Mujer<\/strong>, con nombre fiscal Fundaci\u00f3n Santiago Dexeus Font, con domicilio en Gran V\u00eda Carles III 71-75 08028 Barcelona y NIF G60898194, en cumplimiento del Reglamento (UE) 2016\/679 del Parlamento Europeo y del Consejo, de 27 de abril de 2016, relativo a la protecci\u00f3n de las personas f\u00edsicas en lo que respecta al tratamiento de datos personales y a la libre circulaci\u00f3n de estos, adelante RGPD, le informa que el tratamiento de sus datos ser\u00e1 proporcionar informaci\u00f3n relativa a cursos, congresos, asistencias formativas y actividades cient\u00edficas o docentes de la Entidad, tambi\u00e9n enviar boletines, publicaciones u otras comunicaciones de la Entidad relativas a su actividad y que puedan ser de su inter\u00e9s. Esta informaci\u00f3n ser\u00e1 utilizada por los servicios administrativos y servicios directamente vinculados a las prestaciones descritas por parte de la Entidad.<\/p><p>La base jur\u00eddica para el tratamiento de los datos es el consentimiento de la persona y los datos proporcionados ser\u00e1n conservados mientras el consentimiento no sea revocado.<\/p><p>Tambi\u00e9n se le informa del tratamiento de datos de videovigilancia para garantizar la seguridad de las personas, bienes e instalaciones. Sus datos ser\u00e1n tratados en cumplimiento de una misi\u00f3n de inter\u00e9s p\u00fablico. Los datos se conservar\u00e1n durante el plazo de 1 mes. Excepto en aquellos casos en que sean requeridos por las Fuerzas y Cuerpos de Seguridad o por juzgados o Tribunales. Asimismo, le informamos que no se prev\u00e9n transferencias Internacionales.<\/p><p>Puede ejercer los derechos acceso, rectificaci\u00f3n, supresi\u00f3n, limitaci\u00f3n del tratamiento, portabilidad y de oposici\u00f3n de sus datos de acuerdo lo dispuesto en la normativa en materia de protecci\u00f3n de datos. Para ejercerlos, deber\u00e1 dirigirse por escrito al Delegado de Protecci\u00f3n de Datos en el correo electr\u00f3nico <a href=\"mailto:dpd@dexeus.com\">dpd@dexeus.com<\/a>, en cualquier caso, se deber\u00e1 adjuntar una fotocopia de su documento nacional de identidad o equivalente.<\/p><p>Asimismo, se le informa su derecho a, en caso de no estar de acuerdo con el tratamiento realizado por nuestra Entidad o considerar vulnerados sus derechos, presentar una reclamaci\u00f3n en todo momento ante la Agencia Espa\u00f1ola de Protecci\u00f3n de datos.<\/p>\t\t\t\t\t\t\t\t<\/div>\n\t\t\t\t\t<\/div>\n\t\t\t\t<\/div>\n\t\t\t\t<\/div>\n\t\t","protected":false},"excerpt":{"rendered":"<p>Pol\u00edtica de privacidad El Responsable del Tratamiento, la Fundaci\u00f3n Dexeus Mujer, con nombre fiscal Fundaci\u00f3n Santiago Dexeus Font, con domicilio en Gran V\u00eda Carles III 71-75 08028 Barcelona y NIF G60898194, en cumplimiento del Reglamento (UE) 2016\/679 del Parlamento Europeo y del Consejo, de 27 de abril de 2016, relativo a la protecci\u00f3n de las [&hellip;]<\/p>\n","protected":false},"author":4,"featured_media":0,"parent":0,"menu_order":0,"comment_status":"closed","ping_status":"closed","template":"","meta":{"footnotes":""},"class_list":["post-6314","page","type-page","status-publish","hentry"],"yoast_head":"<!-- This site is optimized with the Yoast SEO plugin v27.0 - https:\/\/yoast.com\/product\/yoast-seo-wordpress\/ -->\n<title>Pol\u00edtica de privacidad - Fundaci\u00f3n Dexeus Mujer<\/title>\n<meta name=\"description\" content=\"Pol\u00edtica de privacidad El Responsable del Tratamiento, la Fundaci\u00f3n Dexeus Mujer, con nombre fiscal Fundaci\u00f3n Santiago Dexeus Font, con domicilio en Gran\" \/>\n<meta name=\"robots\" content=\"index, follow, max-snippet:-1, max-image-preview:large, max-video-preview:-1\" \/>\n<link rel=\"canonical\" href=\"https:\/\/www.dexeusfoundation.org\/es\/politica-privacidad\/\" \/>\n<meta property=\"og:locale\" content=\"es_ES\" \/>\n<meta property=\"og:type\" content=\"article\" \/>\n<meta property=\"og:title\" content=\"Pol\u00edtica de privacidad - Fundaci\u00f3n Dexeus Mujer\" \/>\n<meta property=\"og:description\" content=\"Pol\u00edtica de privacidad El Responsable del Tratamiento, la Fundaci\u00f3n Dexeus Mujer, con nombre fiscal Fundaci\u00f3n Santiago Dexeus Font, con domicilio en Gran\" \/>\n<meta property=\"og:url\" content=\"https:\/\/www.dexeusfoundation.org\/es\/politica-privacidad\/\" \/>\n<meta property=\"og:site_name\" content=\"Fundaci\u00f3n Dexeus Mujer\" \/>\n<meta property=\"article:modified_time\" content=\"2026-01-27T13:50:05+00:00\" \/>\n<meta property=\"og:image\" content=\"https:\/\/www.dexeusfoundation.org\/wp-content\/uploads\/2025\/10\/salud-mujer-tres-generaciones-1280x640-1.jpeg\" \/>\n\t<meta property=\"og:image:width\" content=\"1280\" \/>\n\t<meta property=\"og:image:height\" content=\"640\" \/>\n\t<meta property=\"og:image:type\" content=\"image\/jpeg\" \/>\n<meta name=\"twitter:card\" content=\"summary_large_image\" \/>\n<script type=\"application\/ld+json\" class=\"yoast-schema-graph\">{\"@context\":\"https:\/\/schema.org\",\"@graph\":[{\"@type\":\"WebPage\",\"@id\":\"https:\/\/www.dexeusfoundation.org\/es\/politica-privacidad\/\",\"url\":\"https:\/\/www.dexeusfoundation.org\/es\/politica-privacidad\/\",\"name\":\"Pol\u00edtica de privacidad - Fundaci\u00f3n Dexeus Mujer\",\"isPartOf\":{\"@id\":\"https:\/\/www.dexeusfoundation.org\/es\/#website\"},\"datePublished\":\"2026-01-27T13:46:33+00:00\",\"dateModified\":\"2026-01-27T13:50:05+00:00\",\"description\":\"Pol\u00edtica de privacidad El Responsable del Tratamiento, la Fundaci\u00f3n Dexeus Mujer, con nombre fiscal Fundaci\u00f3n Santiago Dexeus Font, con domicilio en Gran\",\"breadcrumb\":{\"@id\":\"https:\/\/www.dexeusfoundation.org\/es\/politica-privacidad\/#breadcrumb\"},\"inLanguage\":\"es\",\"potentialAction\":[{\"@type\":\"ReadAction\",\"target\":[\"https:\/\/www.dexeusfoundation.org\/es\/politica-privacidad\/\"]}]},{\"@type\":\"BreadcrumbList\",\"@id\":\"https:\/\/www.dexeusfoundation.org\/es\/politica-privacidad\/#breadcrumb\",\"itemListElement\":[{\"@type\":\"ListItem\",\"position\":1,\"name\":\"Portada\",\"item\":\"https:\/\/www.dexeusfoundation.org\/es\/\"},{\"@type\":\"ListItem\",\"position\":2,\"name\":\"Pol\u00edtica de privacidad\"}]},{\"@type\":\"WebSite\",\"@id\":\"https:\/\/www.dexeusfoundation.org\/es\/#website\",\"url\":\"https:\/\/www.dexeusfoundation.org\/es\/\",\"name\":\"Fundaci\u00f3n Dexeus Mujer\",\"description\":\"\",\"publisher\":{\"@id\":\"https:\/\/www.dexeusfoundation.org\/es\/#organization\"},\"potentialAction\":[{\"@type\":\"SearchAction\",\"target\":{\"@type\":\"EntryPoint\",\"urlTemplate\":\"https:\/\/www.dexeusfoundation.org\/es\/?s={search_term_string}\"},\"query-input\":{\"@type\":\"PropertyValueSpecification\",\"valueRequired\":true,\"valueName\":\"search_term_string\"}}],\"inLanguage\":\"es\"},{\"@type\":\"Organization\",\"@id\":\"https:\/\/www.dexeusfoundation.org\/es\/#organization\",\"name\":\"Fundaci\u00f3n Dexeus Mujer\",\"url\":\"https:\/\/www.dexeusfoundation.org\/es\/\",\"logo\":{\"@type\":\"ImageObject\",\"inLanguage\":\"es\",\"@id\":\"https:\/\/www.dexeusfoundation.org\/es\/#\/schema\/logo\/image\/\",\"url\":\"https:\/\/www.dexeusfoundation.org\/wp-content\/uploads\/2025\/07\/Logo-Fundacion-Dexeus-Mujer.png\",\"contentUrl\":\"https:\/\/www.dexeusfoundation.org\/wp-content\/uploads\/2025\/07\/Logo-Fundacion-Dexeus-Mujer.png\",\"width\":2067,\"height\":1773,\"caption\":\"Fundaci\u00f3n Dexeus Mujer\"},\"image\":{\"@id\":\"https:\/\/www.dexeusfoundation.org\/es\/#\/schema\/logo\/image\/\"},\"sameAs\":[\"https:\/\/es.linkedin.com\/company\/fundacion-dexeus-mujer\"]}]}<\/script>\n<!-- \/ Yoast SEO plugin. -->","yoast_head_json":{"title":"Pol\u00edtica de privacidad - Fundaci\u00f3n Dexeus Mujer","description":"Pol\u00edtica de privacidad El Responsable del Tratamiento, la Fundaci\u00f3n Dexeus Mujer, con nombre fiscal Fundaci\u00f3n Santiago Dexeus Font, con domicilio en Gran","robots":{"index":"index","follow":"follow","max-snippet":"max-snippet:-1","max-image-preview":"max-image-preview:large","max-video-preview":"max-video-preview:-1"},"canonical":"https:\/\/www.dexeusfoundation.org\/es\/politica-privacidad\/","og_locale":"es_ES","og_type":"article","og_title":"Pol\u00edtica de privacidad - Fundaci\u00f3n Dexeus Mujer","og_description":"Pol\u00edtica de privacidad El Responsable del Tratamiento, la Fundaci\u00f3n Dexeus Mujer, con nombre fiscal Fundaci\u00f3n Santiago Dexeus Font, con domicilio en Gran","og_url":"https:\/\/www.dexeusfoundation.org\/es\/politica-privacidad\/","og_site_name":"Fundaci\u00f3n Dexeus Mujer","article_modified_time":"2026-01-27T13:50:05+00:00","og_image":[{"width":1280,"height":640,"url":"https:\/\/www.dexeusfoundation.org\/wp-content\/uploads\/2025\/10\/salud-mujer-tres-generaciones-1280x640-1.jpeg","type":"image\/jpeg"}],"twitter_card":"summary_large_image","schema":{"@context":"https:\/\/schema.org","@graph":[{"@type":"WebPage","@id":"https:\/\/www.dexeusfoundation.org\/es\/politica-privacidad\/","url":"https:\/\/www.dexeusfoundation.org\/es\/politica-privacidad\/","name":"Pol\u00edtica de privacidad - Fundaci\u00f3n Dexeus Mujer","isPartOf":{"@id":"https:\/\/www.dexeusfoundation.org\/es\/#website"},"datePublished":"2026-01-27T13:46:33+00:00","dateModified":"2026-01-27T13:50:05+00:00","description":"Pol\u00edtica de privacidad El Responsable del Tratamiento, la Fundaci\u00f3n Dexeus Mujer, con nombre fiscal Fundaci\u00f3n Santiago Dexeus Font, con domicilio en Gran","breadcrumb":{"@id":"https:\/\/www.dexeusfoundation.org\/es\/politica-privacidad\/#breadcrumb"},"inLanguage":"es","potentialAction":[{"@type":"ReadAction","target":["https:\/\/www.dexeusfoundation.org\/es\/politica-privacidad\/"]}]},{"@type":"BreadcrumbList","@id":"https:\/\/www.dexeusfoundation.org\/es\/politica-privacidad\/#breadcrumb","itemListElement":[{"@type":"ListItem","position":1,"name":"Portada","item":"https:\/\/www.dexeusfoundation.org\/es\/"},{"@type":"ListItem","position":2,"name":"Pol\u00edtica de privacidad"}]},{"@type":"WebSite","@id":"https:\/\/www.dexeusfoundation.org\/es\/#website","url":"https:\/\/www.dexeusfoundation.org\/es\/","name":"Fundaci\u00f3n Dexeus Mujer","description":"","publisher":{"@id":"https:\/\/www.dexeusfoundation.org\/es\/#organization"},"potentialAction":[{"@type":"SearchAction","target":{"@type":"EntryPoint","urlTemplate":"https:\/\/www.dexeusfoundation.org\/es\/?s={search_term_string}"},"query-input":{"@type":"PropertyValueSpecification","valueRequired":true,"valueName":"search_term_string"}}],"inLanguage":"es"},{"@type":"Organization","@id":"https:\/\/www.dexeusfoundation.org\/es\/#organization","name":"Fundaci\u00f3n Dexeus Mujer","url":"https:\/\/www.dexeusfoundation.org\/es\/","logo":{"@type":"ImageObject","inLanguage":"es","@id":"https:\/\/www.dexeusfoundation.org\/es\/#\/schema\/logo\/image\/","url":"https:\/\/www.dexeusfoundation.org\/wp-content\/uploads\/2025\/07\/Logo-Fundacion-Dexeus-Mujer.png","contentUrl":"https:\/\/www.dexeusfoundation.org\/wp-content\/uploads\/2025\/07\/Logo-Fundacion-Dexeus-Mujer.png","width":2067,"height":1773,"caption":"Fundaci\u00f3n Dexeus Mujer"},"image":{"@id":"https:\/\/www.dexeusfoundation.org\/es\/#\/schema\/logo\/image\/"},"sameAs":["https:\/\/es.linkedin.com\/company\/fundacion-dexeus-mujer"]}]}},"_links":{"self":[{"href":"https:\/\/www.dexeusfoundation.org\/es\/wp-json\/wp\/v2\/pages\/6314","targetHints":{"allow":["GET"]}}],"collection":[{"href":"https:\/\/www.dexeusfoundation.org\/es\/wp-json\/wp\/v2\/pages"}],"about":[{"href":"https:\/\/www.dexeusfoundation.org\/es\/wp-json\/wp\/v2\/types\/page"}],"author":[{"embeddable":true,"href":"https:\/\/www.dexeusfoundation.org\/es\/wp-json\/wp\/v2\/users\/4"}],"replies":[{"embeddable":true,"href":"https:\/\/www.dexeusfoundation.org\/es\/wp-json\/wp\/v2\/comments?post=6314"}],"version-history":[{"count":0,"href":"https:\/\/www.dexeusfoundation.org\/es\/wp-json\/wp\/v2\/pages\/6314\/revisions"}],"wp:attachment":[{"href":"https:\/\/www.dexeusfoundation.org\/es\/wp-json\/wp\/v2\/media?parent=6314"}],"curies":[{"name":"wp","href":"https:\/\/api.w.org\/{rel}","templated":true}]}}