{"id":80,"date":"2025-07-31T16:21:07","date_gmt":"2025-07-31T14:21:07","guid":{"rendered":"https:\/\/www.dexeusfoundation.org\/?page_id=80"},"modified":"2025-11-21T11:38:18","modified_gmt":"2025-11-21T10:38:18","slug":"estudios-y-ensayos-clinicos","status":"publish","type":"page","link":"https:\/\/www.dexeusfoundation.org\/es\/investigacion\/estudios-y-ensayos-clinicos\/","title":{"rendered":"Estudios y ensayos cl\u00ednicos"},"content":{"rendered":"\t\t<div data-elementor-type=\"wp-page\" data-elementor-id=\"80\" class=\"elementor elementor-80\" data-elementor-post-type=\"page\">\n\t\t\t\t<div class=\"elementor-element elementor-element-82d6b72 e-con-full e-flex e-con e-parent\" data-id=\"82d6b72\" data-element_type=\"container\" data-e-type=\"container\" data-settings=\"{&quot;jet_parallax_layout_list&quot;:[],&quot;background_background&quot;:&quot;gradient&quot;}\">\n\t\t<div class=\"elementor-element elementor-element-7d1e8bf e-con-full e-flex e-con e-child\" data-id=\"7d1e8bf\" data-element_type=\"container\" data-e-type=\"container\" data-settings=\"{&quot;jet_parallax_layout_list&quot;:[]}\">\n\t\t\t\t<div class=\"elementor-element elementor-element-64385ff elementor-widget elementor-widget-heading\" data-id=\"64385ff\" data-element_type=\"widget\" data-e-type=\"widget\" data-widget_type=\"heading.default\">\n\t\t\t\t\t<h1 class=\"elementor-heading-title elementor-size-default\">Estudios y ensayos cl\u00ednicos<\/h1>\t\t\t\t<\/div>\n\t\t\t\t<div class=\"elementor-element elementor-element-95a4d21 elementor-widget elementor-widget-heading\" data-id=\"95a4d21\" data-element_type=\"widget\" data-e-type=\"widget\" data-widget_type=\"heading.default\">\n\t\t\t\t\t<p class=\"elementor-heading-title elementor-size-default\">A trav\u00e9s de la Fundaci\u00f3n, realizamos ensayos cl\u00ednicos para desarrollar nuevas estrategias terap\u00e9uticas y mejorar los tratamientos actuales<\/p>\t\t\t\t<\/div>\n\t\t\t\t<\/div>\n\t\t<div class=\"elementor-element elementor-element-834960d e-con-full e-flex e-con e-child\" data-id=\"834960d\" data-element_type=\"container\" data-e-type=\"container\" data-settings=\"{&quot;jet_parallax_layout_list&quot;:[]}\">\n\t\t\t\t<div class=\"elementor-element elementor-element-5da7f0c elementor-widget elementor-widget-image\" data-id=\"5da7f0c\" data-element_type=\"widget\" data-e-type=\"widget\" data-widget_type=\"image.default\">\n\t\t\t\t\t\t\t\t\t\t\t\t\t\t\t<img fetchpriority=\"high\" decoding=\"async\" width=\"800\" height=\"534\" src=\"https:\/\/www.dexeusfoundation.org\/wp-content\/uploads\/2025\/08\/Estudios-y-ensayos-clinicos-1-1024x683.jpg\" class=\"attachment-large size-large wp-image-2713\" alt=\"\" srcset=\"https:\/\/www.dexeusfoundation.org\/wp-content\/uploads\/2025\/08\/Estudios-y-ensayos-clinicos-1-1024x683.jpg 1024w, https:\/\/www.dexeusfoundation.org\/wp-content\/uploads\/2025\/08\/Estudios-y-ensayos-clinicos-1-300x200.jpg 300w, https:\/\/www.dexeusfoundation.org\/wp-content\/uploads\/2025\/08\/Estudios-y-ensayos-clinicos-1-768x512.jpg 768w, https:\/\/www.dexeusfoundation.org\/wp-content\/uploads\/2025\/08\/Estudios-y-ensayos-clinicos-1-1536x1024.jpg 1536w, https:\/\/www.dexeusfoundation.org\/wp-content\/uploads\/2025\/08\/Estudios-y-ensayos-clinicos-1-2048x1366.jpg 2048w\" sizes=\"(max-width: 800px) 100vw, 800px\" \/>\t\t\t\t\t\t\t\t\t\t\t\t\t\t\t<\/div>\n\t\t\t\t<\/div>\n\t\t\t\t<\/div>\n\t\t<div class=\"elementor-element elementor-element-353a41c e-flex e-con-boxed e-con e-parent\" data-id=\"353a41c\" data-element_type=\"container\" data-e-type=\"container\" data-settings=\"{&quot;jet_parallax_layout_list&quot;:[]}\">\n\t\t\t\t\t<div class=\"e-con-inner\">\n\t\t<div class=\"elementor-element elementor-element-a1b017e e-con-full e-flex e-con e-child\" data-id=\"a1b017e\" data-element_type=\"container\" data-e-type=\"container\" data-settings=\"{&quot;jet_parallax_layout_list&quot;:[]}\">\n\t\t\t\t<div class=\"elementor-element elementor-element-cc89363 elementor-widget elementor-widget-heading\" data-id=\"cc89363\" data-element_type=\"widget\" data-e-type=\"widget\" data-widget_type=\"heading.default\">\n\t\t\t\t\t<h2 class=\"elementor-heading-title elementor-size-default\">Principales l\u00edneas de investigaci\u00f3n<\/h2>\t\t\t\t<\/div>\n\t\t\t\t<\/div>\n\t\t<div class=\"elementor-element elementor-element-1f382b0 e-con-full e-flex e-con e-child\" data-id=\"1f382b0\" data-element_type=\"container\" data-e-type=\"container\" data-settings=\"{&quot;jet_parallax_layout_list&quot;:[]}\">\n\t\t\t\t<div class=\"elementor-element elementor-element-7711d02 elementor-widget elementor-widget-text-editor\" data-id=\"7711d02\" data-element_type=\"widget\" data-e-type=\"widget\" data-widget_type=\"text-editor.default\">\n\t\t\t\t\t\t\t\t\t<p>Nuestros estudios se centran en \u00e1reas clave de la salud de la mujer, como la prevenci\u00f3n de riesgos en el diagn\u00f3stico prenatal, el desarrollo de nuevas estrategias para mejorar la efectividad de las t\u00e9cnicas de reproducci\u00f3n asistida y de tratamientos m\u00e1s personalizados en oncolog\u00eda ginecol\u00f3gica y patolog\u00eda mamaria.<\/p><p>Adem\u00e1s, impulsamos la investigaci\u00f3n a trav\u00e9s de la concesi\u00f3n de becas y ayudas espec\u00edficas a los investigadores que lideran o participan en estudios de inter\u00e9s en las \u00e1reas de ginecolog\u00eda, obstetricia, diagn\u00f3stico ginecol\u00f3gico por la imagen y reproducci\u00f3n, con el fin de reforzar las l\u00edneas de estudio que consideramos prioritarias.<\/p>\t\t\t\t\t\t\t\t<\/div>\n\t\t\t\t<div class=\"elementor-element elementor-element-c742e4d elementor-align-start elementor-icon-list--layout-traditional elementor-list-item-link-full_width elementor-widget elementor-widget-icon-list\" data-id=\"c742e4d\" data-element_type=\"widget\" data-e-type=\"widget\" data-widget_type=\"icon-list.default\">\n\t\t\t\t\t\t\t<ul class=\"elementor-icon-list-items\">\n\t\t\t\t\t\t\t<li class=\"elementor-icon-list-item\">\n\t\t\t\t\t\t\t\t\t\t\t<a href=\"https:\/\/www.dexeus.com\/fertility\/estudios-ensayos-clinicos\/\" target=\"_blank\">\n\n\t\t\t\t\t\t\t\t\t\t\t\t<span class=\"elementor-icon-list-icon\">\n\t\t\t\t\t\t\t<svg aria-hidden=\"true\" class=\"e-font-icon-svg e-fas-arrow-right\" viewBox=\"0 0 448 512\" xmlns=\"http:\/\/www.w3.org\/2000\/svg\"><path d=\"M190.5 66.9l22.2-22.2c9.4-9.4 24.6-9.4 33.9 0L441 239c9.4 9.4 9.4 24.6 0 33.9L246.6 467.3c-9.4 9.4-24.6 9.4-33.9 0l-22.2-22.2c-9.5-9.5-9.3-25 .4-34.3L311.4 296H24c-13.3 0-24-10.7-24-24v-32c0-13.3 10.7-24 24-24h287.4L190.9 101.2c-9.8-9.3-10-24.8-.4-34.3z\"><\/path><\/svg>\t\t\t\t\t\t<\/span>\n\t\t\t\t\t\t\t\t\t\t<span class=\"elementor-icon-list-text\">Estudios y ensayos en curso<\/span>\n\t\t\t\t\t\t\t\t\t\t\t<\/a>\n\t\t\t\t\t\t\t\t\t<\/li>\n\t\t\t\t\t\t<\/ul>\n\t\t\t\t\t\t<\/div>\n\t\t\t\t<\/div>\n\t\t\t\t\t<\/div>\n\t\t\t\t<\/div>\n\t\t\t\t<\/div>\n\t\t","protected":false},"excerpt":{"rendered":"<p>Conoce nuestras l\u00edneas de investigaci\u00f3n preferenciales.<\/p>\n","protected":false},"author":1,"featured_media":2713,"parent":44,"menu_order":0,"comment_status":"closed","ping_status":"closed","template":"","meta":{"footnotes":""},"class_list":["post-80","page","type-page","status-publish","has-post-thumbnail","hentry"],"yoast_head":"<!-- This site is optimized with the Yoast SEO plugin v27.0 - https:\/\/yoast.com\/product\/yoast-seo-wordpress\/ -->\n<title>Estudios y ensayos cl\u00ednicos - Fundaci\u00f3n Dexeus Mujer<\/title>\n<meta name=\"description\" content=\"Conoce nuestras l\u00edneas de investigaci\u00f3n preferenciales.\" \/>\n<meta name=\"robots\" content=\"index, follow, max-snippet:-1, max-image-preview:large, max-video-preview:-1\" \/>\n<link rel=\"canonical\" href=\"https:\/\/www.dexeusfoundation.org\/es\/investigacion\/estudios-y-ensayos-clinicos\/\" \/>\n<meta property=\"og:locale\" content=\"es_ES\" \/>\n<meta property=\"og:type\" content=\"article\" \/>\n<meta property=\"og:title\" content=\"Estudios y ensayos cl\u00ednicos - Fundaci\u00f3n Dexeus Mujer\" \/>\n<meta property=\"og:description\" content=\"Conoce nuestras l\u00edneas de investigaci\u00f3n preferenciales.\" \/>\n<meta property=\"og:url\" content=\"https:\/\/www.dexeusfoundation.org\/es\/investigacion\/estudios-y-ensayos-clinicos\/\" \/>\n<meta property=\"og:site_name\" content=\"Fundaci\u00f3n Dexeus Mujer\" \/>\n<meta property=\"article:modified_time\" content=\"2025-11-21T10:38:18+00:00\" \/>\n<meta property=\"og:image\" content=\"https:\/\/www.dexeusfoundation.org\/wp-content\/uploads\/2025\/08\/Estudios-y-ensayos-clinicos-1.jpg\" \/>\n\t<meta property=\"og:image:width\" content=\"2560\" \/>\n\t<meta property=\"og:image:height\" content=\"1707\" \/>\n\t<meta property=\"og:image:type\" content=\"image\/jpeg\" \/>\n<meta name=\"twitter:card\" content=\"summary_large_image\" \/>\n<script type=\"application\/ld+json\" class=\"yoast-schema-graph\">{\"@context\":\"https:\/\/schema.org\",\"@graph\":[{\"@type\":\"WebPage\",\"@id\":\"https:\/\/www.dexeusfoundation.org\/es\/investigacion\/estudios-y-ensayos-clinicos\/\",\"url\":\"https:\/\/www.dexeusfoundation.org\/es\/investigacion\/estudios-y-ensayos-clinicos\/\",\"name\":\"Estudios y ensayos cl\u00ednicos - Fundaci\u00f3n Dexeus Mujer\",\"isPartOf\":{\"@id\":\"https:\/\/www.dexeusfoundation.org\/es\/#website\"},\"primaryImageOfPage\":{\"@id\":\"https:\/\/www.dexeusfoundation.org\/es\/investigacion\/estudios-y-ensayos-clinicos\/#primaryimage\"},\"image\":{\"@id\":\"https:\/\/www.dexeusfoundation.org\/es\/investigacion\/estudios-y-ensayos-clinicos\/#primaryimage\"},\"thumbnailUrl\":\"https:\/\/www.dexeusfoundation.org\/wp-content\/uploads\/2025\/08\/Estudios-y-ensayos-clinicos-1.jpg\",\"datePublished\":\"2025-07-31T14:21:07+00:00\",\"dateModified\":\"2025-11-21T10:38:18+00:00\",\"description\":\"Conoce nuestras l\u00edneas de investigaci\u00f3n preferenciales.\",\"breadcrumb\":{\"@id\":\"https:\/\/www.dexeusfoundation.org\/es\/investigacion\/estudios-y-ensayos-clinicos\/#breadcrumb\"},\"inLanguage\":\"es\",\"potentialAction\":[{\"@type\":\"ReadAction\",\"target\":[\"https:\/\/www.dexeusfoundation.org\/es\/investigacion\/estudios-y-ensayos-clinicos\/\"]}]},{\"@type\":\"ImageObject\",\"inLanguage\":\"es\",\"@id\":\"https:\/\/www.dexeusfoundation.org\/es\/investigacion\/estudios-y-ensayos-clinicos\/#primaryimage\",\"url\":\"https:\/\/www.dexeusfoundation.org\/wp-content\/uploads\/2025\/08\/Estudios-y-ensayos-clinicos-1.jpg\",\"contentUrl\":\"https:\/\/www.dexeusfoundation.org\/wp-content\/uploads\/2025\/08\/Estudios-y-ensayos-clinicos-1.jpg\",\"width\":2560,\"height\":1707},{\"@type\":\"BreadcrumbList\",\"@id\":\"https:\/\/www.dexeusfoundation.org\/es\/investigacion\/estudios-y-ensayos-clinicos\/#breadcrumb\",\"itemListElement\":[{\"@type\":\"ListItem\",\"position\":1,\"name\":\"Portada\",\"item\":\"https:\/\/www.dexeusfoundation.org\/es\/\"},{\"@type\":\"ListItem\",\"position\":2,\"name\":\"Investigaci\u00f3n\",\"item\":\"https:\/\/www.dexeusfoundation.org\/es\/research\/\"},{\"@type\":\"ListItem\",\"position\":3,\"name\":\"Estudios y ensayos cl\u00ednicos\"}]},{\"@type\":\"WebSite\",\"@id\":\"https:\/\/www.dexeusfoundation.org\/es\/#website\",\"url\":\"https:\/\/www.dexeusfoundation.org\/es\/\",\"name\":\"Fundaci\u00f3n Dexeus Mujer\",\"description\":\"\",\"publisher\":{\"@id\":\"https:\/\/www.dexeusfoundation.org\/es\/#organization\"},\"potentialAction\":[{\"@type\":\"SearchAction\",\"target\":{\"@type\":\"EntryPoint\",\"urlTemplate\":\"https:\/\/www.dexeusfoundation.org\/es\/?s={search_term_string}\"},\"query-input\":{\"@type\":\"PropertyValueSpecification\",\"valueRequired\":true,\"valueName\":\"search_term_string\"}}],\"inLanguage\":\"es\"},{\"@type\":\"Organization\",\"@id\":\"https:\/\/www.dexeusfoundation.org\/es\/#organization\",\"name\":\"Fundaci\u00f3n Dexeus Mujer\",\"url\":\"https:\/\/www.dexeusfoundation.org\/es\/\",\"logo\":{\"@type\":\"ImageObject\",\"inLanguage\":\"es\",\"@id\":\"https:\/\/www.dexeusfoundation.org\/es\/#\/schema\/logo\/image\/\",\"url\":\"https:\/\/www.dexeusfoundation.org\/wp-content\/uploads\/2025\/07\/Logo-Fundacion-Dexeus-Mujer.png\",\"contentUrl\":\"https:\/\/www.dexeusfoundation.org\/wp-content\/uploads\/2025\/07\/Logo-Fundacion-Dexeus-Mujer.png\",\"width\":2067,\"height\":1773,\"caption\":\"Fundaci\u00f3n Dexeus Mujer\"},\"image\":{\"@id\":\"https:\/\/www.dexeusfoundation.org\/es\/#\/schema\/logo\/image\/\"},\"sameAs\":[\"https:\/\/es.linkedin.com\/company\/fundacion-dexeus-mujer\"]}]}<\/script>\n<!-- \/ Yoast SEO plugin. -->","yoast_head_json":{"title":"Estudios y ensayos cl\u00ednicos - Fundaci\u00f3n Dexeus Mujer","description":"Conoce nuestras l\u00edneas de investigaci\u00f3n preferenciales.","robots":{"index":"index","follow":"follow","max-snippet":"max-snippet:-1","max-image-preview":"max-image-preview:large","max-video-preview":"max-video-preview:-1"},"canonical":"https:\/\/www.dexeusfoundation.org\/es\/investigacion\/estudios-y-ensayos-clinicos\/","og_locale":"es_ES","og_type":"article","og_title":"Estudios y ensayos cl\u00ednicos - Fundaci\u00f3n Dexeus Mujer","og_description":"Conoce nuestras l\u00edneas de investigaci\u00f3n preferenciales.","og_url":"https:\/\/www.dexeusfoundation.org\/es\/investigacion\/estudios-y-ensayos-clinicos\/","og_site_name":"Fundaci\u00f3n Dexeus Mujer","article_modified_time":"2025-11-21T10:38:18+00:00","og_image":[{"width":2560,"height":1707,"url":"https:\/\/www.dexeusfoundation.org\/wp-content\/uploads\/2025\/08\/Estudios-y-ensayos-clinicos-1.jpg","type":"image\/jpeg"}],"twitter_card":"summary_large_image","schema":{"@context":"https:\/\/schema.org","@graph":[{"@type":"WebPage","@id":"https:\/\/www.dexeusfoundation.org\/es\/investigacion\/estudios-y-ensayos-clinicos\/","url":"https:\/\/www.dexeusfoundation.org\/es\/investigacion\/estudios-y-ensayos-clinicos\/","name":"Estudios y ensayos cl\u00ednicos - Fundaci\u00f3n Dexeus Mujer","isPartOf":{"@id":"https:\/\/www.dexeusfoundation.org\/es\/#website"},"primaryImageOfPage":{"@id":"https:\/\/www.dexeusfoundation.org\/es\/investigacion\/estudios-y-ensayos-clinicos\/#primaryimage"},"image":{"@id":"https:\/\/www.dexeusfoundation.org\/es\/investigacion\/estudios-y-ensayos-clinicos\/#primaryimage"},"thumbnailUrl":"https:\/\/www.dexeusfoundation.org\/wp-content\/uploads\/2025\/08\/Estudios-y-ensayos-clinicos-1.jpg","datePublished":"2025-07-31T14:21:07+00:00","dateModified":"2025-11-21T10:38:18+00:00","description":"Conoce nuestras l\u00edneas de investigaci\u00f3n preferenciales.","breadcrumb":{"@id":"https:\/\/www.dexeusfoundation.org\/es\/investigacion\/estudios-y-ensayos-clinicos\/#breadcrumb"},"inLanguage":"es","potentialAction":[{"@type":"ReadAction","target":["https:\/\/www.dexeusfoundation.org\/es\/investigacion\/estudios-y-ensayos-clinicos\/"]}]},{"@type":"ImageObject","inLanguage":"es","@id":"https:\/\/www.dexeusfoundation.org\/es\/investigacion\/estudios-y-ensayos-clinicos\/#primaryimage","url":"https:\/\/www.dexeusfoundation.org\/wp-content\/uploads\/2025\/08\/Estudios-y-ensayos-clinicos-1.jpg","contentUrl":"https:\/\/www.dexeusfoundation.org\/wp-content\/uploads\/2025\/08\/Estudios-y-ensayos-clinicos-1.jpg","width":2560,"height":1707},{"@type":"BreadcrumbList","@id":"https:\/\/www.dexeusfoundation.org\/es\/investigacion\/estudios-y-ensayos-clinicos\/#breadcrumb","itemListElement":[{"@type":"ListItem","position":1,"name":"Portada","item":"https:\/\/www.dexeusfoundation.org\/es\/"},{"@type":"ListItem","position":2,"name":"Investigaci\u00f3n","item":"https:\/\/www.dexeusfoundation.org\/es\/research\/"},{"@type":"ListItem","position":3,"name":"Estudios y ensayos cl\u00ednicos"}]},{"@type":"WebSite","@id":"https:\/\/www.dexeusfoundation.org\/es\/#website","url":"https:\/\/www.dexeusfoundation.org\/es\/","name":"Fundaci\u00f3n Dexeus Mujer","description":"","publisher":{"@id":"https:\/\/www.dexeusfoundation.org\/es\/#organization"},"potentialAction":[{"@type":"SearchAction","target":{"@type":"EntryPoint","urlTemplate":"https:\/\/www.dexeusfoundation.org\/es\/?s={search_term_string}"},"query-input":{"@type":"PropertyValueSpecification","valueRequired":true,"valueName":"search_term_string"}}],"inLanguage":"es"},{"@type":"Organization","@id":"https:\/\/www.dexeusfoundation.org\/es\/#organization","name":"Fundaci\u00f3n Dexeus Mujer","url":"https:\/\/www.dexeusfoundation.org\/es\/","logo":{"@type":"ImageObject","inLanguage":"es","@id":"https:\/\/www.dexeusfoundation.org\/es\/#\/schema\/logo\/image\/","url":"https:\/\/www.dexeusfoundation.org\/wp-content\/uploads\/2025\/07\/Logo-Fundacion-Dexeus-Mujer.png","contentUrl":"https:\/\/www.dexeusfoundation.org\/wp-content\/uploads\/2025\/07\/Logo-Fundacion-Dexeus-Mujer.png","width":2067,"height":1773,"caption":"Fundaci\u00f3n Dexeus Mujer"},"image":{"@id":"https:\/\/www.dexeusfoundation.org\/es\/#\/schema\/logo\/image\/"},"sameAs":["https:\/\/es.linkedin.com\/company\/fundacion-dexeus-mujer"]}]}},"_links":{"self":[{"href":"https:\/\/www.dexeusfoundation.org\/es\/wp-json\/wp\/v2\/pages\/80","targetHints":{"allow":["GET"]}}],"collection":[{"href":"https:\/\/www.dexeusfoundation.org\/es\/wp-json\/wp\/v2\/pages"}],"about":[{"href":"https:\/\/www.dexeusfoundation.org\/es\/wp-json\/wp\/v2\/types\/page"}],"author":[{"embeddable":true,"href":"https:\/\/www.dexeusfoundation.org\/es\/wp-json\/wp\/v2\/users\/1"}],"replies":[{"embeddable":true,"href":"https:\/\/www.dexeusfoundation.org\/es\/wp-json\/wp\/v2\/comments?post=80"}],"version-history":[{"count":0,"href":"https:\/\/www.dexeusfoundation.org\/es\/wp-json\/wp\/v2\/pages\/80\/revisions"}],"up":[{"embeddable":true,"href":"https:\/\/www.dexeusfoundation.org\/es\/wp-json\/wp\/v2\/pages\/44"}],"wp:featuredmedia":[{"embeddable":true,"href":"https:\/\/www.dexeusfoundation.org\/es\/wp-json\/wp\/v2\/media\/2713"}],"wp:attachment":[{"href":"https:\/\/www.dexeusfoundation.org\/es\/wp-json\/wp\/v2\/media?parent=80"}],"curies":[{"name":"wp","href":"https:\/\/api.w.org\/{rel}","templated":true}]}}