{"id":97,"date":"2025-07-31T16:25:20","date_gmt":"2025-07-31T14:25:20","guid":{"rendered":"https:\/\/www.dexeusfoundation.org\/?page_id=97"},"modified":"2026-03-23T19:08:19","modified_gmt":"2026-03-23T18:08:19","slug":"talleres-para-pacientes","status":"publish","type":"page","link":"https:\/\/www.dexeusfoundation.org\/es\/accion-social\/atencion-paciente-oncologica\/talleres-para-pacientes\/","title":{"rendered":"Talleres para pacientes"},"content":{"rendered":"\t\t<div data-elementor-type=\"wp-page\" data-elementor-id=\"97\" class=\"elementor elementor-97\" data-elementor-post-type=\"page\">\n\t\t\t\t<div class=\"elementor-element elementor-element-103e014 e-flex e-con-boxed e-con e-parent\" data-id=\"103e014\" data-element_type=\"container\" data-e-type=\"container\" data-settings=\"{&quot;jet_parallax_layout_list&quot;:[]}\">\n\t\t\t\t\t<div class=\"e-con-inner\">\n\t\t\t\t<div class=\"elementor-element elementor-element-c9e8dfd elementor-widget elementor-widget-heading\" data-id=\"c9e8dfd\" data-element_type=\"widget\" data-e-type=\"widget\" data-widget_type=\"heading.default\">\n\t\t\t\t\t<h1 class=\"elementor-heading-title elementor-size-default\">Talleres para pacientes<\/h1>\t\t\t\t<\/div>\n\t\t\t\t\t<\/div>\n\t\t\t\t<\/div>\n\t\t<div class=\"elementor-element elementor-element-ecf6e55 e-flex e-con-boxed e-con e-parent\" data-id=\"ecf6e55\" data-element_type=\"container\" data-e-type=\"container\" data-settings=\"{&quot;background_background&quot;:&quot;classic&quot;,&quot;jet_parallax_layout_list&quot;:[]}\">\n\t\t\t\t\t<div class=\"e-con-inner\">\n\t\t\t\t<div class=\"elementor-element elementor-element-08f4342 elementor-widget__width-initial elementor-widget elementor-widget-text-editor\" data-id=\"08f4342\" data-element_type=\"widget\" data-e-type=\"widget\" data-widget_type=\"text-editor.default\">\n\t\t\t\t\t\t\t\t\t<p>En la Fundaci\u00f3n Dexeus Mujer organizamos talleres que ofrecen informaci\u00f3n, apoyo y acompa\u00f1amiento a las mujeres en las distintas etapas de su vida.\u00a0<\/p><p>Son espacios de encuentro para aprender y cuidar la salud desde una mirada cercana, pr\u00e1ctica y humana, donde pueden compartir experiencias y fortalecer su bienestar f\u00edsico y emocional.<\/p>\t\t\t\t\t\t\t\t<\/div>\n\t\t<div class=\"elementor-element elementor-element-f83f776 e-grid e-con-full e-con e-child\" data-id=\"f83f776\" data-element_type=\"container\" data-e-type=\"container\" data-settings=\"{&quot;jet_parallax_layout_list&quot;:[]}\">\n\t\t\t\t<div class=\"elementor-element elementor-element-d00f2dd elementor-cta--valign-top elementor-cta--skin-classic elementor-animated-content elementor-bg-transform elementor-bg-transform-zoom-in elementor-widget elementor-widget-call-to-action\" data-id=\"d00f2dd\" data-element_type=\"widget\" data-e-type=\"widget\" data-widget_type=\"call-to-action.default\">\n\t\t\t\t\t\t\t<a class=\"elementor-cta\" href=\"https:\/\/www.dexeus.com\/talleres-cancer\" target=\"_blank\">\n\t\t\t\t\t<div class=\"elementor-cta__bg-wrapper\">\n\t\t\t\t<div class=\"elementor-cta__bg elementor-bg\" style=\"background-image: url(https:\/\/www.dexeusfoundation.org\/wp-content\/uploads\/2025\/08\/webinar-cancer-talleres.jpg);\" role=\"img\" aria-label=\"webinar-cancer-talleres\"><\/div>\n\t\t\t\t<div class=\"elementor-cta__bg-overlay\"><\/div>\n\t\t\t<\/div>\n\t\t\t\t\t\t\t<div class=\"elementor-cta__content\">\n\t\t\t\t\n\t\t\t\t\t\t\t\t\t<h3 class=\"elementor-cta__title elementor-cta__content-item elementor-content-item\">\n\t\t\t\t\t\tC\u00e1ncer, \u00bfqu\u00e9 quieres saber?\t\t\t\t\t<\/h3>\n\t\t\t\t\n\t\t\t\t\t\t\t\t\t<span class=\"elementor-cta__description elementor-cta__content-item elementor-content-item\">\n\t\t\t\t\t\tEs un ciclo anual estructurado en varias sesiones que abordan cuestiones relacionadas con la calidad de vida: aspectos legales, comunicaci\u00f3n con la pareja e hijos, sexualidad, actividad deportiva, ginecolog\u00eda regenerativa.\t\t\t\t\t<\/span>\n\t\t\t\t\n\t\t\t\t\t\t\t\t\t<div class=\"elementor-cta__button-wrapper elementor-cta__content-item elementor-content-item \">\n\t\t\t\t\t<span class=\"elementor-cta__button elementor-button elementor-size-\">\n\t\t\t\t\t\tVer taller\t\t\t\t\t<\/span>\n\t\t\t\t\t<\/div>\n\t\t\t\t\t\t\t<\/div>\n\t\t\t\t\t\t<\/a>\n\t\t\t\t\t\t<\/div>\n\t\t\t\t<div class=\"elementor-element elementor-element-abee6ef elementor-cta--valign-top elementor-cta--skin-classic elementor-animated-content elementor-bg-transform elementor-bg-transform-zoom-in elementor-widget elementor-widget-call-to-action\" data-id=\"abee6ef\" data-element_type=\"widget\" data-e-type=\"widget\" data-widget_type=\"call-to-action.default\">\n\t\t\t\t\t\t\t<a class=\"elementor-cta\" href=\"https:\/\/www.dexeus.com\/taller-oncoestetica\" target=\"_blank\">\n\t\t\t\t\t<div class=\"elementor-cta__bg-wrapper\">\n\t\t\t\t<div class=\"elementor-cta__bg elementor-bg\" style=\"background-image: url(https:\/\/www.dexeusfoundation.org\/wp-content\/uploads\/2026\/03\/taller-oncoestetica.jpg);\" role=\"img\" aria-label=\"Taller de oncoest\u00e9tica\"><\/div>\n\t\t\t\t<div class=\"elementor-cta__bg-overlay\"><\/div>\n\t\t\t<\/div>\n\t\t\t\t\t\t\t<div class=\"elementor-cta__content\">\n\t\t\t\t\n\t\t\t\t\t\t\t\t\t<h3 class=\"elementor-cta__title elementor-cta__content-item elementor-content-item\">\n\t\t\t\t\t\tOncoest\u00e9tica\t\t\t\t\t<\/h3>\n\t\t\t\t\n\t\t\t\t\t\t\t\t\t<span class=\"elementor-cta__description elementor-cta__content-item elementor-content-item\">\n\t\t\t\t\t\tAsesoramiento profesional especializado para el cuidado de la piel para mejorar el aspecto f\u00edsico y fomentar el autocuidado.\t\t\t\t\t<\/span>\n\t\t\t\t\n\t\t\t\t\t\t\t\t\t<div class=\"elementor-cta__button-wrapper elementor-cta__content-item elementor-content-item \">\n\t\t\t\t\t<span class=\"elementor-cta__button elementor-button elementor-size-\">\n\t\t\t\t\t\tVer taller\t\t\t\t\t<\/span>\n\t\t\t\t\t<\/div>\n\t\t\t\t\t\t\t<\/div>\n\t\t\t\t\t\t<\/a>\n\t\t\t\t\t\t<\/div>\n\t\t\t\t<div class=\"elementor-element elementor-element-33c4061 elementor-cta--valign-top elementor-cta--skin-classic elementor-animated-content elementor-bg-transform elementor-bg-transform-zoom-in elementor-widget elementor-widget-call-to-action\" data-id=\"33c4061\" data-element_type=\"widget\" data-e-type=\"widget\" data-widget_type=\"call-to-action.default\">\n\t\t\t\t\t\t\t<a class=\"elementor-cta\" href=\"https:\/\/www.dexeus.com\/taller-chemobrain\" target=\"_blank\">\n\t\t\t\t\t<div class=\"elementor-cta__bg-wrapper\">\n\t\t\t\t<div class=\"elementor-cta__bg elementor-bg\" style=\"background-image: url(https:\/\/www.dexeusfoundation.org\/wp-content\/uploads\/2025\/08\/taller-chemobrain.jpg);\" role=\"img\" aria-label=\"taller-chemobrain\"><\/div>\n\t\t\t\t<div class=\"elementor-cta__bg-overlay\"><\/div>\n\t\t\t<\/div>\n\t\t\t\t\t\t\t<div class=\"elementor-cta__content\">\n\t\t\t\t\n\t\t\t\t\t\t\t\t\t<h3 class=\"elementor-cta__title elementor-cta__content-item elementor-content-item\">\n\t\t\t\t\t\tChemobrain\t\t\t\t\t<\/h3>\n\t\t\t\t\n\t\t\t\t\t\t\t\t\t<span class=\"elementor-cta__description elementor-cta__content-item elementor-content-item\">\n\t\t\t\t\t\tCiclo de sesiones dirigidas por profesionales de diferentes disciplinas que ofrecen recursos para hacer frente al deterioro cognitivo que puede provocar la quimioterapia, mejorar el rendimiento laboral, la comunicaci\u00f3n con en entorno y ganar bienestar personal.\t\t\t\t\t<\/span>\n\t\t\t\t\n\t\t\t\t\t\t\t\t\t<div class=\"elementor-cta__button-wrapper elementor-cta__content-item elementor-content-item \">\n\t\t\t\t\t<span class=\"elementor-cta__button elementor-button elementor-size-\">\n\t\t\t\t\t\tVer taller\t\t\t\t\t<\/span>\n\t\t\t\t\t<\/div>\n\t\t\t\t\t\t\t<\/div>\n\t\t\t\t\t\t<\/a>\n\t\t\t\t\t\t<\/div>\n\t\t\t\t<div class=\"elementor-element elementor-element-6be3107 elementor-cta--valign-top elementor-cta--skin-classic elementor-animated-content elementor-bg-transform elementor-bg-transform-zoom-in elementor-widget elementor-widget-call-to-action\" data-id=\"6be3107\" data-element_type=\"widget\" data-e-type=\"widget\" data-widget_type=\"call-to-action.default\">\n\t\t\t\t\t\t\t<a class=\"elementor-cta\" href=\"https:\/\/www.dexeus.com\/taller-sexualidad-paciente-oncologica\" target=\"_blank\">\n\t\t\t\t\t<div class=\"elementor-cta__bg-wrapper\">\n\t\t\t\t<div class=\"elementor-cta__bg elementor-bg\" style=\"background-image: url(https:\/\/www.dexeusfoundation.org\/wp-content\/uploads\/2025\/08\/taller-sexualidad-oncologica-1.jpg);\" role=\"img\" aria-label=\"taller-sexualidad-oncologica (1)\"><\/div>\n\t\t\t\t<div class=\"elementor-cta__bg-overlay\"><\/div>\n\t\t\t<\/div>\n\t\t\t\t\t\t\t<div class=\"elementor-cta__content\">\n\t\t\t\t\n\t\t\t\t\t\t\t\t\t<div class=\"elementor-cta__title elementor-cta__content-item elementor-content-item\">\n\t\t\t\t\t\tSexualidad oncol\u00f3gica\t\t\t\t\t<\/div>\n\t\t\t\t\n\t\t\t\t\t\t\t\t\t<div class=\"elementor-cta__description elementor-cta__content-item elementor-content-item\">\n\t\t\t\t\t\tEspacio abierto al di\u00e1logo, para compartir experiencias y resolver dudas relacionadas con la sexualidad: p\u00e9rdida del deseo, disfunciones sexuales, cambios de imagen corporal, comunicaci\u00f3n con la pareja, problemas de sequedad y atrofia vaginal.\t\t\t\t\t<\/div>\n\t\t\t\t\n\t\t\t\t\t\t\t\t\t<div class=\"elementor-cta__button-wrapper elementor-cta__content-item elementor-content-item \">\n\t\t\t\t\t<span class=\"elementor-cta__button elementor-button elementor-size-\">\n\t\t\t\t\t\tVer taller\t\t\t\t\t<\/span>\n\t\t\t\t\t<\/div>\n\t\t\t\t\t\t\t<\/div>\n\t\t\t\t\t\t<\/a>\n\t\t\t\t\t\t<\/div>\n\t\t\t\t<\/div>\n\t\t\t\t\t<\/div>\n\t\t\t\t<\/div>\n\t\t\t\t<\/div>\n\t\t","protected":false},"excerpt":{"rendered":"<p>En la Fundaci\u00f3n Dexeus Mujer organizamos talleres que ofrecen informaci\u00f3n, apoyo y acompa\u00f1amiento a las mujeres en las distintas etapas de su vida.<\/p>\n","protected":false},"author":1,"featured_media":2772,"parent":86,"menu_order":0,"comment_status":"closed","ping_status":"closed","template":"","meta":{"footnotes":""},"class_list":["post-97","page","type-page","status-publish","has-post-thumbnail","hentry"],"yoast_head":"<!-- This site is optimized with the Yoast SEO plugin v27.0 - https:\/\/yoast.com\/product\/yoast-seo-wordpress\/ -->\n<title>Talleres para pacientes - Fundaci\u00f3n Dexeus Mujer<\/title>\n<meta name=\"description\" content=\"En la Fundaci\u00f3n Dexeus Mujer organizamos talleres que ofrecen informaci\u00f3n, apoyo y acompa\u00f1amiento a las mujeres en las distintas etapas de su vida.\" \/>\n<meta name=\"robots\" content=\"index, follow, max-snippet:-1, max-image-preview:large, max-video-preview:-1\" \/>\n<link rel=\"canonical\" href=\"https:\/\/www.dexeusfoundation.org\/es\/accion-social\/atencion-paciente-oncologica\/talleres-para-pacientes\/\" \/>\n<meta property=\"og:locale\" content=\"es_ES\" \/>\n<meta property=\"og:type\" content=\"article\" \/>\n<meta property=\"og:title\" content=\"Talleres para pacientes - Fundaci\u00f3n Dexeus Mujer\" \/>\n<meta property=\"og:description\" content=\"En la Fundaci\u00f3n Dexeus Mujer organizamos talleres que ofrecen informaci\u00f3n, apoyo y acompa\u00f1amiento a las mujeres en las distintas etapas de su vida.\" \/>\n<meta property=\"og:url\" content=\"https:\/\/www.dexeusfoundation.org\/es\/accion-social\/atencion-paciente-oncologica\/talleres-para-pacientes\/\" \/>\n<meta property=\"og:site_name\" content=\"Fundaci\u00f3n Dexeus Mujer\" \/>\n<meta property=\"article:modified_time\" content=\"2026-03-23T18:08:19+00:00\" \/>\n<meta property=\"og:image\" content=\"https:\/\/www.dexeusfoundation.org\/wp-content\/uploads\/2025\/08\/webinar-cancer-talleres.jpg\" \/>\n\t<meta property=\"og:image:width\" content=\"529\" \/>\n\t<meta property=\"og:image:height\" content=\"340\" \/>\n\t<meta property=\"og:image:type\" content=\"image\/jpeg\" \/>\n<meta name=\"twitter:card\" content=\"summary_large_image\" \/>\n<script type=\"application\/ld+json\" class=\"yoast-schema-graph\">{\"@context\":\"https:\/\/schema.org\",\"@graph\":[{\"@type\":\"WebPage\",\"@id\":\"https:\/\/www.dexeusfoundation.org\/es\/accion-social\/atencion-paciente-oncologica\/talleres-para-pacientes\/\",\"url\":\"https:\/\/www.dexeusfoundation.org\/es\/accion-social\/atencion-paciente-oncologica\/talleres-para-pacientes\/\",\"name\":\"Talleres para pacientes - Fundaci\u00f3n Dexeus Mujer\",\"isPartOf\":{\"@id\":\"https:\/\/www.dexeusfoundation.org\/es\/#website\"},\"primaryImageOfPage\":{\"@id\":\"https:\/\/www.dexeusfoundation.org\/es\/accion-social\/atencion-paciente-oncologica\/talleres-para-pacientes\/#primaryimage\"},\"image\":{\"@id\":\"https:\/\/www.dexeusfoundation.org\/es\/accion-social\/atencion-paciente-oncologica\/talleres-para-pacientes\/#primaryimage\"},\"thumbnailUrl\":\"https:\/\/www.dexeusfoundation.org\/wp-content\/uploads\/2025\/08\/webinar-cancer-talleres.jpg\",\"datePublished\":\"2025-07-31T14:25:20+00:00\",\"dateModified\":\"2026-03-23T18:08:19+00:00\",\"description\":\"En la Fundaci\u00f3n Dexeus Mujer organizamos talleres que ofrecen informaci\u00f3n, apoyo y acompa\u00f1amiento a las mujeres en las distintas etapas de su vida.\",\"breadcrumb\":{\"@id\":\"https:\/\/www.dexeusfoundation.org\/es\/accion-social\/atencion-paciente-oncologica\/talleres-para-pacientes\/#breadcrumb\"},\"inLanguage\":\"es\",\"potentialAction\":[{\"@type\":\"ReadAction\",\"target\":[\"https:\/\/www.dexeusfoundation.org\/es\/accion-social\/atencion-paciente-oncologica\/talleres-para-pacientes\/\"]}]},{\"@type\":\"ImageObject\",\"inLanguage\":\"es\",\"@id\":\"https:\/\/www.dexeusfoundation.org\/es\/accion-social\/atencion-paciente-oncologica\/talleres-para-pacientes\/#primaryimage\",\"url\":\"https:\/\/www.dexeusfoundation.org\/wp-content\/uploads\/2025\/08\/webinar-cancer-talleres.jpg\",\"contentUrl\":\"https:\/\/www.dexeusfoundation.org\/wp-content\/uploads\/2025\/08\/webinar-cancer-talleres.jpg\",\"width\":529,\"height\":340},{\"@type\":\"BreadcrumbList\",\"@id\":\"https:\/\/www.dexeusfoundation.org\/es\/accion-social\/atencion-paciente-oncologica\/talleres-para-pacientes\/#breadcrumb\",\"itemListElement\":[{\"@type\":\"ListItem\",\"position\":1,\"name\":\"Portada\",\"item\":\"https:\/\/www.dexeusfoundation.org\/es\/\"},{\"@type\":\"ListItem\",\"position\":2,\"name\":\"Acci\u00f3n social\",\"item\":\"https:\/\/www.dexeusfoundation.org\/es\/accion-social\/\"},{\"@type\":\"ListItem\",\"position\":3,\"name\":\"Atenci\u00f3n a la paciente oncol\u00f3gica\",\"item\":\"https:\/\/www.dexeusfoundation.org\/es\/accion-social\/atencion-paciente-oncologica\/\"},{\"@type\":\"ListItem\",\"position\":4,\"name\":\"Talleres para pacientes\"}]},{\"@type\":\"WebSite\",\"@id\":\"https:\/\/www.dexeusfoundation.org\/es\/#website\",\"url\":\"https:\/\/www.dexeusfoundation.org\/es\/\",\"name\":\"Fundaci\u00f3n Dexeus Mujer\",\"description\":\"\",\"publisher\":{\"@id\":\"https:\/\/www.dexeusfoundation.org\/es\/#organization\"},\"potentialAction\":[{\"@type\":\"SearchAction\",\"target\":{\"@type\":\"EntryPoint\",\"urlTemplate\":\"https:\/\/www.dexeusfoundation.org\/es\/?s={search_term_string}\"},\"query-input\":{\"@type\":\"PropertyValueSpecification\",\"valueRequired\":true,\"valueName\":\"search_term_string\"}}],\"inLanguage\":\"es\"},{\"@type\":\"Organization\",\"@id\":\"https:\/\/www.dexeusfoundation.org\/es\/#organization\",\"name\":\"Fundaci\u00f3n Dexeus Mujer\",\"url\":\"https:\/\/www.dexeusfoundation.org\/es\/\",\"logo\":{\"@type\":\"ImageObject\",\"inLanguage\":\"es\",\"@id\":\"https:\/\/www.dexeusfoundation.org\/es\/#\/schema\/logo\/image\/\",\"url\":\"https:\/\/www.dexeusfoundation.org\/wp-content\/uploads\/2025\/07\/Logo-Fundacion-Dexeus-Mujer.png\",\"contentUrl\":\"https:\/\/www.dexeusfoundation.org\/wp-content\/uploads\/2025\/07\/Logo-Fundacion-Dexeus-Mujer.png\",\"width\":2067,\"height\":1773,\"caption\":\"Fundaci\u00f3n Dexeus Mujer\"},\"image\":{\"@id\":\"https:\/\/www.dexeusfoundation.org\/es\/#\/schema\/logo\/image\/\"},\"sameAs\":[\"https:\/\/es.linkedin.com\/company\/fundacion-dexeus-mujer\"]}]}<\/script>\n<!-- \/ Yoast SEO plugin. -->","yoast_head_json":{"title":"Talleres para pacientes - Fundaci\u00f3n Dexeus Mujer","description":"En la Fundaci\u00f3n Dexeus Mujer organizamos talleres que ofrecen informaci\u00f3n, apoyo y acompa\u00f1amiento a las mujeres en las distintas etapas de su vida.","robots":{"index":"index","follow":"follow","max-snippet":"max-snippet:-1","max-image-preview":"max-image-preview:large","max-video-preview":"max-video-preview:-1"},"canonical":"https:\/\/www.dexeusfoundation.org\/es\/accion-social\/atencion-paciente-oncologica\/talleres-para-pacientes\/","og_locale":"es_ES","og_type":"article","og_title":"Talleres para pacientes - Fundaci\u00f3n Dexeus Mujer","og_description":"En la Fundaci\u00f3n Dexeus Mujer organizamos talleres que ofrecen informaci\u00f3n, apoyo y acompa\u00f1amiento a las mujeres en las distintas etapas de su vida.","og_url":"https:\/\/www.dexeusfoundation.org\/es\/accion-social\/atencion-paciente-oncologica\/talleres-para-pacientes\/","og_site_name":"Fundaci\u00f3n Dexeus Mujer","article_modified_time":"2026-03-23T18:08:19+00:00","og_image":[{"width":529,"height":340,"url":"https:\/\/www.dexeusfoundation.org\/wp-content\/uploads\/2025\/08\/webinar-cancer-talleres.jpg","type":"image\/jpeg"}],"twitter_card":"summary_large_image","schema":{"@context":"https:\/\/schema.org","@graph":[{"@type":"WebPage","@id":"https:\/\/www.dexeusfoundation.org\/es\/accion-social\/atencion-paciente-oncologica\/talleres-para-pacientes\/","url":"https:\/\/www.dexeusfoundation.org\/es\/accion-social\/atencion-paciente-oncologica\/talleres-para-pacientes\/","name":"Talleres para pacientes - Fundaci\u00f3n Dexeus Mujer","isPartOf":{"@id":"https:\/\/www.dexeusfoundation.org\/es\/#website"},"primaryImageOfPage":{"@id":"https:\/\/www.dexeusfoundation.org\/es\/accion-social\/atencion-paciente-oncologica\/talleres-para-pacientes\/#primaryimage"},"image":{"@id":"https:\/\/www.dexeusfoundation.org\/es\/accion-social\/atencion-paciente-oncologica\/talleres-para-pacientes\/#primaryimage"},"thumbnailUrl":"https:\/\/www.dexeusfoundation.org\/wp-content\/uploads\/2025\/08\/webinar-cancer-talleres.jpg","datePublished":"2025-07-31T14:25:20+00:00","dateModified":"2026-03-23T18:08:19+00:00","description":"En la Fundaci\u00f3n Dexeus Mujer organizamos talleres que ofrecen informaci\u00f3n, apoyo y acompa\u00f1amiento a las mujeres en las distintas etapas de su vida.","breadcrumb":{"@id":"https:\/\/www.dexeusfoundation.org\/es\/accion-social\/atencion-paciente-oncologica\/talleres-para-pacientes\/#breadcrumb"},"inLanguage":"es","potentialAction":[{"@type":"ReadAction","target":["https:\/\/www.dexeusfoundation.org\/es\/accion-social\/atencion-paciente-oncologica\/talleres-para-pacientes\/"]}]},{"@type":"ImageObject","inLanguage":"es","@id":"https:\/\/www.dexeusfoundation.org\/es\/accion-social\/atencion-paciente-oncologica\/talleres-para-pacientes\/#primaryimage","url":"https:\/\/www.dexeusfoundation.org\/wp-content\/uploads\/2025\/08\/webinar-cancer-talleres.jpg","contentUrl":"https:\/\/www.dexeusfoundation.org\/wp-content\/uploads\/2025\/08\/webinar-cancer-talleres.jpg","width":529,"height":340},{"@type":"BreadcrumbList","@id":"https:\/\/www.dexeusfoundation.org\/es\/accion-social\/atencion-paciente-oncologica\/talleres-para-pacientes\/#breadcrumb","itemListElement":[{"@type":"ListItem","position":1,"name":"Portada","item":"https:\/\/www.dexeusfoundation.org\/es\/"},{"@type":"ListItem","position":2,"name":"Acci\u00f3n social","item":"https:\/\/www.dexeusfoundation.org\/es\/accion-social\/"},{"@type":"ListItem","position":3,"name":"Atenci\u00f3n a la paciente oncol\u00f3gica","item":"https:\/\/www.dexeusfoundation.org\/es\/accion-social\/atencion-paciente-oncologica\/"},{"@type":"ListItem","position":4,"name":"Talleres para pacientes"}]},{"@type":"WebSite","@id":"https:\/\/www.dexeusfoundation.org\/es\/#website","url":"https:\/\/www.dexeusfoundation.org\/es\/","name":"Fundaci\u00f3n Dexeus Mujer","description":"","publisher":{"@id":"https:\/\/www.dexeusfoundation.org\/es\/#organization"},"potentialAction":[{"@type":"SearchAction","target":{"@type":"EntryPoint","urlTemplate":"https:\/\/www.dexeusfoundation.org\/es\/?s={search_term_string}"},"query-input":{"@type":"PropertyValueSpecification","valueRequired":true,"valueName":"search_term_string"}}],"inLanguage":"es"},{"@type":"Organization","@id":"https:\/\/www.dexeusfoundation.org\/es\/#organization","name":"Fundaci\u00f3n Dexeus Mujer","url":"https:\/\/www.dexeusfoundation.org\/es\/","logo":{"@type":"ImageObject","inLanguage":"es","@id":"https:\/\/www.dexeusfoundation.org\/es\/#\/schema\/logo\/image\/","url":"https:\/\/www.dexeusfoundation.org\/wp-content\/uploads\/2025\/07\/Logo-Fundacion-Dexeus-Mujer.png","contentUrl":"https:\/\/www.dexeusfoundation.org\/wp-content\/uploads\/2025\/07\/Logo-Fundacion-Dexeus-Mujer.png","width":2067,"height":1773,"caption":"Fundaci\u00f3n Dexeus Mujer"},"image":{"@id":"https:\/\/www.dexeusfoundation.org\/es\/#\/schema\/logo\/image\/"},"sameAs":["https:\/\/es.linkedin.com\/company\/fundacion-dexeus-mujer"]}]}},"_links":{"self":[{"href":"https:\/\/www.dexeusfoundation.org\/es\/wp-json\/wp\/v2\/pages\/97","targetHints":{"allow":["GET"]}}],"collection":[{"href":"https:\/\/www.dexeusfoundation.org\/es\/wp-json\/wp\/v2\/pages"}],"about":[{"href":"https:\/\/www.dexeusfoundation.org\/es\/wp-json\/wp\/v2\/types\/page"}],"author":[{"embeddable":true,"href":"https:\/\/www.dexeusfoundation.org\/es\/wp-json\/wp\/v2\/users\/1"}],"replies":[{"embeddable":true,"href":"https:\/\/www.dexeusfoundation.org\/es\/wp-json\/wp\/v2\/comments?post=97"}],"version-history":[{"count":0,"href":"https:\/\/www.dexeusfoundation.org\/es\/wp-json\/wp\/v2\/pages\/97\/revisions"}],"up":[{"embeddable":true,"href":"https:\/\/www.dexeusfoundation.org\/es\/wp-json\/wp\/v2\/pages\/86"}],"wp:featuredmedia":[{"embeddable":true,"href":"https:\/\/www.dexeusfoundation.org\/es\/wp-json\/wp\/v2\/media\/2772"}],"wp:attachment":[{"href":"https:\/\/www.dexeusfoundation.org\/es\/wp-json\/wp\/v2\/media?parent=97"}],"curies":[{"name":"wp","href":"https:\/\/api.w.org\/{rel}","templated":true}]}}