{"id":291,"date":"2017-02-24T09:07:06","date_gmt":"2017-02-24T09:07:06","guid":{"rendered":"https:\/\/themes.themegoods.com\/grandconference\/demo\/?page_id=291"},"modified":"2022-10-27T11:03:39","modified_gmt":"2022-10-27T09:03:39","slug":"program-tabs","status":"publish","type":"page","link":"https:\/\/www.dexeusfoundation.org\/forum\/index.php\/program-tabs\/","title":{"rendered":""},"content":{"rendered":"<div><\/div>\n<div>\n<div>\n<div>\n<div>\n<h2 align=\"center\">Program<\/h2>\n<\/div>\n<\/div>\n<\/div>\n<\/div>\n<div class=\"tabs vertical left\">\n<ul>\n<li><a href=\"#tabs-1\">Thursday, October 20th, 2022<\/a><\/li>\n<li><a href=\"#tabs-2\">Friday, October 21st, 2022<\/a><\/li>\n<li><a href=\"#tabs-3\">Saturday, October 22nd, 2022<\/a><\/li>\n<\/ul>\n<div id=\"tabs-1\" class=\"tab_wrapper\"><br class=\"clear\"\/><\/p>\n<h5><strong><span style=\"color: #ff99cc;\">Auditorio AXA<\/span><\/strong><\/h5>\n<p><strong>Session 1: PATIENTS DIVERSITY IN MODERN HUMAN REPRODUCTION<br \/>\n<em><span style=\"color: #03539e;\">Chairs: Dolors Manau (Spain) &#8211; Marta Devesa (Spain)<\/span><\/em><br \/>\n<\/strong><span style=\"color: #808080;\">15:00 &#8211; 15:30<\/span><br \/>\nAdvanced maternal age: How does it affect reproductive outcomes?<br \/>\n<span style=\"color: #03539e;\"><em>Dominic Stoop (<span style=\"color: #03539e;\">Belgium<\/span>)<\/em><\/span><br \/>\n<span style=\"color: #808080;\">15:30 &#8211; 16:00<\/span><br \/>\nShould increased BMI be a reason to delay ART?<br \/>\n<span style=\"color: #03539e;\"><em>Jos\u00e9 Bellver (Spain)<\/em><\/span><br \/>\n<span style=\"color: #808080;\">16:00 &#8211; 16:30<\/span><br \/>\nFemale cancer survivors: fertility before and after treatment<br \/>\n<span style=\"color: #03539e;\"><em>Richard Anderson (UK)<\/em><\/span><\/p>\n<p><strong>Session 2: DEBATE IN INTENSITY OF OVARIAN STIMULATION<br \/>\n<em><span style=\"color: #03539e;\">Chairs: Richard Anderson (UK) &#8211; Pedro N. Barri (Spain)<\/span><\/em><br \/>\n<\/strong><span style=\"color: #808080;\">16:30 &#8211; 17:30<\/span><br \/>\nMild ovarian stimulation in poor responders<br \/>\nYes for all: <span style=\"color: #03539e;\"><em>Bart <span style=\"color: #03539e;\">Fauser<\/span> (Netherlands)<\/em><\/span><br \/>\nNot for all:<span style=\"color: #03539e;\"><i><span style=\"font-weight: 400;\"> Panagiotis Drakopoulos (Belgium)<\/span><\/i><\/span><\/p>\n<p><span style=\"color: #808080;\">17:30 &#8211; 18:30<\/span><br \/>\n<span style=\"color: #03539e;\">COFFEE BREAK<\/span><em><br \/>\n<\/em><\/p>\n<div class=\"one_half \" style=\"\">\n<h5><strong><span style=\"color: #ff99cc;\">Auditorio AXA<\/span><\/strong><\/h5>\n<p><strong>Session 3: MODERNIZING OVARIAN STIMULATION<br \/>\n<em><span style=\"color: #03539e;\">Chairs: Juan Jos\u00e9 Espin\u00f3s (Spain) &#8211; Francisca Mart\u00ednez (Spain)<\/span><\/em><br \/>\n<\/strong><span style=\"color: #808080;\">18:30 &#8211; 19:00<\/span><br \/>\nLuteal phase stimulation: starting stimulating any day!<br \/>\n<span style=\"color: #03539e;\"><em>Annalisa Racca (Spain)<\/em><\/span><br \/>\n<span style=\"color: #808080;\">19:00 &#8211; 19:30<\/span><br \/>\nProgestin primed ovarian stimulation (PPOS). Let\u2019s use some progesterone to control the ovaries<br \/>\n<span style=\"color: #03539e;\"><em>Baris Ata (Turkey)<\/em><\/span><br \/>\n<span style=\"color: #808080;\">19:30 &#8211; 20:00<\/span><br \/>\nIndividualized COS. Is there any role for pharmacogenomics to select ovarian stimulation strategies?<br \/>\n<span style=\"color: #03539e;\"><em>Joaqu\u00edn Llacer (Spain)<\/em><\/span>\n<\/div>\n<div class=\"one_half last \" style=\"\">\n<h5><strong><span style=\"color: #ff99cc;\">Sala Planta -1<\/span><\/strong><\/h5>\n<p><strong>Session A Embryology: MODERNIZING EMBRYO CULTURE<br \/>\n<em><span style=\"color: #03539e;\">Chair: Miquel Sol\u00e9 (Spain)<\/span><\/em><br \/>\n<\/strong><span style=\"color: #808080;\">18:30 &#8211; 19:00<\/span><br \/>\nOptimizing embryo culture: What are we missing?<br \/>\n<em><span style=\"color: #03539e;\">Thomas Fr\u00e9our (France)<\/span><\/em><br \/>\n<span style=\"color: #808080;\">19:00 &#8211; 19:30<\/span><br \/>\nLive session from the lab. From the theory to the practice<br \/>\n<span style=\"color: #03539e;\"><em>Gemma Arroyo (Spain)<\/em><\/span><br \/>\n<span style=\"color: #808080;\">19:30 &#8211; 20:00<\/span><br \/>\nInteractions with the audience<br \/>\n<em><span style=\"color: #03539e;\">Thomas Fr\u00e9our (France) <\/span><\/em><br \/>\n<em><span style=\"color: #03539e;\">Gemma Arroyo (Spain)<\/span><\/em><\/p>\n<\/div>\n<p><br class=\"clear\"\/><\/div>\n<div id=\"tabs-2\" class=\"tab_wrapper\"><br class=\"clear\"\/><\/p>\n<div class=\"one_half \" style=\"\">\n<h5><strong><span style=\"color: #ff99cc;\">Auditorio AXA<\/span><\/strong><\/h5>\n<p><strong>Session 4 &#8211; LUTEAL PHASE<br \/>\n<em><span style=\"color: #03539e;\">Chairs: Ram\u00f3n Aurell (Spain) &#8211; Annalisa Racca (Spain)<\/span><\/em><br \/>\n<\/strong><span style=\"color: #808080;\">09:00 &#8211; 09:30<\/span><br \/>\nLuteal phase deficiency in fresh and frozen embryo transfer cycle<br \/>\n<span style=\"color: #03539e;\"><em>Peter Humaidan (Denmark)<\/em><\/span><br \/>\n<span style=\"color: #808080;\">09:30 &#8211; 10:00<\/span><br \/>\nIndividualized LPS. Is it only a matter of a single P4 measurement?<br \/>\n<span style=\"color: #03539e;\"><em>Manuel \u00c1lvarez (Spain)<\/em><\/span><br \/>\n<span style=\"color: #808080;\">10:00 &#8211; 10:30<\/span><br \/>\nNatural versus artificial ART cycles for frozen embryotransfers. Wider implications<br \/>\n<span style=\"color: #03539e;\"><em>Anja Pinborg (Denmark)<\/em><\/span><\/p>\n<\/div>\n<div class=\"one_half last \" style=\"\">\n<h5><strong><span style=\"color: #ff99cc;\">Sala Planta -1<\/span><\/strong><\/h5>\n<p><strong>Session B Embryology: THE EMBRYO SELECTION PHASE<br \/>\n<em><span style=\"color: #03539e;\">Chairs: Mark Grossman (Spain) &#8211; Clara Gonz\u00e1lez (Spain)<\/span><\/em><br \/>\n<\/strong><span style=\"color: #808080;\">09:00 &#8211; 09:30<\/span><br \/>\nImproving embryo selection by time-lapse<br \/>\n<em><span style=\"color: #03539e;\">Kersti Lundin (Sweden)<br \/>\n<span style=\"color: #ffffff;\">.<\/span><br \/>\n<\/span><\/em><span style=\"color: #808080;\">09:30 &#8211; 10:00<\/span><br \/>\nBlastocyst scoring practical session<br \/>\n<em><span style=\"color: #03539e;\">Beatriz Carrasco (Spain)<br \/>\n<\/span><\/em><span style=\"color: #808080;\"><span style=\"color: #ffffff;\">.<\/span><br \/>\n10:00 &#8211; 10:30<\/span><br \/>\nReviewing the available blastocyst scores. Time for consensus?<br \/>\n<em><span style=\"color: #03539e;\">Giovanni Coticchio (Italy)<\/span><\/em><\/p>\n<\/div>\n<p><br class=\"clear\"\/><\/p>\n<p><span style=\"color: #808080;\">10:30 &#8211; 11:30<\/span><br \/>\n<span style=\"color: #03539e;\">COFFEE BREAK<\/span><\/p>\n<p><strong>Session 5 &#8211; IMPLANTATION<br \/>\n<em><span style=\"color: #03539e;\">Chairs: Miguel \u00c1ngel Checa (Spain) \u2013 Nikolaos Polyzos (Spain)<\/span><\/em><br \/>\n<\/strong><span style=\"color: #808080;\">11:30 &#8211; 12:00<\/span><br \/>\nRecurrent implantation failure: Does it really exist, can we deal with it?<br \/>\n<span style=\"color: #03539e;\"><em><span style=\"color: #03539e;\">Edgardo<\/span>\u00a0Somigliana (Italy)<\/em><\/span><br \/>\n<span style=\"color: #808080;\">12:00 &#8211; 12:30<\/span><br \/>\nWhy euploids embryos do not implan<span style=\"color: #000000;\">t: the embryologist\u00a0and geneticist view<\/span><br \/>\n<span style=\"color: #03539e;\"><em>Antonio Capalbo (Italy)<\/em><\/span><br \/>\n<span style=\"color: #808080;\">12:30 &#8211; 13:00<\/span><br \/>\nAdd-ons for embryo implantation. Should we eventually stop \u201ccooking\u201d?<br \/>\n<em><span style=\"color: #03539e;\">Kersti Lundin (Sweden)<\/span><\/em><\/p>\n<div class=\"one_half \" style=\"\">\n<h5><strong><span style=\"color: #ff99cc;\">Auditorio AXA<\/span><\/strong><\/h5>\n<p><span style=\"color: #808080;\">13:00 &#8211; 14:00<\/span><br \/>\n<strong>DEBATE Endometriosis and embryo implantation<br \/>\n<em><span style=\"color: #03539e;\">Chairs: Edgardo Somigliana (Italy) &#8211; Pere Barri Soldevila (Spain)<\/span><\/em><br \/>\n<\/strong>We should operate before: <em><span style=\"color: #03539e;\">Simone Ferrero (Italy)<\/span><\/em><br \/>\nWe should not: <em><span style=\"color: #03539e;\">Pietro Santulli (France)<br \/>\n<\/span><\/em><span style=\"color: #808080;\"><\/div>\n<div class=\"one_half last \" style=\"\">\n<\/span><\/p>\n<h5><strong><span style=\"color: #ff99cc;\">Sala Planta -1<\/span><\/strong><\/h5>\n<p><span style=\"color: #808080;\">13:00 &#8211; 14:00<\/span><br \/>\n<strong>SESSION C: DEBATE Embryology: ICSI FOR ALL<br \/>\n<em><span style=\"color: #03539e;\">Chair: Monica Parriego (Spain)<\/span><\/em><br \/>\n<\/strong><span style=\"color: #000000;\">Pro conventional: <span style=\"color: #03539e;\"><em>Thomas Ebner (Austria)<\/em><\/span><\/span><em><span style=\"color: #03539e;\"><br \/>\n<\/span><\/em><span style=\"color: #03539e;\"><span style=\"color: #000000;\">Pro ICSI: <span style=\"color: #03539e;\"><em>Carlos Plancha (Portugal)<\/em><\/span><\/span><\/span>\u00a0<span style=\"color: #808080;\"><\/div>\n<p><br class=\"clear\"\/><br \/>\n14:00 &#8211; 15:30<\/span><br \/>\n<span style=\"color: #03539e;\">LUNCH<\/span><\/p>\n<h5><strong><span style=\"color: #ff99cc;\">Auditorio AXA<\/span><\/strong><\/h5>\n<p><strong>Session 6 &#8211; WELCOME TO THE FUTURE OF ART<br \/>\n<em><span style=\"color: #03539e;\">Chairs: Peter Humaidan (Denmark) &#8211; Anna Veiga (Spain)<\/span><\/em><br \/>\n<\/strong><span style=\"color: #808080;\">15:30 &#8211; 16:00<\/span><br \/>\nArtificial ovaries<br \/>\n<span style=\"color: #03539e;\"><em>Anna Seriola (Spain)<\/em><\/span><br \/>\n<span style=\"color: #808080;\">16:00 &#8211; 16:30<\/span><br \/>\nIn vitro ovarian activation: experimental or ready for the prime time?<br \/>\n<span style=\"color: #808080;\"><span style=\"color: #03539e;\"><em>Francesc F\u00e0bregues (Spain)<\/em><\/span><br \/>\n<\/span><span style=\"color: #808080;\">16:30 &#8211; 17:00<\/span><br \/>\nAndrogens and ovarian response: are we ready to hear the truth?<br \/>\n<em><span style=\"color: #03539e;\">Nikolaos Polyzos (Spain)<\/span><\/em><br \/>\n<span style=\"color: #808080;\">17:00 &#8211; 17:30<\/span><br \/>\nSpindle transfer: is it the new success story in the lab?<br \/>\n<span style=\"color: #03539e;\"><em>Nuno Costa Borges (Spain)<\/em><\/span><\/p>\n<p><span style=\"color: #808080;\">17:30 &#8211; 18:30<\/span><br \/>\n<span style=\"color: #03539e;\">COFFEE BREAK<\/span><\/p>\n<p><span style=\"color: #808080;\">18:30 &#8211; 19:00<br \/>\n<span style=\"color: #000000;\">Award Jos\u00e9 Mar\u00eda Dexeus Medal<\/span><\/span><\/p>\n<p><span style=\"color: #808080;\">19:00 &#8211; 19:30<\/span><br \/>\nXVII Premio y Beca de la Fundaci\u00f3n Dexeus Mujer<\/p>\n<\/div>\n<div id=\"tabs-3\" class=\"tab_wrapper\"><br class=\"clear\"\/><\/p>\n<h5><strong><span style=\"color: #ff99cc;\">Auditorio AXA<\/span><\/strong><\/h5>\n<p><strong>Session 7 &#8211; DEBATING IN ART<br \/>\n<\/strong><span style=\"color: #808080;\">09:00 &#8211; 10:00<br \/>\n<\/span><strong>DEBATE Selecting the perfect embryo<br \/>\n<span style=\"color: #808080;\"><em><span style=\"color: #03539e;\">Chairs: Carlos Plancha (Portugal) &#8211; Montse Boada (Spain)<\/span><\/em><\/span><br \/>\n<\/strong>Through imaging and Artificial Intelligence<br \/>\n<span style=\"color: #03539e;\"><em>Marcos Meseguer (Spain)<\/em><\/span><br \/>\nThrough invasive and non-invasive preimplantation testing<br \/>\n<em><span style=\"color: #03539e;\">Antonio Capalbo (Italy)<\/span><\/em><\/p>\n<p><span style=\"color: #808080;\">10:00 &#8211; 11:00<br \/>\n<\/span><strong>DEBATE &#8211; Endometrial receptivity assays<br \/>\n<em><span style=\"color: #03539e;\">Chairs: Piotr Sokol (Spain) y Nikolaos Polyzos (Spain)<\/span><\/em><br \/>\n<\/strong>Revolution in optimizing embryo transfer<br \/>\nEvolution towards the future: <em><span style=\"color: #03539e;\">Jos\u00e9 Antonio Horcajadas (Spain)<\/span><\/em><br \/>\nEvolution towards the past: <em><span style=\"color: #03539e;\">Yacoub Khalaf (UK)<\/span><\/em><\/p>\n<p><span style=\"color: #808080;\">11:00 &#8211; 12:00<\/span><br \/>\n<span style=\"color: #03539e;\">COFFEE BREAK<\/span><\/p>\n<p><span style=\"color: #808080;\">12:00 &#8211; 13:00<\/span><br \/>\n<strong>DEBATE &#8211; Chronic endometritis<br \/>\n<em><span style=\"color: #03539e;\">Chairs: Daniel Matar\u00f3 (Spain) &#8211; Alicia \u00dabeda (Spain)<\/span><\/em><br \/>\n<\/strong>Hysteroscopy &amp; antibiotics is enough: <span style=\"color: #03539e;\"><em><span style=\"color: #03539e;\">Ettore<\/span> Cicinelli (Italy)<\/em><\/span><br \/>\n(R)evolution with the microbiome: <em><span style=\"color: #03539e;\">Shari Mackens (Belgium)<\/span><\/em><\/p>\n<p><span style=\"color: #808080;\">13:00 &#8211; 13:45<\/span><br \/>\n<strong><span style=\"color: #03539e;\"><span style=\"color: #000000;\">CLOSING Keynote lecture<br \/>\n<\/span><em>Chair: Pedro N. Barri (Spain)<\/em><br \/>\n<\/span><\/strong><em><span style=\"color: #03539e;\">Anna Veiga (Spain)<\/span><\/em><\/p>\n<\/div>\n<\/div>\n","protected":false},"excerpt":{"rendered":"<p>Program<\/p>\n","protected":false},"author":1,"featured_media":55,"parent":0,"menu_order":0,"comment_status":"closed","ping_status":"closed","template":"","meta":{"footnotes":""},"class_list":["post-291","page","type-page","status-publish","has-post-thumbnail","hentry"],"_links":{"self":[{"href":"https:\/\/www.dexeusfoundation.org\/forum\/index.php\/wp-json\/wp\/v2\/pages\/291","targetHints":{"allow":["GET"]}}],"collection":[{"href":"https:\/\/www.dexeusfoundation.org\/forum\/index.php\/wp-json\/wp\/v2\/pages"}],"about":[{"href":"https:\/\/www.dexeusfoundation.org\/forum\/index.php\/wp-json\/wp\/v2\/types\/page"}],"author":[{"embeddable":true,"href":"https:\/\/www.dexeusfoundation.org\/forum\/index.php\/wp-json\/wp\/v2\/users\/1"}],"replies":[{"embeddable":true,"href":"https:\/\/www.dexeusfoundation.org\/forum\/index.php\/wp-json\/wp\/v2\/comments?post=291"}],"version-history":[{"count":177,"href":"https:\/\/www.dexeusfoundation.org\/forum\/index.php\/wp-json\/wp\/v2\/pages\/291\/revisions"}],"predecessor-version":[{"id":4454,"href":"https:\/\/www.dexeusfoundation.org\/forum\/index.php\/wp-json\/wp\/v2\/pages\/291\/revisions\/4454"}],"wp:featuredmedia":[{"embeddable":true,"href":"https:\/\/www.dexeusfoundation.org\/forum\/index.php\/wp-json\/wp\/v2\/media\/55"}],"wp:attachment":[{"href":"https:\/\/www.dexeusfoundation.org\/forum\/index.php\/wp-json\/wp\/v2\/media?parent=291"}],"curies":[{"name":"wp","href":"https:\/\/api.w.org\/{rel}","templated":true}]}}